{"id":13116,"date":"2021-12-29T12:28:59","date_gmt":"2021-12-29T12:28:59","guid":{"rendered":"https:\/\/dynnox.com\/portfolio-dynnox-xl36\/"},"modified":"2024-03-23T12:00:15","modified_gmt":"2024-03-23T12:00:15","slug":"portfolio-dynnox-xl36","status":"publish","type":"page","link":"https:\/\/dynnox.com\/de\/portfolio-dynnox-xl36\/","title":{"rendered":"Portfolio Dynnox XL36"},"content":{"rendered":"<p><div class=\"fusion-fullwidth fullwidth-box fusion-builder-row-1 fusion-flex-container has-pattern-background has-mask-background nonhundred-percent-fullwidth non-hundred-percent-height-scrolling\" style=\"--awb-border-radius-top-left:0px;--awb-border-radius-top-right:0px;--awb-border-radius-bottom-right:0px;--awb-border-radius-bottom-left:0px;--awb-flex-wrap:wrap;\" ><div class=\"fusion-builder-row fusion-row fusion-flex-align-items-flex-start fusion-flex-content-wrap\" style=\"max-width:1456px;margin-left: calc(-4% \/ 2 );margin-right: calc(-4% \/ 2 );\"><div class=\"fusion-layout-column fusion_builder_column fusion-builder-column-0 fusion_builder_column_1_1 1_1 fusion-flex-column\" style=\"--awb-bg-size:cover;--awb-width-large:100%;--awb-margin-top-large:-20px;--awb-spacing-right-large:1.92%;--awb-margin-bottom-large:20px;--awb-spacing-left-large:1.92%;--awb-width-medium:100%;--awb-order-medium:0;--awb-spacing-right-medium:1.92%;--awb-spacing-left-medium:1.92%;--awb-width-small:100%;--awb-order-small:0;--awb-spacing-right-small:1.92%;--awb-spacing-left-small:1.92%;\"><div class=\"fusion-column-wrapper fusion-column-has-shadow fusion-flex-justify-content-flex-start fusion-content-layout-column\"><nav class=\"fusion-breadcrumbs awb-yoast-breadcrumbs fusion-breadcrumbs-1\" style=\"--awb-margin-top:-20px;--awb-margin-bottom:-20px;--awb-breadcrumb-sep:&#039;\/&#039;;\" aria-label=\"Breadcrumb\"><span><span><a href=\"https:\/\/dynnox.com\/de\/\">Home<\/a><\/span><\/span><\/nav><\/div><\/div><\/div><\/div>\n<div class=\"fusion-fullwidth fullwidth-box fusion-builder-row-2 fusion-flex-container nonhundred-percent-fullwidth non-hundred-percent-height-scrolling\" style=\"--awb-border-radius-top-left:0px;--awb-border-radius-top-right:0px;--awb-border-radius-bottom-right:0px;--awb-border-radius-bottom-left:0px;--awb-flex-wrap:wrap;\" ><div class=\"fusion-builder-row fusion-row fusion-flex-align-items-flex-start fusion-flex-content-wrap\" style=\"max-width:1456px;margin-left: calc(-4% \/ 2 );margin-right: calc(-4% \/ 2 );\"><div class=\"fusion-layout-column fusion_builder_column fusion-builder-column-1 fusion_builder_column_1_1 1_1 fusion-flex-column\" style=\"--awb-bg-size:cover;--awb-width-large:100%;--awb-margin-top-large:0px;--awb-spacing-right-large:1.92%;--awb-margin-bottom-large:20px;--awb-spacing-left-large:1.92%;--awb-width-medium:100%;--awb-order-medium:0;--awb-spacing-right-medium:1.92%;--awb-spacing-left-medium:1.92%;--awb-width-small:100%;--awb-order-small:0;--awb-spacing-right-small:1.92%;--awb-spacing-left-small:1.92%;\"><div class=\"fusion-column-wrapper fusion-column-has-shadow fusion-flex-justify-content-flex-start fusion-content-layout-column\"><div class=\"fusion-text fusion-text-1\"><h1>Portfolio Dynnox XL36<\/h1>\n<\/div><style type=\"text\/css\">.fusion-portfolio-wrapper#fusion-portfolio-1 .fusion-portfolio-content{ padding: 25px 0px 25px 0px; text-align: left; }<\/style><div class=\"fusion-recent-works fusion-portfolio-element fusion-portfolio fusion-portfolio-1 fusion-portfolio-grid fusion-portfolio-paging-pagination fusion-portfolio-four fusion-portfolio-boxed fusion-portfolio-text fusion-portfolio-equal-heights fusion-portfolio-rollover\" data-id=\"-rw-1\" data-columns=\"four\"><div><ul class=\"fusion-filters\" role=\"menu\" aria-label=\"Portfolio Filters\"><li role=\"presentation\" class=\"fusion-filter fusion-hidden fusion-active\"><a href=\"#\" data-filter=\".dynnox-xl36-de\" role=\"menuitem\">Dynnox XL36<\/a><\/li><\/ul><\/div><style type=\"text\/css\">.fusion-portfolio-1 .fusion-portfolio-wrapper .fusion-col-spacing{padding:15px;}<\/style><div class=\"fusion-portfolio-wrapper\" id=\"fusion-portfolio-1\" data-picturesize=\"fixed\" data-pages=\"1\" style=\"margin:-15px;\"><article id=\"portfolio-1-post-14208\" class=\"fusion-portfolio-post dynnox-xl36-de fusion-col-spacing post-14208\"><div class=\"fusion-portfolio-content-wrapper\" style=\"border:none;background-color:rgba(255,255,255,0);\"><span class=\"vcard rich-snippet-hidden\"><span class=\"fn\"><a href=\"https:\/\/dynnox.com\/de\/author\/admin\/\" title=\"Beitr\u00e4ge von Fred\" rel=\"author\">Fred<\/a><\/span><\/span><span class=\"updated rich-snippet-hidden\">2024-04-08T17:38:46+00:00<\/span><div  class=\"fusion-image-wrapper fusion-image-size-fixed\" aria-haspopup=\"true\">\n\t\t\t\t<img decoding=\"async\" width=\"300\" height=\"214\" src=\"https:\/\/dynnox.com\/wp-content\/uploads\/2022\/01\/Workmo_Sortimo_5-300x214.jpeg\" class=\"attachment-portfolio-three size-portfolio-three wp-post-image\" alt=\"\" \/><div class=\"fusion-rollover\">\n\t<div class=\"fusion-rollover-content\">\n\n\t\t\t\t\n\t\t\n\t\t\t\t\t\t\t\t\t\t\t\t<h4 class=\"fusion-rollover-title\">\n\t\t\t\t\t<a class=\"fusion-rollover-title-link\" href=\"https:\/\/dynnox.com\/de\/portfolio-items\/sortimo-workmo-auf-dynnox\/?portfolioCats=524\">\n\t\t\t\t\t\tSORTIMO WORKMO auf DYNNOX\t\t\t\t\t<\/a>\n\t\t\t\t<\/h4>\n\t\t\t\n\t\t\t\t\t\t\t\t\t\t<div class=\"fusion-rollover-categories\"><a href=\"https:\/\/dynnox.com\/de\/portfolio_category\/dynnox-xl36-de\/\" rel=\"tag\">Dynnox XL36<\/a><\/div>\t\t\t\t\t\n\t\t\n\t\t\t\t\t\t<a class=\"fusion-link-wrapper\" href=\"https:\/\/dynnox.com\/de\/portfolio-items\/sortimo-workmo-auf-dynnox\/?portfolioCats=524\" aria-label=\"SORTIMO WORKMO auf DYNNOX\"><\/a>\n\t<\/div>\n<\/div>\n<\/div>\n<div class=\"fusion-portfolio-content\" style=\"background-color:rgba(255,255,255,0);\"><h2 class=\"entry-title fusion-post-title\"><a href=\"https:\/\/dynnox.com\/de\/portfolio-items\/sortimo-workmo-auf-dynnox\/?portfolioCats=524\">SORTIMO WORKMO auf DYNNOX<\/a><\/h2><div class=\"fusion-portfolio-meta\"><a href=\"https:\/\/dynnox.com\/de\/portfolio_category\/dynnox-xl36-de\/\" rel=\"tag\">Dynnox XL36<\/a><\/div><div class=\"fusion-content-sep sep-single sep-solid\" style=\"border-color:#e2e2e2;\"><\/div><div class=\"fusion-post-content\"><p> SORTIMO WORKMO auf DYNNOX Das System von\u00a0Sortimo Workmo\u00a0kann auf vielf\u00e4ltige Weise mit Dynnox kombiniert werden. Hier mit dem\u00a0XL36.      [...]<\/p><\/div><\/div><\/div><\/article><article id=\"portfolio-1-post-14180\" class=\"fusion-portfolio-post dynnox-xl36-de fusion-col-spacing post-14180\"><div class=\"fusion-portfolio-content-wrapper\" style=\"border:none;background-color:rgba(255,255,255,0);\"><span class=\"vcard rich-snippet-hidden\"><span class=\"fn\"><a href=\"https:\/\/dynnox.com\/de\/author\/admin\/\" title=\"Beitr\u00e4ge von Fred\" rel=\"author\">Fred<\/a><\/span><\/span><span class=\"updated rich-snippet-hidden\">2024-04-08T17:38:45+00:00<\/span><div  class=\"fusion-image-wrapper fusion-image-size-fixed\" aria-haspopup=\"true\">\n\t\t\t\t<img decoding=\"async\" width=\"300\" height=\"214\" src=\"https:\/\/dynnox.com\/wp-content\/uploads\/2022\/01\/sortimo-workmo-xl36-1-300x214.jpeg\" class=\"attachment-portfolio-three size-portfolio-three wp-post-image\" alt=\"\" \/><div class=\"fusion-rollover\">\n\t<div class=\"fusion-rollover-content\">\n\n\t\t\t\t\n\t\t\n\t\t\t\t\t\t\t\t\t\t\t\t<h4 class=\"fusion-rollover-title\">\n\t\t\t\t\t<a class=\"fusion-rollover-title-link\" href=\"https:\/\/dynnox.com\/de\/portfolio-items\/sortimo-und-dynnox-xl36\/?portfolioCats=524\">\n\t\t\t\t\t\tSORTIMO und DYNNOX XL36\t\t\t\t\t<\/a>\n\t\t\t\t<\/h4>\n\t\t\t\n\t\t\t\t\t\t\t\t\t\t<div class=\"fusion-rollover-categories\"><a href=\"https:\/\/dynnox.com\/de\/portfolio_category\/dynnox-xl36-de\/\" rel=\"tag\">Dynnox XL36<\/a><\/div>\t\t\t\t\t\n\t\t\n\t\t\t\t\t\t<a class=\"fusion-link-wrapper\" href=\"https:\/\/dynnox.com\/de\/portfolio-items\/sortimo-und-dynnox-xl36\/?portfolioCats=524\" aria-label=\"SORTIMO und DYNNOX XL36\"><\/a>\n\t<\/div>\n<\/div>\n<\/div>\n<div class=\"fusion-portfolio-content\" style=\"background-color:rgba(255,255,255,0);\"><h2 class=\"entry-title fusion-post-title\"><a href=\"https:\/\/dynnox.com\/de\/portfolio-items\/sortimo-und-dynnox-xl36\/?portfolioCats=524\">SORTIMO und DYNNOX XL36<\/a><\/h2><div class=\"fusion-portfolio-meta\"><a href=\"https:\/\/dynnox.com\/de\/portfolio_category\/dynnox-xl36-de\/\" rel=\"tag\">Dynnox XL36<\/a><\/div><div class=\"fusion-content-sep sep-single sep-solid\" style=\"border-color:#e2e2e2;\"><\/div><div class=\"fusion-post-content\"><p> SORTIMO und DYNNOX XL36 Auch auf dem schmalsten Dynnox, dem\u00a0XL36, bietet Sortimo\u00a0viele M\u00f6glichkeiten.        <\/p><\/div><\/div><\/div><\/article><article id=\"portfolio-1-post-14232\" class=\"fusion-portfolio-post dynnox-xl36-de fusion-col-spacing post-14232\"><div class=\"fusion-portfolio-content-wrapper\" style=\"border:none;background-color:rgba(255,255,255,0);\"><span class=\"vcard rich-snippet-hidden\"><span class=\"fn\"><a href=\"https:\/\/dynnox.com\/de\/author\/admin\/\" title=\"Beitr\u00e4ge von Fred\" rel=\"author\">Fred<\/a><\/span><\/span><span class=\"updated rich-snippet-hidden\">2024-04-08T17:38:45+00:00<\/span><div  class=\"fusion-image-wrapper fusion-image-size-fixed\" aria-haspopup=\"true\">\n\t\t\t\t<img decoding=\"async\" width=\"300\" height=\"214\" src=\"https:\/\/dynnox.com\/wp-content\/uploads\/2022\/01\/9989db7d-b18b-44c9-8e28-45f00ef84c84-300x214.jpeg\" class=\"attachment-portfolio-three size-portfolio-three wp-post-image\" alt=\"\" \/><div class=\"fusion-rollover\">\n\t<div class=\"fusion-rollover-content\">\n\n\t\t\t\t\n\t\t\n\t\t\t\t\t\t\t\t\t\t\t\t<h4 class=\"fusion-rollover-title\">\n\t\t\t\t\t<a class=\"fusion-rollover-title-link\" href=\"https:\/\/dynnox.com\/de\/portfolio-items\/dynnox-in-der-lebensmittelindustrie\/?portfolioCats=524\">\n\t\t\t\t\t\tDynnox in der Lebensmittelindustrie\t\t\t\t\t<\/a>\n\t\t\t\t<\/h4>\n\t\t\t\n\t\t\t\t\t\t\t\t\t\t<div class=\"fusion-rollover-categories\"><a href=\"https:\/\/dynnox.com\/de\/portfolio_category\/dynnox-xl36-de\/\" rel=\"tag\">Dynnox XL36<\/a><\/div>\t\t\t\t\t\n\t\t\n\t\t\t\t\t\t<a class=\"fusion-link-wrapper\" href=\"https:\/\/dynnox.com\/de\/portfolio-items\/dynnox-in-der-lebensmittelindustrie\/?portfolioCats=524\" aria-label=\"Dynnox in der Lebensmittelindustrie\"><\/a>\n\t<\/div>\n<\/div>\n<\/div>\n<div class=\"fusion-portfolio-content\" style=\"background-color:rgba(255,255,255,0);\"><h2 class=\"entry-title fusion-post-title\"><a href=\"https:\/\/dynnox.com\/de\/portfolio-items\/dynnox-in-der-lebensmittelindustrie\/?portfolioCats=524\">Dynnox in der Lebensmittelindustrie<\/a><\/h2><div class=\"fusion-portfolio-meta\"><a href=\"https:\/\/dynnox.com\/de\/portfolio_category\/dynnox-xl36-de\/\" rel=\"tag\">Dynnox XL36<\/a><\/div><div class=\"fusion-content-sep sep-single sep-solid\" style=\"border-color:#e2e2e2;\"><\/div><div class=\"fusion-post-content\"><p> Dynnox in der Lebensmittelindustrie Auch in der Lebensmittelindustrie bietet Dynnox gro\u00dfen Mehrwert. Auf dieser Arbeitseinheit k\u00f6nnen verschiedene Lebensmittelbeh\u00e4lter untergebracht werden, wodurch die Lebensmittelausgabe [...]<\/p><\/div><\/div><\/div><\/article><article id=\"portfolio-1-post-14284\" class=\"fusion-portfolio-post dynnox-xl36-de fusion-col-spacing post-14284\"><div class=\"fusion-portfolio-content-wrapper\" style=\"border:none;background-color:rgba(255,255,255,0);\"><span class=\"vcard rich-snippet-hidden\"><span class=\"fn\"><a href=\"https:\/\/dynnox.com\/de\/author\/admin\/\" title=\"Beitr\u00e4ge von Fred\" rel=\"author\">Fred<\/a><\/span><\/span><span class=\"updated rich-snippet-hidden\">2024-04-08T17:40:32+00:00<\/span><div  class=\"fusion-image-wrapper fusion-image-size-fixed\" aria-haspopup=\"true\">\n\t\t\t\t<img decoding=\"async\" width=\"300\" height=\"214\" src=\"https:\/\/dynnox.com\/wp-content\/uploads\/2021\/12\/Dynnox-BLR-Bimon-3-300x214.jpeg\" class=\"attachment-portfolio-three size-portfolio-three wp-post-image\" alt=\"\" \/><div class=\"fusion-rollover\">\n\t<div class=\"fusion-rollover-content\">\n\n\t\t\t\t\n\t\t\n\t\t\t\t\t\t\t\t\t\t\t\t<h4 class=\"fusion-rollover-title\">\n\t\t\t\t\t<a class=\"fusion-rollover-title-link\" href=\"https:\/\/dynnox.com\/de\/portfolio-items\/blr-bimon-klimaatbeheersing\/?portfolioCats=524\">\n\t\t\t\t\t\tBLR BIMON KLIMAATBEHEERSING\t\t\t\t\t<\/a>\n\t\t\t\t<\/h4>\n\t\t\t\n\t\t\t\t\t\t\t\t\t\t<div class=\"fusion-rollover-categories\"><a href=\"https:\/\/dynnox.com\/de\/portfolio_category\/dynnox-xl36-de\/\" rel=\"tag\">Dynnox XL36<\/a><\/div>\t\t\t\t\t\n\t\t\n\t\t\t\t\t\t<a class=\"fusion-link-wrapper\" href=\"https:\/\/dynnox.com\/de\/portfolio-items\/blr-bimon-klimaatbeheersing\/?portfolioCats=524\" aria-label=\"BLR BIMON KLIMAATBEHEERSING\"><\/a>\n\t<\/div>\n<\/div>\n<\/div>\n<div class=\"fusion-portfolio-content\" style=\"background-color:rgba(255,255,255,0);\"><h2 class=\"entry-title fusion-post-title\"><a href=\"https:\/\/dynnox.com\/de\/portfolio-items\/blr-bimon-klimaatbeheersing\/?portfolioCats=524\">BLR BIMON KLIMAATBEHEERSING<\/a><\/h2><div class=\"fusion-portfolio-meta\"><a href=\"https:\/\/dynnox.com\/de\/portfolio_category\/dynnox-xl36-de\/\" rel=\"tag\">Dynnox XL36<\/a><\/div><div class=\"fusion-content-sep sep-single sep-solid\" style=\"border-color:#e2e2e2;\"><\/div><div class=\"fusion-post-content\"><p> BLR BIMON KLIMAATBEHEERSING Unl\u00e4ngst baute\u00a0Carrosserie Bakker\u00a0den 25. Dynnox in die Busse von\u00a0BLR Bimonein! BLR Bimon ist Fachbetrieb f\u00fcr Komplettinstallationen im Bereich der Klimatechnik [...]<\/p><\/div><\/div><\/div><\/article><\/div><\/div><\/div><\/div><\/div><\/div><div class=\"fusion-fullwidth fullwidth-box fusion-builder-row-3 fusion-flex-container has-pattern-background has-mask-background nonhundred-percent-fullwidth non-hundred-percent-height-scrolling fusion-no-small-visibility\" style=\"--awb-border-radius-top-left:0px;--awb-border-radius-top-right:0px;--awb-border-radius-bottom-right:0px;--awb-border-radius-bottom-left:0px;--awb-flex-wrap:wrap;\" ><div class=\"fusion-builder-row fusion-row fusion-flex-align-items-flex-start fusion-flex-content-wrap\" style=\"max-width:1456px;margin-left: calc(-4% \/ 2 );margin-right: calc(-4% \/ 2 );\"><div class=\"fusion-layout-column fusion_builder_column fusion-builder-column-2 fusion_builder_column_3_4 3_4 fusion-flex-column fusion-no-small-visibility\" style=\"--awb-padding-top:0.40px;--awb-bg-size:cover;--awb-width-large:75%;--awb-margin-top-large:0px;--awb-spacing-right-large:2.56%;--awb-margin-bottom-large:20px;--awb-spacing-left-large:2.56%;--awb-width-medium:75%;--awb-order-medium:0;--awb-spacing-right-medium:2.56%;--awb-spacing-left-medium:2.56%;--awb-width-small:100%;--awb-order-small:0;--awb-spacing-right-small:1.92%;--awb-spacing-left-small:1.92%;\" data-scroll-devices=\"small-visibility,medium-visibility,large-visibility\"><div class=\"fusion-column-wrapper fusion-column-has-shadow fusion-flex-justify-content-flex-start fusion-content-layout-column\"><div class=\"fusion-text fusion-text-2\" style=\"--awb-text-transform:none;--awb-margin-top:6px;\"><h2><strong>Mehr \u00fcber Dynnox ?<\/strong><\/h2>\n<p>W\u00fcnschen Sie weitere Informationen \u00fcber das Transportsystem von Dynnox? Nehmen Sie&nbsp;<strong><a href=\"https:\/\/dynnox.com\/de\/contact\/\">Kontakt<\/a><\/strong>&nbsp;mit uns oder einem unserer&nbsp;<a href=\"https:\/\/dynnox.com\/de\/dealer-locaties\/\"><strong>Vertragsh\u00e4ndler<\/strong><\/a>&nbsp;im In- und Ausland auf. Wir zeigen Ihnen gerne alle M\u00f6glichkeiten unserer mobilen Fahrzeugeinrichtung!<\/p>\n<p>Zudem ist Dynnox immer auf der Suche nach neuen Partnern, damit wir unseren Kunden noch mehr M\u00f6glichkeiten f\u00fcr geeignete Fahrzeugeinrichtungen bieten k\u00f6nnen. Sehen Sie M\u00f6glichkeiten? Setzen Sie sich mit uns in Verbindung!<\/p>\n<\/div><\/div><\/div><div class=\"fusion-layout-column fusion_builder_column fusion-builder-column-3 fusion_builder_column_1_4 1_4 fusion-flex-column fusion-no-small-visibility\" style=\"--awb-bg-size:cover;--awb-width-large:25%;--awb-margin-top-large:0px;--awb-spacing-right-large:7.68%;--awb-margin-bottom-large:20px;--awb-spacing-left-large:02px;--awb-width-medium:25%;--awb-order-medium:0;--awb-spacing-right-medium:7.68%;--awb-spacing-left-medium:02px;--awb-width-small:100%;--awb-order-small:0;--awb-spacing-right-small:1.92%;--awb-spacing-left-small:1.92%;\" data-scroll-devices=\"small-visibility,medium-visibility,large-visibility\"><div class=\"fusion-column-wrapper fusion-column-has-shadow fusion-flex-justify-content-flex-start fusion-content-layout-column\"><div class=\"fusion-text fusion-text-3\"><p>&nbsp; &nbsp;&nbsp;<\/p>\n<\/div><ul style=\"--awb-item-padding-top:-10px;--awb-item-padding-bottom:0px;--awb-item-padding-left:20px;--awb-iconcolor:#84bf41;--awb-textcolor:var(--awb-custom16);--awb-line-height:30.6px;--awb-icon-width:30.6px;--awb-icon-height:30.6px;--awb-icon-margin:12.6px;--awb-content-margin:43.2px;--awb-circlecolor:var(--awb-color1);--awb-circle-yes-font-size:15.84px;\" class=\"fusion-checklist fusion-checklist-1 type-icons\"><li class=\"fusion-li-item\" style=\"\"><span class=\"icon-wrapper circle-yes\"><i class=\"fusion-li-icon fa-check fas\" aria-hidden=\"true\"><\/i><\/span><div class=\"fusion-li-item-content\">\n<p>Komplette mobile Arbeitseinheit<\/p>\n<\/div><\/li><li class=\"fusion-li-item\" style=\"\"><span class=\"icon-wrapper circle-yes\"><i class=\"fusion-li-icon fa-check fas\" aria-hidden=\"true\"><\/i><\/span><div class=\"fusion-li-item-content\">\n<p>Zusammenklappbar<\/p>\n<\/div><\/li><li class=\"fusion-li-item\" style=\"\"><span class=\"icon-wrapper circle-yes\"><i class=\"fusion-li-icon fa-check fas\" aria-hidden=\"true\"><\/i><\/span><div class=\"fusion-li-item-content\">\n<p>Modul nach Bedarf<\/p>\n<\/div><\/li><li class=\"fusion-li-item\" style=\"\"><span class=\"icon-wrapper circle-yes\"><i class=\"fusion-li-icon fa-check fas\" aria-hidden=\"true\"><\/i><\/span><div class=\"fusion-li-item-content\">\n<p>Gutes Preis-Leistungs-Verh\u00e4ltnis<\/p>\n<\/div><\/li><\/ul><\/div><\/div><\/div><\/div>\n<div class=\"fusion-fullwidth fullwidth-box fusion-builder-row-4 fusion-flex-container has-pattern-background has-mask-background nonhundred-percent-fullwidth non-hundred-percent-height-scrolling\" style=\"--awb-border-radius-top-left:0px;--awb-border-radius-top-right:0px;--awb-border-radius-bottom-right:0px;--awb-border-radius-bottom-left:0px;--awb-flex-wrap:wrap;\" ><div class=\"fusion-builder-row fusion-row fusion-flex-align-items-flex-start fusion-flex-content-wrap\" style=\"max-width:1456px;margin-left: calc(-4% \/ 2 );margin-right: calc(-4% \/ 2 );\"><div class=\"fusion-layout-column fusion_builder_column fusion-builder-column-4 fusion_builder_column_1_1 1_1 fusion-flex-column\" style=\"--awb-bg-size:cover;--awb-width-large:100%;--awb-margin-top-large:-20px;--awb-spacing-right-large:1.92%;--awb-margin-bottom-large:20px;--awb-spacing-left-large:1.92%;--awb-width-medium:100%;--awb-order-medium:0;--awb-spacing-right-medium:1.92%;--awb-spacing-left-medium:1.92%;--awb-width-small:100%;--awb-order-small:0;--awb-spacing-right-small:1.92%;--awb-spacing-left-small:1.92%;\"><div class=\"fusion-column-wrapper fusion-column-has-shadow fusion-flex-justify-content-flex-start fusion-content-layout-column\"><nav class=\"fusion-breadcrumbs awb-yoast-breadcrumbs fusion-breadcrumbs-2\" style=\"--awb-margin-top:-20px;--awb-margin-bottom:-20px;--awb-breadcrumb-sep:&#039;\/&#039;;\" aria-label=\"Breadcrumb\"><span><span><a href=\"https:\/\/dynnox.com\/de\/\">Home<\/a><\/span><\/span><\/nav><\/div><\/div><\/div><\/div>\n<\/p>\n","protected":false},"excerpt":{"rendered":"","protected":false},"author":1,"featured_media":0,"parent":0,"menu_order":0,"comment_status":"closed","ping_status":"closed","template":"","meta":{"ngg_post_thumbnail":0,"footnotes":""},"class_list":["post-13116","page","type-page","status-publish","hentry"],"yoast_head":"<!-- This site is optimized with the Yoast SEO plugin v27.4 - https:\/\/yoast.com\/product\/yoast-seo-wordpress\/ -->\n<title>Portfolio Dynnox XL36 - Dynnox<\/title>\n<meta name=\"robots\" content=\"index, follow, max-snippet:-1, max-image-preview:large, max-video-preview:-1\" \/>\n<link rel=\"canonical\" href=\"https:\/\/dynnox.com\/de\/portfolio-dynnox-xl36\/\" \/>\n<meta property=\"og:locale\" content=\"de_DE\" \/>\n<meta property=\"og:type\" content=\"article\" \/>\n<meta property=\"og:title\" content=\"Portfolio Dynnox XL36 - Dynnox\" \/>\n<meta property=\"og:url\" content=\"https:\/\/dynnox.com\/de\/portfolio-dynnox-xl36\/\" \/>\n<meta property=\"og:site_name\" content=\"Dynnox\" \/>\n<meta property=\"article:publisher\" content=\"https:\/\/facebook.com\/dynnox\" \/>\n<meta property=\"article:modified_time\" content=\"2024-03-23T12:00:15+00:00\" \/>\n<meta name=\"twitter:card\" content=\"summary_large_image\" \/>\n<meta name=\"twitter:site\" content=\"@dynnox\" \/>\n<meta name=\"twitter:label1\" content=\"Gesch\u00e4tzte Lesezeit\" \/>\n\t<meta name=\"twitter:data1\" content=\"4\u00a0Minuten\" \/>\n<script type=\"application\/ld+json\" class=\"yoast-schema-graph\">{\"@context\":\"https:\\\/\\\/schema.org\",\"@graph\":[{\"@type\":\"WebPage\",\"@id\":\"https:\\\/\\\/dynnox.com\\\/de\\\/portfolio-dynnox-xl36\\\/\",\"url\":\"https:\\\/\\\/dynnox.com\\\/de\\\/portfolio-dynnox-xl36\\\/\",\"name\":\"Portfolio Dynnox XL36 - Dynnox\",\"isPartOf\":{\"@id\":\"https:\\\/\\\/dynnox.com\\\/de\\\/#website\"},\"datePublished\":\"2021-12-29T12:28:59+00:00\",\"dateModified\":\"2024-03-23T12:00:15+00:00\",\"breadcrumb\":{\"@id\":\"https:\\\/\\\/dynnox.com\\\/de\\\/portfolio-dynnox-xl36\\\/#breadcrumb\"},\"inLanguage\":\"de\",\"potentialAction\":[{\"@type\":\"ReadAction\",\"target\":[\"https:\\\/\\\/dynnox.com\\\/de\\\/portfolio-dynnox-xl36\\\/\"]}]},{\"@type\":\"BreadcrumbList\",\"@id\":\"https:\\\/\\\/dynnox.com\\\/de\\\/portfolio-dynnox-xl36\\\/#breadcrumb\",\"itemListElement\":[{\"@type\":\"ListItem\",\"position\":1,\"name\":\"Home\",\"item\":\"https:\\\/\\\/dynnox.com\\\/de\\\/\"},{\"@type\":\"ListItem\",\"position\":2,\"name\":\"Portfolio Dynnox XL36\"}]},{\"@type\":\"WebSite\",\"@id\":\"https:\\\/\\\/dynnox.com\\\/de\\\/#website\",\"url\":\"https:\\\/\\\/dynnox.com\\\/de\\\/\",\"name\":\"Dynnox\",\"description\":\"smart trolley, easy (un)loading\",\"publisher\":{\"@id\":\"https:\\\/\\\/dynnox.com\\\/de\\\/#organization\"},\"potentialAction\":[{\"@type\":\"SearchAction\",\"target\":{\"@type\":\"EntryPoint\",\"urlTemplate\":\"https:\\\/\\\/dynnox.com\\\/de\\\/?s={search_term_string}\"},\"query-input\":{\"@type\":\"PropertyValueSpecification\",\"valueRequired\":true,\"valueName\":\"search_term_string\"}}],\"inLanguage\":\"de\"},{\"@type\":\"Organization\",\"@id\":\"https:\\\/\\\/dynnox.com\\\/de\\\/#organization\",\"name\":\"Dynnox\",\"url\":\"https:\\\/\\\/dynnox.com\\\/de\\\/\",\"logo\":{\"@type\":\"ImageObject\",\"inLanguage\":\"de\",\"@id\":\"https:\\\/\\\/dynnox.com\\\/de\\\/#\\\/schema\\\/logo\\\/image\\\/\",\"url\":\"http:\\\/\\\/dynnox.com\\\/wp-content\\\/uploads\\\/2022\\\/01\\\/dynnox_logo_witte_achtergrond.png\",\"contentUrl\":\"http:\\\/\\\/dynnox.com\\\/wp-content\\\/uploads\\\/2022\\\/01\\\/dynnox_logo_witte_achtergrond.png\",\"width\":1077,\"height\":183,\"caption\":\"Dynnox\"},\"image\":{\"@id\":\"https:\\\/\\\/dynnox.com\\\/de\\\/#\\\/schema\\\/logo\\\/image\\\/\"},\"sameAs\":[\"https:\\\/\\\/facebook.com\\\/dynnox\",\"https:\\\/\\\/x.com\\\/dynnox\",\"https:\\\/\\\/www.linkedin.com\\\/company\\\/dynnox\\\/\",\"https:\\\/\\\/www.youtube.com\\\/channel\\\/UCtQYDhnSicXD2jFkBsLzblg\"]}]}<\/script>\n<!-- \/ Yoast SEO plugin. -->","yoast_head_json":{"title":"Portfolio Dynnox XL36 - Dynnox","robots":{"index":"index","follow":"follow","max-snippet":"max-snippet:-1","max-image-preview":"max-image-preview:large","max-video-preview":"max-video-preview:-1"},"canonical":"https:\/\/dynnox.com\/de\/portfolio-dynnox-xl36\/","og_locale":"de_DE","og_type":"article","og_title":"Portfolio Dynnox XL36 - Dynnox","og_url":"https:\/\/dynnox.com\/de\/portfolio-dynnox-xl36\/","og_site_name":"Dynnox","article_publisher":"https:\/\/facebook.com\/dynnox","article_modified_time":"2024-03-23T12:00:15+00:00","twitter_card":"summary_large_image","twitter_site":"@dynnox","twitter_misc":{"Gesch\u00e4tzte Lesezeit":"4\u00a0Minuten"},"schema":{"@context":"https:\/\/schema.org","@graph":[{"@type":"WebPage","@id":"https:\/\/dynnox.com\/de\/portfolio-dynnox-xl36\/","url":"https:\/\/dynnox.com\/de\/portfolio-dynnox-xl36\/","name":"Portfolio Dynnox XL36 - Dynnox","isPartOf":{"@id":"https:\/\/dynnox.com\/de\/#website"},"datePublished":"2021-12-29T12:28:59+00:00","dateModified":"2024-03-23T12:00:15+00:00","breadcrumb":{"@id":"https:\/\/dynnox.com\/de\/portfolio-dynnox-xl36\/#breadcrumb"},"inLanguage":"de","potentialAction":[{"@type":"ReadAction","target":["https:\/\/dynnox.com\/de\/portfolio-dynnox-xl36\/"]}]},{"@type":"BreadcrumbList","@id":"https:\/\/dynnox.com\/de\/portfolio-dynnox-xl36\/#breadcrumb","itemListElement":[{"@type":"ListItem","position":1,"name":"Home","item":"https:\/\/dynnox.com\/de\/"},{"@type":"ListItem","position":2,"name":"Portfolio Dynnox XL36"}]},{"@type":"WebSite","@id":"https:\/\/dynnox.com\/de\/#website","url":"https:\/\/dynnox.com\/de\/","name":"Dynnox","description":"smart trolley, easy (un)loading","publisher":{"@id":"https:\/\/dynnox.com\/de\/#organization"},"potentialAction":[{"@type":"SearchAction","target":{"@type":"EntryPoint","urlTemplate":"https:\/\/dynnox.com\/de\/?s={search_term_string}"},"query-input":{"@type":"PropertyValueSpecification","valueRequired":true,"valueName":"search_term_string"}}],"inLanguage":"de"},{"@type":"Organization","@id":"https:\/\/dynnox.com\/de\/#organization","name":"Dynnox","url":"https:\/\/dynnox.com\/de\/","logo":{"@type":"ImageObject","inLanguage":"de","@id":"https:\/\/dynnox.com\/de\/#\/schema\/logo\/image\/","url":"http:\/\/dynnox.com\/wp-content\/uploads\/2022\/01\/dynnox_logo_witte_achtergrond.png","contentUrl":"http:\/\/dynnox.com\/wp-content\/uploads\/2022\/01\/dynnox_logo_witte_achtergrond.png","width":1077,"height":183,"caption":"Dynnox"},"image":{"@id":"https:\/\/dynnox.com\/de\/#\/schema\/logo\/image\/"},"sameAs":["https:\/\/facebook.com\/dynnox","https:\/\/x.com\/dynnox","https:\/\/www.linkedin.com\/company\/dynnox\/","https:\/\/www.youtube.com\/channel\/UCtQYDhnSicXD2jFkBsLzblg"]}]}},"_links":{"self":[{"href":"https:\/\/dynnox.com\/de\/wp-json\/wp\/v2\/pages\/13116","targetHints":{"allow":["GET"]}}],"collection":[{"href":"https:\/\/dynnox.com\/de\/wp-json\/wp\/v2\/pages"}],"about":[{"href":"https:\/\/dynnox.com\/de\/wp-json\/wp\/v2\/types\/page"}],"author":[{"embeddable":true,"href":"https:\/\/dynnox.com\/de\/wp-json\/wp\/v2\/users\/1"}],"replies":[{"embeddable":true,"href":"https:\/\/dynnox.com\/de\/wp-json\/wp\/v2\/comments?post=13116"}],"version-history":[{"count":0,"href":"https:\/\/dynnox.com\/de\/wp-json\/wp\/v2\/pages\/13116\/revisions"}],"wp:attachment":[{"href":"https:\/\/dynnox.com\/de\/wp-json\/wp\/v2\/media?parent=13116"}],"curies":[{"name":"wp","href":"https:\/\/api.w.org\/{rel}","templated":true}]}}