{"id":12259,"date":"2022-01-18T10:37:20","date_gmt":"2022-01-18T10:37:20","guid":{"rendered":"https:\/\/dynnox.com\/product\/complete-dynnox-xl36\/"},"modified":"2024-08-17T07:59:12","modified_gmt":"2024-08-17T07:59:12","slug":"complete-dynnox-xl36","status":"publish","type":"product","link":"https:\/\/dynnox.com\/de\/product\/complete-dynnox-xl36\/","title":{"rendered":"Dynnox XL36 vollst\u00e4ndig"},"content":{"rendered":"<p>The complete XL36 is composed of the chassis L46 + the car interface + the wooden plate L46. With this you have everything you need for the Dynnox XL36.<\/p>\n<p>The mobile Dynnox transport system is available in three dimensions and can be used in all types of company vans. The XL36 is our narrowest model.<\/p>\n<p>The Dynnox XL36 forms the basis for every narrow mobile transport system in company vehicles. The undercarriage weighs only 80 kg and has a bearing capacity of no less than 250 kg! You can select one of our proven applications or design an installation module that perfectly matches your situation; the smart system keeps everything light and easily moveable.<\/p>\n<p>For this model a detachable auto interface is available. This allows flexible deployability of the Dynnox. This way you can use the Dynnox for project-based work, easily smooth out the load floor or take out the Dynnox in case of an exchange of company vehicles.<\/p>\n<p>Read more about the&nbsp;<a href=\"https:\/\/dynnox.nl\/de\/dynnox-xl36\/\" target=\"_blank\" rel=\"noopener noreferrer\">Dynnox XL36<\/a>&nbsp;or&nbsp;<a href=\"https:\/\/dynnox.nl\/de\/contact\/\" target=\"_blank\" rel=\"noopener noreferrer\">contact<\/a>&nbsp;us!<\/p>\n<h3>Dimensions<\/h3>\n<p>The Dynnox XL36 has a frame width of 360 mm. The detachable auto interface is structured around a wooden plate of at least 12 mm thickness. From 16 cm above the frame the installation module could be up to 20 cm wider.<\/p>\n","protected":false},"excerpt":{"rendered":"<p>Der komplette XL36 besteht aus dem Chassis L46 + der Autoschnittstelle + der Holzplatte L46. Damit haben Sie alles, was Sie f\u00fcr den Dynnox XL36 ben\u00f6tigen. Das mobile Dynnox Transportsystem ist in drei Dimensionen erh\u00e4ltlich und kann in allen Arten von Firmenfahrzeugen eingesetzt werden. Der XL36 ist unser schmalstes Modell.<\/p>\n","protected":false},"featured_media":10356,"template":"","meta":{"ngg_post_thumbnail":0},"product_brand":[],"product_cat":[398,449],"product_tag":[],"class_list":{"0":"post-12259","1":"product","2":"type-product","3":"status-publish","4":"has-post-thumbnail","6":"product_cat-dynnox-xl36-de","7":"product_cat-set-xl36-de","8":"product_shipping_class-pallet-verzending-de","10":"first","11":"instock","12":"taxable","13":"shipping-taxable","14":"purchasable","15":"product-type-composite"},"composite_virtual":false,"composite_layout":"single","composite_add_to_cart_form_location":"default","composite_editable_in_cart":false,"composite_sold_individually_context":"product","composite_shop_price_calc":"hidden","composite_components":[{"id":"1642502241","title":"- W\u00e4hlen Sie zwischen Standardr\u00e4dern oder Luftr\u00e4dern:","description":"","query_type":"product_ids","query_ids":[12394,12338],"default_option_id":"","thumbnail_id":"","thumbnail_src":"","quantity_min":1,"quantity_max":1,"priced_individually":true,"shipped_individually":false,"optional":false,"discount":"","options_style":"thumbnails","pagination_style":"classic","display_prices":"absolute","show_sorting_options":false,"show_filtering_options":false,"attribute_filter_ids":[],"select_action":"view","product_title_visible":false,"product_descr_visible":false,"product_price_visible":false,"product_thumb_visible":false,"subtotal_visible_product":true,"subtotal_visible_cart":true,"subtotal_visible_orders":true},{"id":"1643035047","title":"- W\u00e4hlen Sie die gew\u00fcnschten Reifen. Die Standardreifen sind immer (extra) enthalte:","description":"","query_type":"product_ids","query_ids":[16304,12514,12523,12525],"default_option_id":16304,"thumbnail_id":"","thumbnail_src":"","quantity_min":1,"quantity_max":1,"priced_individually":true,"shipped_individually":false,"optional":false,"discount":"","options_style":"dropdowns","pagination_style":"classic","display_prices":"absolute","show_sorting_options":false,"show_filtering_options":false,"attribute_filter_ids":[],"select_action":"view","product_title_visible":false,"product_descr_visible":false,"product_price_visible":false,"product_thumb_visible":false,"subtotal_visible_product":true,"subtotal_visible_cart":true,"subtotal_visible_orders":true},{"id":"1719861000","title":"- Option : Abnehmbare Autoschnittstelle","description":"","query_type":"product_ids","query_ids":[16351,12298],"default_option_id":16351,"thumbnail_id":"","thumbnail_src":"","quantity_min":1,"quantity_max":1,"priced_individually":true,"shipped_individually":false,"optional":false,"discount":"","options_style":"dropdowns","pagination_style":"classic","display_prices":"absolute","show_sorting_options":false,"show_filtering_options":false,"attribute_filter_ids":[],"select_action":"view","product_title_visible":false,"product_descr_visible":false,"product_price_visible":false,"product_thumb_visible":true,"subtotal_visible_product":true,"subtotal_visible_cart":true,"subtotal_visible_orders":true},{"id":"1719861001","title":"- Option: Zusammenbau, Einstellung des Mechanismus und Test","description":"","query_type":"product_ids","query_ids":[16230,12332],"default_option_id":16230,"thumbnail_id":"","thumbnail_src":"","quantity_min":1,"quantity_max":1,"priced_individually":true,"shipped_individually":false,"optional":false,"discount":"","options_style":"dropdowns","pagination_style":"classic","display_prices":"absolute","show_sorting_options":false,"show_filtering_options":false,"attribute_filter_ids":[],"select_action":"view","product_title_visible":false,"product_descr_visible":false,"product_price_visible":false,"product_thumb_visible":false,"subtotal_visible_product":true,"subtotal_visible_cart":true,"subtotal_visible_orders":true}],"composite_scenarios":[{"id":"1644386418","name":"Airwheels XL36","description":"","configuration":[{"component_id":"1642502241","options_modifier":"in","component_options":[12338]}],"actions":[{"action_id":"compat_group","is_active":false},{"action_id":"conditional_components","is_active":true,"hidden_components":["1643035047"]},{"action_id":"conditional_options","is_active":false,"hidden_options":[]}],"enabled":true}],"bundled_by":[],"bundle_stock_status":"instock","bundle_stock_quantity":null,"bundle_virtual":false,"bundle_layout":"","bundle_add_to_cart_form_location":"","bundle_editable_in_cart":false,"bundle_sold_individually_context":"","bundle_item_grouping":"","bundle_min_size":"","bundle_max_size":"","bundle_price":[],"bundled_items":[],"bundle_sell_ids":[],"yoast_head":"<!-- This site is optimized with the Yoast SEO plugin v27.3 - https:\/\/yoast.com\/product\/yoast-seo-wordpress\/ -->\n<title>Dynnox XL36 vollst\u00e4ndig - Dynnox<\/title>\n<meta name=\"robots\" content=\"index, follow, max-snippet:-1, max-image-preview:large, max-video-preview:-1\" \/>\n<link rel=\"canonical\" href=\"https:\/\/dynnox.com\/de\/product\/complete-dynnox-xl36\/\" \/>\n<meta property=\"og:locale\" content=\"de_DE\" \/>\n<meta property=\"og:type\" content=\"article\" \/>\n<meta property=\"og:title\" content=\"Dynnox XL36 vollst\u00e4ndig - Dynnox\" \/>\n<meta property=\"og:description\" content=\"Der komplette XL36 besteht aus dem Chassis L46 + der Autoschnittstelle + der Holzplatte L46. Damit haben Sie alles, was Sie f\u00fcr den Dynnox XL36 ben\u00f6tigen. Das mobile Dynnox Transportsystem ist in drei Dimensionen erh\u00e4ltlich und kann in allen Arten von Firmenfahrzeugen eingesetzt werden. Der XL36 ist unser schmalstes Modell.\" \/>\n<meta property=\"og:url\" content=\"https:\/\/dynnox.com\/de\/product\/complete-dynnox-xl36\/\" \/>\n<meta property=\"og:site_name\" content=\"Dynnox\" \/>\n<meta property=\"article:publisher\" content=\"https:\/\/facebook.com\/dynnox\" \/>\n<meta property=\"article:modified_time\" content=\"2024-08-17T07:59:12+00:00\" \/>\n<meta property=\"og:image\" content=\"https:\/\/dynnox.com\/wp-content\/uploads\/2022\/01\/Dynnox-XL36-compleet.jpg\" \/>\n\t<meta property=\"og:image:width\" content=\"1600\" \/>\n\t<meta property=\"og:image:height\" content=\"900\" \/>\n\t<meta property=\"og:image:type\" content=\"image\/jpeg\" \/>\n<meta name=\"twitter:card\" content=\"summary_large_image\" \/>\n<meta name=\"twitter:site\" content=\"@dynnox\" \/>\n<meta name=\"twitter:label1\" content=\"Gesch\u00e4tzte Lesezeit\" \/>\n\t<meta name=\"twitter:data1\" content=\"1\u00a0Minute\" \/>\n<script type=\"application\/ld+json\" class=\"yoast-schema-graph\">{\"@context\":\"https:\\\/\\\/schema.org\",\"@graph\":[{\"@type\":\"WebPage\",\"@id\":\"https:\\\/\\\/dynnox.com\\\/de\\\/product\\\/complete-dynnox-xl36\\\/\",\"url\":\"https:\\\/\\\/dynnox.com\\\/de\\\/product\\\/complete-dynnox-xl36\\\/\",\"name\":\"Dynnox XL36 vollst\u00e4ndig - Dynnox\",\"isPartOf\":{\"@id\":\"https:\\\/\\\/dynnox.com\\\/de\\\/#website\"},\"primaryImageOfPage\":{\"@id\":\"https:\\\/\\\/dynnox.com\\\/de\\\/product\\\/complete-dynnox-xl36\\\/#primaryimage\"},\"image\":{\"@id\":\"https:\\\/\\\/dynnox.com\\\/de\\\/product\\\/complete-dynnox-xl36\\\/#primaryimage\"},\"thumbnailUrl\":\"https:\\\/\\\/dynnox.com\\\/wp-content\\\/uploads\\\/2022\\\/01\\\/Dynnox-XL36-compleet.jpg\",\"datePublished\":\"2022-01-18T10:37:20+00:00\",\"dateModified\":\"2024-08-17T07:59:12+00:00\",\"breadcrumb\":{\"@id\":\"https:\\\/\\\/dynnox.com\\\/de\\\/product\\\/complete-dynnox-xl36\\\/#breadcrumb\"},\"inLanguage\":\"de\",\"potentialAction\":[{\"@type\":\"ReadAction\",\"target\":[\"https:\\\/\\\/dynnox.com\\\/de\\\/product\\\/complete-dynnox-xl36\\\/\"]}]},{\"@type\":\"ImageObject\",\"inLanguage\":\"de\",\"@id\":\"https:\\\/\\\/dynnox.com\\\/de\\\/product\\\/complete-dynnox-xl36\\\/#primaryimage\",\"url\":\"https:\\\/\\\/dynnox.com\\\/wp-content\\\/uploads\\\/2022\\\/01\\\/Dynnox-XL36-compleet.jpg\",\"contentUrl\":\"https:\\\/\\\/dynnox.com\\\/wp-content\\\/uploads\\\/2022\\\/01\\\/Dynnox-XL36-compleet.jpg\",\"width\":1600,\"height\":900},{\"@type\":\"BreadcrumbList\",\"@id\":\"https:\\\/\\\/dynnox.com\\\/de\\\/product\\\/complete-dynnox-xl36\\\/#breadcrumb\",\"itemListElement\":[{\"@type\":\"ListItem\",\"position\":1,\"name\":\"Home\",\"item\":\"https:\\\/\\\/dynnox.com\\\/de\\\/\"},{\"@type\":\"ListItem\",\"position\":2,\"name\":\"Dynnox Shop\",\"item\":\"https:\\\/\\\/dynnox.com\\\/de\\\/dynnox-laden\\\/\"},{\"@type\":\"ListItem\",\"position\":3,\"name\":\"Dynnox XL36 vollst\u00e4ndig\"}]},{\"@type\":\"WebSite\",\"@id\":\"https:\\\/\\\/dynnox.com\\\/de\\\/#website\",\"url\":\"https:\\\/\\\/dynnox.com\\\/de\\\/\",\"name\":\"Dynnox\",\"description\":\"smart trolley, easy (un)loading\",\"publisher\":{\"@id\":\"https:\\\/\\\/dynnox.com\\\/de\\\/#organization\"},\"potentialAction\":[{\"@type\":\"SearchAction\",\"target\":{\"@type\":\"EntryPoint\",\"urlTemplate\":\"https:\\\/\\\/dynnox.com\\\/de\\\/?s={search_term_string}\"},\"query-input\":{\"@type\":\"PropertyValueSpecification\",\"valueRequired\":true,\"valueName\":\"search_term_string\"}}],\"inLanguage\":\"de\"},{\"@type\":\"Organization\",\"@id\":\"https:\\\/\\\/dynnox.com\\\/de\\\/#organization\",\"name\":\"Dynnox\",\"url\":\"https:\\\/\\\/dynnox.com\\\/de\\\/\",\"logo\":{\"@type\":\"ImageObject\",\"inLanguage\":\"de\",\"@id\":\"https:\\\/\\\/dynnox.com\\\/de\\\/#\\\/schema\\\/logo\\\/image\\\/\",\"url\":\"http:\\\/\\\/dynnox.com\\\/wp-content\\\/uploads\\\/2022\\\/01\\\/dynnox_logo_witte_achtergrond.png\",\"contentUrl\":\"http:\\\/\\\/dynnox.com\\\/wp-content\\\/uploads\\\/2022\\\/01\\\/dynnox_logo_witte_achtergrond.png\",\"width\":1077,\"height\":183,\"caption\":\"Dynnox\"},\"image\":{\"@id\":\"https:\\\/\\\/dynnox.com\\\/de\\\/#\\\/schema\\\/logo\\\/image\\\/\"},\"sameAs\":[\"https:\\\/\\\/facebook.com\\\/dynnox\",\"https:\\\/\\\/x.com\\\/dynnox\",\"https:\\\/\\\/www.linkedin.com\\\/company\\\/dynnox\\\/\",\"https:\\\/\\\/www.youtube.com\\\/channel\\\/UCtQYDhnSicXD2jFkBsLzblg\"]}]}<\/script>\n<!-- \/ Yoast SEO plugin. -->","yoast_head_json":{"title":"Dynnox XL36 vollst\u00e4ndig - Dynnox","robots":{"index":"index","follow":"follow","max-snippet":"max-snippet:-1","max-image-preview":"max-image-preview:large","max-video-preview":"max-video-preview:-1"},"canonical":"https:\/\/dynnox.com\/de\/product\/complete-dynnox-xl36\/","og_locale":"de_DE","og_type":"article","og_title":"Dynnox XL36 vollst\u00e4ndig - Dynnox","og_description":"Der komplette XL36 besteht aus dem Chassis L46 + der Autoschnittstelle + der Holzplatte L46. Damit haben Sie alles, was Sie f\u00fcr den Dynnox XL36 ben\u00f6tigen. Das mobile Dynnox Transportsystem ist in drei Dimensionen erh\u00e4ltlich und kann in allen Arten von Firmenfahrzeugen eingesetzt werden. Der XL36 ist unser schmalstes Modell.","og_url":"https:\/\/dynnox.com\/de\/product\/complete-dynnox-xl36\/","og_site_name":"Dynnox","article_publisher":"https:\/\/facebook.com\/dynnox","article_modified_time":"2024-08-17T07:59:12+00:00","og_image":[{"width":1600,"height":900,"url":"https:\/\/dynnox.com\/wp-content\/uploads\/2022\/01\/Dynnox-XL36-compleet.jpg","type":"image\/jpeg"}],"twitter_card":"summary_large_image","twitter_site":"@dynnox","twitter_misc":{"Gesch\u00e4tzte Lesezeit":"1\u00a0Minute"},"schema":{"@context":"https:\/\/schema.org","@graph":[{"@type":"WebPage","@id":"https:\/\/dynnox.com\/de\/product\/complete-dynnox-xl36\/","url":"https:\/\/dynnox.com\/de\/product\/complete-dynnox-xl36\/","name":"Dynnox XL36 vollst\u00e4ndig - Dynnox","isPartOf":{"@id":"https:\/\/dynnox.com\/de\/#website"},"primaryImageOfPage":{"@id":"https:\/\/dynnox.com\/de\/product\/complete-dynnox-xl36\/#primaryimage"},"image":{"@id":"https:\/\/dynnox.com\/de\/product\/complete-dynnox-xl36\/#primaryimage"},"thumbnailUrl":"https:\/\/dynnox.com\/wp-content\/uploads\/2022\/01\/Dynnox-XL36-compleet.jpg","datePublished":"2022-01-18T10:37:20+00:00","dateModified":"2024-08-17T07:59:12+00:00","breadcrumb":{"@id":"https:\/\/dynnox.com\/de\/product\/complete-dynnox-xl36\/#breadcrumb"},"inLanguage":"de","potentialAction":[{"@type":"ReadAction","target":["https:\/\/dynnox.com\/de\/product\/complete-dynnox-xl36\/"]}]},{"@type":"ImageObject","inLanguage":"de","@id":"https:\/\/dynnox.com\/de\/product\/complete-dynnox-xl36\/#primaryimage","url":"https:\/\/dynnox.com\/wp-content\/uploads\/2022\/01\/Dynnox-XL36-compleet.jpg","contentUrl":"https:\/\/dynnox.com\/wp-content\/uploads\/2022\/01\/Dynnox-XL36-compleet.jpg","width":1600,"height":900},{"@type":"BreadcrumbList","@id":"https:\/\/dynnox.com\/de\/product\/complete-dynnox-xl36\/#breadcrumb","itemListElement":[{"@type":"ListItem","position":1,"name":"Home","item":"https:\/\/dynnox.com\/de\/"},{"@type":"ListItem","position":2,"name":"Dynnox Shop","item":"https:\/\/dynnox.com\/de\/dynnox-laden\/"},{"@type":"ListItem","position":3,"name":"Dynnox XL36 vollst\u00e4ndig"}]},{"@type":"WebSite","@id":"https:\/\/dynnox.com\/de\/#website","url":"https:\/\/dynnox.com\/de\/","name":"Dynnox","description":"smart trolley, easy (un)loading","publisher":{"@id":"https:\/\/dynnox.com\/de\/#organization"},"potentialAction":[{"@type":"SearchAction","target":{"@type":"EntryPoint","urlTemplate":"https:\/\/dynnox.com\/de\/?s={search_term_string}"},"query-input":{"@type":"PropertyValueSpecification","valueRequired":true,"valueName":"search_term_string"}}],"inLanguage":"de"},{"@type":"Organization","@id":"https:\/\/dynnox.com\/de\/#organization","name":"Dynnox","url":"https:\/\/dynnox.com\/de\/","logo":{"@type":"ImageObject","inLanguage":"de","@id":"https:\/\/dynnox.com\/de\/#\/schema\/logo\/image\/","url":"http:\/\/dynnox.com\/wp-content\/uploads\/2022\/01\/dynnox_logo_witte_achtergrond.png","contentUrl":"http:\/\/dynnox.com\/wp-content\/uploads\/2022\/01\/dynnox_logo_witte_achtergrond.png","width":1077,"height":183,"caption":"Dynnox"},"image":{"@id":"https:\/\/dynnox.com\/de\/#\/schema\/logo\/image\/"},"sameAs":["https:\/\/facebook.com\/dynnox","https:\/\/x.com\/dynnox","https:\/\/www.linkedin.com\/company\/dynnox\/","https:\/\/www.youtube.com\/channel\/UCtQYDhnSicXD2jFkBsLzblg"]}]}},"_links":{"self":[{"href":"https:\/\/dynnox.com\/de\/wp-json\/wp\/v2\/product\/12259","targetHints":{"allow":["GET"]}}],"collection":[{"href":"https:\/\/dynnox.com\/de\/wp-json\/wp\/v2\/product"}],"about":[{"href":"https:\/\/dynnox.com\/de\/wp-json\/wp\/v2\/types\/product"}],"wp:featuredmedia":[{"embeddable":true,"href":"https:\/\/dynnox.com\/de\/wp-json\/wp\/v2\/media\/10356"}],"wp:attachment":[{"href":"https:\/\/dynnox.com\/de\/wp-json\/wp\/v2\/media?parent=12259"}],"wp:term":[{"taxonomy":"product_brand","embeddable":true,"href":"https:\/\/dynnox.com\/de\/wp-json\/wp\/v2\/product_brand?post=12259"},{"taxonomy":"product_cat","embeddable":true,"href":"https:\/\/dynnox.com\/de\/wp-json\/wp\/v2\/product_cat?post=12259"},{"taxonomy":"product_tag","embeddable":true,"href":"https:\/\/dynnox.com\/de\/wp-json\/wp\/v2\/product_tag?post=12259"}],"curies":[{"name":"wp","href":"https:\/\/api.w.org\/{rel}","templated":true}]}}