{"id":13813,"date":"2021-12-27T20:34:55","date_gmt":"2021-12-27T20:34:55","guid":{"rendered":"https:\/\/dynnox.com\/servicio-garantia\/"},"modified":"2024-03-28T20:32:35","modified_gmt":"2024-03-28T20:32:35","slug":"servicio-garantia","status":"publish","type":"page","link":"https:\/\/dynnox.com\/es\/servicio-garantia\/","title":{"rendered":"Servicio &amp; Garant\u00eda"},"content":{"rendered":"<p><div class=\"fusion-fullwidth fullwidth-box fusion-builder-row-1 fusion-flex-container has-pattern-background has-mask-background nonhundred-percent-fullwidth non-hundred-percent-height-scrolling\" style=\"--awb-border-radius-top-left:0px;--awb-border-radius-top-right:0px;--awb-border-radius-bottom-right:0px;--awb-border-radius-bottom-left:0px;--awb-margin-top:-10px;--awb-flex-wrap:wrap;\" ><div class=\"fusion-builder-row fusion-row fusion-flex-align-items-flex-start fusion-flex-content-wrap\" style=\"max-width:1456px;margin-left: calc(-4% \/ 2 );margin-right: calc(-4% \/ 2 );\"><div class=\"fusion-layout-column fusion_builder_column fusion-builder-column-0 fusion_builder_column_1_2 1_2 fusion-flex-column fusion-flex-align-self-flex-start\" style=\"--awb-bg-size:cover;--awb-width-large:50%;--awb-margin-top-large:0px;--awb-spacing-right-large:3.84%;--awb-margin-bottom-large:20px;--awb-spacing-left-large:3.84%;--awb-width-medium:50%;--awb-order-medium:0;--awb-spacing-right-medium:3.84%;--awb-spacing-left-medium:3.84%;--awb-width-small:100%;--awb-order-small:0;--awb-spacing-right-small:1.92%;--awb-spacing-left-small:1.92%;\" data-scroll-devices=\"small-visibility,medium-visibility,large-visibility\"><div class=\"fusion-column-wrapper fusion-column-has-shadow fusion-flex-justify-content-flex-start fusion-content-layout-column\"><div class=\"fusion-text fusion-text-1\" style=\"--awb-text-transform:none;--awb-margin-top:-15px;\"><h1 class=\"h2 page-title\">Servicio y garant\u00eda<\/h1>\n<\/div><div class=\"fusion-text fusion-text-2\" style=\"--awb-text-transform:none;--awb-margin-top:10px;\"><p class=\"h2 page-title\"><span style=\"font-size: 16px;\">Con Dynnox, usted adquiere un producto duradero fabricado con material de alta calidad. Si su Dynnox necesita mantenimiento, le atenderemos inmediatamente con nuestro servicio y garant\u00eda.<\/span><\/p>\n<div class=\"wpb_text_column wpb_content_element \">\n<h2 class=\"wpb_wrapper\">Servicio<\/h2>\n<p class=\"wpb_wrapper\">Calidad tambi\u00e9n significa servicio profesional. Por eso estamos preparados, junto con nuestros distribuidores, para garantizar que pueda utilizar su Dynnox durante mucho tiempo y con placer.Dynnox suministra r\u00e1pidamente piezas que tambi\u00e9n pueden montarse f\u00e1cil e inmediatamente.&nbsp;Para accesorios y\/o personalizaci\u00f3n, puede contar con una respuesta r\u00e1pida y un enfoque profesional por parte de Dynnox y nuestros distribuidores.<\/p>\n<\/div>\n<\/div><div class=\"fusion-text fusion-text-3\" style=\"--awb-text-transform:none;\"><h2>Garant\u00eda<\/h2>\n<\/div><div class=\"fusion-text fusion-text-4\" style=\"--awb-text-transform:none;--awb-margin-top:10px;\"><p>Todos los productos Dynnox tienen una garant\u00eda est\u00e1ndar de un a\u00f1o. Esto se aplica a todas las piezas, siempre que el&nbsp;Dynnox est\u00e9 correctamente instalado y se utilice correctamente.<\/p>\n<div class=\"wpb_text_column wpb_content_element \">\n<div class=\"wpb_wrapper\">\n<h4>&nbsp;<\/h4>\n<\/div>\n<\/div>\n<\/div><\/div><\/div><div class=\"fusion-layout-column fusion_builder_column fusion-builder-column-1 fusion_builder_column_1_2 1_2 fusion-flex-column fusion-flex-align-self-flex-start\" style=\"--awb-bg-size:cover;--awb-width-large:50%;--awb-margin-top-large:50px;--awb-spacing-right-large:3.84%;--awb-margin-bottom-large:20px;--awb-spacing-left-large:3.84%;--awb-width-medium:50%;--awb-order-medium:0;--awb-spacing-right-medium:3.84%;--awb-spacing-left-medium:3.84%;--awb-width-small:100%;--awb-order-small:0;--awb-spacing-right-small:1.92%;--awb-spacing-left-small:1.92%;\" data-scroll-devices=\"small-visibility,medium-visibility,large-visibility\"><div class=\"fusion-column-wrapper fusion-column-has-shadow fusion-flex-justify-content-flex-start fusion-content-layout-column\"><div class=\"fusion-image-element \" style=\"text-align:center;--awb-max-width:500px;--awb-caption-title-font-family:var(--h2_typography-font-family);--awb-caption-title-font-weight:var(--h2_typography-font-weight);--awb-caption-title-font-style:var(--h2_typography-font-style);--awb-caption-title-size:var(--h2_typography-font-size);--awb-caption-title-transform:var(--h2_typography-text-transform);--awb-caption-title-line-height:var(--h2_typography-line-height);--awb-caption-title-letter-spacing:var(--h2_typography-letter-spacing);\"><span class=\" fusion-imageframe imageframe-dropshadow imageframe-1 hover-type-none\" style=\"-webkit-box-shadow: 11px 11px 15px rgba(0,0,0,0.3);box-shadow: 11px 11px 15px rgba(0,0,0,0.3);\"><img decoding=\"async\" width=\"906\" height=\"523\" alt=\"winst\n\" title=\"Afbeelding 2 04-2023\" src=\"http:\/\/dynnox.com\/wp-content\/uploads\/2023\/04\/Afbeelding-2-04-2023.jpg\" class=\"img-responsive wp-image-11073\" srcset=\"https:\/\/dynnox.com\/wp-content\/uploads\/2023\/04\/Afbeelding-2-04-2023-200x115.jpg 200w, https:\/\/dynnox.com\/wp-content\/uploads\/2023\/04\/Afbeelding-2-04-2023-400x231.jpg 400w, https:\/\/dynnox.com\/wp-content\/uploads\/2023\/04\/Afbeelding-2-04-2023-600x346.jpg 600w, https:\/\/dynnox.com\/wp-content\/uploads\/2023\/04\/Afbeelding-2-04-2023-800x462.jpg 800w, https:\/\/dynnox.com\/wp-content\/uploads\/2023\/04\/Afbeelding-2-04-2023.jpg 906w\" sizes=\"(max-width: 640px) 100vw, 800px\" \/><\/span><\/div><\/div><\/div><\/div><\/div><div class=\"fusion-fullwidth fullwidth-box fusion-builder-row-2 fusion-flex-container nonhundred-percent-fullwidth non-hundred-percent-height-scrolling\" style=\"--awb-border-radius-top-left:0px;--awb-border-radius-top-right:0px;--awb-border-radius-bottom-right:0px;--awb-border-radius-bottom-left:0px;--awb-padding-top:50px;--awb-padding-bottom:50px;--awb-flex-wrap:wrap;\" ><div class=\"fusion-builder-row fusion-row fusion-flex-align-items-flex-start fusion-flex-content-wrap\" style=\"max-width:1456px;margin-left: calc(-4% \/ 2 );margin-right: calc(-4% \/ 2 );\"><div class=\"fusion-layout-column fusion_builder_column fusion-builder-column-2 fusion_builder_column_1_1 1_1 fusion-flex-column\" style=\"--awb-padding-top:20px;--awb-padding-right:20px;--awb-padding-bottom:20px;--awb-padding-left:20px;--awb-bg-color:#dbdbdb;--awb-bg-color-hover:#dbdbdb;--awb-bg-size:cover;--awb-box-shadow:5px 5px 4px 0px #8e8e8e;;--awb-border-color:#a3a3a3;--awb-border-style:solid;--awb-width-large:100%;--awb-margin-top-large:0px;--awb-spacing-right-large:1.92%;--awb-margin-bottom-large:20px;--awb-spacing-left-large:1.92%;--awb-width-medium:100%;--awb-order-medium:0;--awb-spacing-right-medium:1.92%;--awb-spacing-left-medium:1.92%;--awb-width-small:100%;--awb-order-small:0;--awb-spacing-right-small:1.92%;--awb-spacing-left-small:1.92%;\"><div class=\"fusion-column-wrapper fusion-column-has-shadow fusion-flex-justify-content-flex-start fusion-content-layout-column\"><div class=\"fusion-builder-row fusion-builder-row-inner fusion-row fusion-flex-align-items-flex-start fusion-flex-content-wrap\" style=\"--awb-flex-grow:0;--awb-flex-grow-medium:0;--awb-flex-grow-small:0;--awb-flex-shrink:0;--awb-flex-shrink-medium:0;--awb-flex-shrink-small:0;width:104% !important;max-width:104% !important;margin-left: calc(-4% \/ 2 );margin-right: calc(-4% \/ 2 );\"><div class=\"fusion-layout-column fusion_builder_column_inner fusion-builder-nested-column-0 fusion_builder_column_inner_1_3 1_3 fusion-flex-column\" style=\"--awb-bg-size:cover;--awb-width-large:33.333333333333%;--awb-margin-top-large:0px;--awb-spacing-right-large:5.76%;--awb-margin-bottom-large:20px;--awb-spacing-left-large:5.76%;--awb-width-medium:33.333333333333%;--awb-order-medium:0;--awb-spacing-right-medium:5.76%;--awb-spacing-left-medium:5.76%;--awb-width-small:100%;--awb-order-small:0;--awb-spacing-right-small:1.92%;--awb-spacing-left-small:1.92%;\"><div class=\"fusion-column-wrapper fusion-column-has-shadow fusion-flex-justify-content-flex-start fusion-content-layout-column\"><div class=\"fusion-image-element \" style=\"--awb-max-width:200px;--awb-caption-title-font-family:var(--h2_typography-font-family);--awb-caption-title-font-weight:var(--h2_typography-font-weight);--awb-caption-title-font-style:var(--h2_typography-font-style);--awb-caption-title-size:var(--h2_typography-font-size);--awb-caption-title-transform:var(--h2_typography-text-transform);--awb-caption-title-line-height:var(--h2_typography-line-height);--awb-caption-title-letter-spacing:var(--h2_typography-letter-spacing);\"><span class=\" fusion-imageframe imageframe-dropshadow imageframe-2 hover-type-none\" style=\"-webkit-box-shadow: 3px 3px 7px rgba(0,0,0,0.3);box-shadow: 3px 3px 7px rgba(0,0,0,0.3);\"><img decoding=\"async\" width=\"568\" height=\"809\" alt=\"\nBedrijfswageninrichting voor Smart Repair\" title=\"Dynnox folder\" src=\"http:\/\/dynnox.com\/wp-content\/uploads\/2021\/12\/Dynnox-folder.png\" class=\"img-responsive wp-image-9528\" srcset=\"https:\/\/dynnox.com\/wp-content\/uploads\/2021\/12\/Dynnox-folder-200x285.png 200w, https:\/\/dynnox.com\/wp-content\/uploads\/2021\/12\/Dynnox-folder-400x570.png 400w, https:\/\/dynnox.com\/wp-content\/uploads\/2021\/12\/Dynnox-folder.png 568w\" sizes=\"(max-width: 640px) 100vw, 568px\" \/><\/span><\/div><\/div><\/div><div class=\"fusion-layout-column fusion_builder_column_inner fusion-builder-nested-column-1 fusion_builder_column_inner_2_3 2_3 fusion-flex-column\" style=\"--awb-bg-size:cover;--awb-width-large:66.666666666667%;--awb-margin-top-large:0px;--awb-spacing-right-large:2.88%;--awb-margin-bottom-large:20px;--awb-spacing-left-large:2.88%;--awb-width-medium:66.666666666667%;--awb-order-medium:0;--awb-spacing-right-medium:2.88%;--awb-spacing-left-medium:2.88%;--awb-width-small:100%;--awb-order-small:0;--awb-spacing-right-small:1.92%;--awb-spacing-left-small:1.92%;\"><div class=\"fusion-column-wrapper fusion-column-has-shadow fusion-flex-justify-content-flex-start fusion-content-layout-column\"><div class=\"fusion-text fusion-text-5\" style=\"--awb-text-transform:none;\"><header class=\"vc_cta3-content-header\">\n<h3>M\u00c1S SOBRE DYNNOX<\/h3>\n<\/header>\n<p>Dynnox es un sistema \u00fanico de carga, descarga y transporte para veh\u00edculos comerciales. Con diferentes modelos y varios m\u00f3dulos de construcci\u00f3n, es posible personalizar adecuadamente el carro de herramientas para cada sector y cada veh\u00edculo comercial. El sistema de transporte Dynnox es seguro, respeta las condiciones laborales y ahorra tiempo.<\/p>\n<p>Solicite nuestro folleto sin compromiso o p\u00f3ngase&nbsp;en <a href=\"https:\/\/dynnox.nl\/contact\/\">contacto<\/a> con nosotros.&nbsp;<\/p>\n<div class='_form_3'><\/div><script type='text\/javascript' src='https:\/\/dynnox.activehosted.com\/f\/embed.php?static=0&id=3&69D30BB1147B1&nostyles=0&preview=0'><\/script>\n<\/div><\/div><\/div><\/div><\/div><\/div><\/div><\/div><div class=\"fusion-fullwidth fullwidth-box fusion-builder-row-3 fusion-flex-container has-pattern-background has-mask-background nonhundred-percent-fullwidth non-hundred-percent-height-scrolling fusion-no-small-visibility\" style=\"--awb-border-radius-top-left:0px;--awb-border-radius-top-right:0px;--awb-border-radius-bottom-right:0px;--awb-border-radius-bottom-left:0px;--awb-flex-wrap:wrap;\" ><div class=\"fusion-builder-row fusion-row fusion-flex-align-items-flex-start fusion-flex-content-wrap\" style=\"max-width:1456px;margin-left: calc(-4% \/ 2 );margin-right: calc(-4% \/ 2 );\"><div class=\"fusion-layout-column fusion_builder_column fusion-builder-column-3 fusion_builder_column_3_4 3_4 fusion-flex-column fusion-no-small-visibility\" style=\"--awb-padding-top:0.40px;--awb-bg-size:cover;--awb-width-large:75%;--awb-margin-top-large:0px;--awb-spacing-right-large:2.56%;--awb-margin-bottom-large:20px;--awb-spacing-left-large:2.56%;--awb-width-medium:75%;--awb-order-medium:0;--awb-spacing-right-medium:2.56%;--awb-spacing-left-medium:2.56%;--awb-width-small:100%;--awb-order-small:0;--awb-spacing-right-small:1.92%;--awb-spacing-left-small:1.92%;\" data-scroll-devices=\"small-visibility,medium-visibility,large-visibility\"><div class=\"fusion-column-wrapper fusion-column-has-shadow fusion-flex-justify-content-flex-start fusion-content-layout-column\"><div class=\"fusion-text fusion-text-6\" style=\"--awb-text-transform:none;--awb-margin-top:6px;\"><h2><strong>M\u00e1s sobre Dynnox<\/strong><\/h2>\n<p>Desea m\u00e1s informaci\u00f3n sobre el sistema de transporte Dynnox? P\u00f3ngase en&nbsp;<strong><a href=\"https:\/\/dynnox.com\/es\/contact\/\">contacto<\/a><\/strong>&nbsp;con nosotros o con uno de nuestros&nbsp;<a href=\"https:\/\/dynnox.com\/es\/emplacements\/\"><strong>distribuidores autorizados<\/strong><\/a>&nbsp;en el pa\u00eds y en el extranjero Estaremos encantados de mostrarle todas las posibilidades de nuestro equipamiento m\u00f3vil para veh\u00edculos comerciales!<\/p>\n<p>Adem\u00e1s, Dynnox siempre est\u00e1 abierta a la cooperaci\u00f3n con nuevos socios para ofrecer a nuestros clientes a\u00fan m\u00e1s opciones para un interior adecuado de veh\u00edculos comerciales. Ve posibilidades de alguna colaboraci\u00f3n?<\/p>\n<\/div><\/div><\/div><div class=\"fusion-layout-column fusion_builder_column fusion-builder-column-4 fusion_builder_column_1_4 1_4 fusion-flex-column fusion-no-small-visibility\" style=\"--awb-bg-size:cover;--awb-width-large:25%;--awb-margin-top-large:0px;--awb-spacing-right-large:7.68%;--awb-margin-bottom-large:20px;--awb-spacing-left-large:02px;--awb-width-medium:25%;--awb-order-medium:0;--awb-spacing-right-medium:7.68%;--awb-spacing-left-medium:02px;--awb-width-small:100%;--awb-order-small:0;--awb-spacing-right-small:1.92%;--awb-spacing-left-small:1.92%;\" data-scroll-devices=\"small-visibility,medium-visibility,large-visibility\"><div class=\"fusion-column-wrapper fusion-column-has-shadow fusion-flex-justify-content-flex-start fusion-content-layout-column\"><div class=\"fusion-text fusion-text-7\"><p>&nbsp; &nbsp;&nbsp;<\/p>\n<\/div><ul style=\"--awb-item-padding-top:-10px;--awb-item-padding-bottom:0px;--awb-item-padding-left:20px;--awb-iconcolor:#84bf41;--awb-textcolor:var(--awb-custom16);--awb-line-height:30.6px;--awb-icon-width:30.6px;--awb-icon-height:30.6px;--awb-icon-margin:12.6px;--awb-content-margin:43.2px;--awb-circlecolor:var(--awb-color1);--awb-circle-yes-font-size:15.84px;\" class=\"fusion-checklist fusion-checklist-1 type-icons\"><li class=\"fusion-li-item\" style=\"\"><span class=\"icon-wrapper circle-yes\"><i class=\"fusion-li-icon fa-check fas\" aria-hidden=\"true\"><\/i><\/span><div class=\"fusion-li-item-content\">\n<p>Unidad de trabajo completamente m\u00f3vil<\/p>\n<\/div><\/li><li class=\"fusion-li-item\" style=\"\"><span class=\"icon-wrapper circle-yes\"><i class=\"fusion-li-icon fa-check fas\" aria-hidden=\"true\"><\/i><\/span><div class=\"fusion-li-item-content\">\n<p>Plegable<\/p>\n<\/div><\/li><li class=\"fusion-li-item\" style=\"\"><span class=\"icon-wrapper circle-yes\"><i class=\"fusion-li-icon fa-check fas\" aria-hidden=\"true\"><\/i><\/span><div class=\"fusion-li-item-content\">\n<p>M\u00f3dulo personalizado<\/p>\n<\/div><\/li><li class=\"fusion-li-item\" style=\"\"><span class=\"icon-wrapper circle-yes\"><i class=\"fusion-li-icon fa-check fas\" aria-hidden=\"true\"><\/i><\/span><div class=\"fusion-li-item-content\">\n<p>Buena relaci\u00f3n calidad-precio<\/p>\n<\/div><\/li><\/ul><\/div><\/div><\/div><\/div>\n<div class=\"fusion-fullwidth fullwidth-box fusion-builder-row-4 fusion-flex-container nonhundred-percent-fullwidth non-hundred-percent-height-scrolling\" style=\"--awb-border-radius-top-left:0px;--awb-border-radius-top-right:0px;--awb-border-radius-bottom-right:0px;--awb-border-radius-bottom-left:0px;--awb-background-color:#6dab3c;--awb-flex-wrap:wrap;\" ><div class=\"fusion-builder-row fusion-row fusion-flex-align-items-flex-start fusion-flex-content-wrap\" style=\"max-width:1456px;margin-left: calc(-4% \/ 2 );margin-right: calc(-4% \/ 2 );\"><div class=\"fusion-layout-column fusion_builder_column fusion-builder-column-5 fusion_builder_column_1_1 1_1 fusion-flex-column\" style=\"--awb-bg-size:cover;--awb-width-large:100%;--awb-margin-top-large:0px;--awb-spacing-right-large:1.92%;--awb-margin-bottom-large:20px;--awb-spacing-left-large:1.92%;--awb-width-medium:100%;--awb-order-medium:0;--awb-spacing-right-medium:1.92%;--awb-spacing-left-medium:1.92%;--awb-width-small:100%;--awb-order-small:0;--awb-spacing-right-small:1.92%;--awb-spacing-left-small:1.92%;\"><div class=\"fusion-column-wrapper fusion-column-has-shadow fusion-flex-justify-content-flex-start fusion-content-layout-column\"><div class=\"fusion-text fusion-text-8\" style=\"--awb-text-transform:none;\"><h4 style=\"text-align: center;\"><span style=\"color: #ffffff;\">\u00bfM\u00c1S INFORMACI\u00d3N SOBRE DYNNOX?<\/span><\/h4>\n<p style=\"text-align: center;\"><span style=\"color: #ffffff;\">\u00bfDesea m\u00e1s informaci\u00f3n sobre el sistema transportador de Dynnox? Neem <a style=\"color: #ffffff;\" href=\"https:\/\/dynnox.com\/contact\/\">contact op<\/a> met ons of een van onze <a style=\"color: #ffffff;\" href=\"https:\/\/dynnox.com\/dealers\/\">erkende dealers<\/a> in Nederland en Belgi\u00eb. Estaremos encantados de mostrarle todas las posibilidades de nuestros equipos m\u00f3viles para veh\u00edculos.<\/span><\/p>\n<p style=\"text-align: center;\"><span style=\"color: #ffffff;\">Adem\u00e1s, Dynnox siempre busca colaborar con nuevos socios para ofrecer a nuestros clientes a\u00fan m\u00e1s opciones de equipamiento adecuado para el veh\u00edculo. \u00bfVes oportunidades? H\u00e1ganoslo saber.<\/span><\/p>\n<\/div><\/div><\/div><\/div><\/div><\/p>\n","protected":false},"excerpt":{"rendered":"","protected":false},"author":1,"featured_media":0,"parent":0,"menu_order":0,"comment_status":"closed","ping_status":"closed","template":"100-width.php","meta":{"ngg_post_thumbnail":0,"footnotes":""},"class_list":["post-13813","page","type-page","status-publish","hentry"],"yoast_head":"<!-- This site is optimized with the Yoast SEO plugin v27.3 - https:\/\/yoast.com\/product\/yoast-seo-wordpress\/ -->\n<title>Servicio &amp; Garant\u00eda - Dynnox<\/title>\n<meta name=\"robots\" content=\"index, follow, max-snippet:-1, max-image-preview:large, max-video-preview:-1\" \/>\n<link rel=\"canonical\" href=\"https:\/\/dynnox.com\/es\/servicio-garantia\/\" \/>\n<meta property=\"og:locale\" content=\"es_ES\" \/>\n<meta property=\"og:type\" content=\"article\" \/>\n<meta property=\"og:title\" content=\"Servicio &amp; Garant\u00eda - Dynnox\" \/>\n<meta property=\"og:url\" content=\"https:\/\/dynnox.com\/es\/servicio-garantia\/\" \/>\n<meta property=\"og:site_name\" content=\"Dynnox\" \/>\n<meta property=\"article:publisher\" content=\"https:\/\/facebook.com\/dynnox\" \/>\n<meta property=\"article:modified_time\" content=\"2024-03-28T20:32:35+00:00\" \/>\n<meta name=\"twitter:card\" content=\"summary_large_image\" \/>\n<meta name=\"twitter:site\" content=\"@dynnox\" \/>\n<meta name=\"twitter:label1\" content=\"Tiempo de lectura\" \/>\n\t<meta name=\"twitter:data1\" content=\"23 minutos\" \/>\n<script type=\"application\/ld+json\" class=\"yoast-schema-graph\">{\"@context\":\"https:\\\/\\\/schema.org\",\"@graph\":[{\"@type\":\"WebPage\",\"@id\":\"https:\\\/\\\/dynnox.com\\\/es\\\/servicio-garantia\\\/\",\"url\":\"https:\\\/\\\/dynnox.com\\\/es\\\/servicio-garantia\\\/\",\"name\":\"Servicio &amp; Garant\u00eda - Dynnox\",\"isPartOf\":{\"@id\":\"https:\\\/\\\/dynnox.com\\\/es\\\/#website\"},\"datePublished\":\"2021-12-27T20:34:55+00:00\",\"dateModified\":\"2024-03-28T20:32:35+00:00\",\"breadcrumb\":{\"@id\":\"https:\\\/\\\/dynnox.com\\\/es\\\/servicio-garantia\\\/#breadcrumb\"},\"inLanguage\":\"es\",\"potentialAction\":[{\"@type\":\"ReadAction\",\"target\":[\"https:\\\/\\\/dynnox.com\\\/es\\\/servicio-garantia\\\/\"]}]},{\"@type\":\"BreadcrumbList\",\"@id\":\"https:\\\/\\\/dynnox.com\\\/es\\\/servicio-garantia\\\/#breadcrumb\",\"itemListElement\":[{\"@type\":\"ListItem\",\"position\":1,\"name\":\"Home\",\"item\":\"https:\\\/\\\/dynnox.com\\\/es\\\/\"},{\"@type\":\"ListItem\",\"position\":2,\"name\":\"Servicio &amp; Garant\u00eda\"}]},{\"@type\":\"WebSite\",\"@id\":\"https:\\\/\\\/dynnox.com\\\/es\\\/#website\",\"url\":\"https:\\\/\\\/dynnox.com\\\/es\\\/\",\"name\":\"Dynnox\",\"description\":\"smart trolley, easy (un)loading\",\"publisher\":{\"@id\":\"https:\\\/\\\/dynnox.com\\\/es\\\/#organization\"},\"potentialAction\":[{\"@type\":\"SearchAction\",\"target\":{\"@type\":\"EntryPoint\",\"urlTemplate\":\"https:\\\/\\\/dynnox.com\\\/es\\\/?s={search_term_string}\"},\"query-input\":{\"@type\":\"PropertyValueSpecification\",\"valueRequired\":true,\"valueName\":\"search_term_string\"}}],\"inLanguage\":\"es\"},{\"@type\":\"Organization\",\"@id\":\"https:\\\/\\\/dynnox.com\\\/es\\\/#organization\",\"name\":\"Dynnox\",\"url\":\"https:\\\/\\\/dynnox.com\\\/es\\\/\",\"logo\":{\"@type\":\"ImageObject\",\"inLanguage\":\"es\",\"@id\":\"https:\\\/\\\/dynnox.com\\\/es\\\/#\\\/schema\\\/logo\\\/image\\\/\",\"url\":\"http:\\\/\\\/dynnox.com\\\/wp-content\\\/uploads\\\/2022\\\/01\\\/dynnox_logo_witte_achtergrond.png\",\"contentUrl\":\"http:\\\/\\\/dynnox.com\\\/wp-content\\\/uploads\\\/2022\\\/01\\\/dynnox_logo_witte_achtergrond.png\",\"width\":1077,\"height\":183,\"caption\":\"Dynnox\"},\"image\":{\"@id\":\"https:\\\/\\\/dynnox.com\\\/es\\\/#\\\/schema\\\/logo\\\/image\\\/\"},\"sameAs\":[\"https:\\\/\\\/facebook.com\\\/dynnox\",\"https:\\\/\\\/x.com\\\/dynnox\",\"https:\\\/\\\/www.linkedin.com\\\/company\\\/dynnox\\\/\",\"https:\\\/\\\/www.youtube.com\\\/channel\\\/UCtQYDhnSicXD2jFkBsLzblg\"]}]}<\/script>\n<!-- \/ Yoast SEO plugin. -->","yoast_head_json":{"title":"Servicio &amp; Garant\u00eda - Dynnox","robots":{"index":"index","follow":"follow","max-snippet":"max-snippet:-1","max-image-preview":"max-image-preview:large","max-video-preview":"max-video-preview:-1"},"canonical":"https:\/\/dynnox.com\/es\/servicio-garantia\/","og_locale":"es_ES","og_type":"article","og_title":"Servicio &amp; Garant\u00eda - Dynnox","og_url":"https:\/\/dynnox.com\/es\/servicio-garantia\/","og_site_name":"Dynnox","article_publisher":"https:\/\/facebook.com\/dynnox","article_modified_time":"2024-03-28T20:32:35+00:00","twitter_card":"summary_large_image","twitter_site":"@dynnox","twitter_misc":{"Tiempo de lectura":"23 minutos"},"schema":{"@context":"https:\/\/schema.org","@graph":[{"@type":"WebPage","@id":"https:\/\/dynnox.com\/es\/servicio-garantia\/","url":"https:\/\/dynnox.com\/es\/servicio-garantia\/","name":"Servicio &amp; Garant\u00eda - Dynnox","isPartOf":{"@id":"https:\/\/dynnox.com\/es\/#website"},"datePublished":"2021-12-27T20:34:55+00:00","dateModified":"2024-03-28T20:32:35+00:00","breadcrumb":{"@id":"https:\/\/dynnox.com\/es\/servicio-garantia\/#breadcrumb"},"inLanguage":"es","potentialAction":[{"@type":"ReadAction","target":["https:\/\/dynnox.com\/es\/servicio-garantia\/"]}]},{"@type":"BreadcrumbList","@id":"https:\/\/dynnox.com\/es\/servicio-garantia\/#breadcrumb","itemListElement":[{"@type":"ListItem","position":1,"name":"Home","item":"https:\/\/dynnox.com\/es\/"},{"@type":"ListItem","position":2,"name":"Servicio &amp; Garant\u00eda"}]},{"@type":"WebSite","@id":"https:\/\/dynnox.com\/es\/#website","url":"https:\/\/dynnox.com\/es\/","name":"Dynnox","description":"smart trolley, easy (un)loading","publisher":{"@id":"https:\/\/dynnox.com\/es\/#organization"},"potentialAction":[{"@type":"SearchAction","target":{"@type":"EntryPoint","urlTemplate":"https:\/\/dynnox.com\/es\/?s={search_term_string}"},"query-input":{"@type":"PropertyValueSpecification","valueRequired":true,"valueName":"search_term_string"}}],"inLanguage":"es"},{"@type":"Organization","@id":"https:\/\/dynnox.com\/es\/#organization","name":"Dynnox","url":"https:\/\/dynnox.com\/es\/","logo":{"@type":"ImageObject","inLanguage":"es","@id":"https:\/\/dynnox.com\/es\/#\/schema\/logo\/image\/","url":"http:\/\/dynnox.com\/wp-content\/uploads\/2022\/01\/dynnox_logo_witte_achtergrond.png","contentUrl":"http:\/\/dynnox.com\/wp-content\/uploads\/2022\/01\/dynnox_logo_witte_achtergrond.png","width":1077,"height":183,"caption":"Dynnox"},"image":{"@id":"https:\/\/dynnox.com\/es\/#\/schema\/logo\/image\/"},"sameAs":["https:\/\/facebook.com\/dynnox","https:\/\/x.com\/dynnox","https:\/\/www.linkedin.com\/company\/dynnox\/","https:\/\/www.youtube.com\/channel\/UCtQYDhnSicXD2jFkBsLzblg"]}]}},"_links":{"self":[{"href":"https:\/\/dynnox.com\/es\/wp-json\/wp\/v2\/pages\/13813","targetHints":{"allow":["GET"]}}],"collection":[{"href":"https:\/\/dynnox.com\/es\/wp-json\/wp\/v2\/pages"}],"about":[{"href":"https:\/\/dynnox.com\/es\/wp-json\/wp\/v2\/types\/page"}],"author":[{"embeddable":true,"href":"https:\/\/dynnox.com\/es\/wp-json\/wp\/v2\/users\/1"}],"replies":[{"embeddable":true,"href":"https:\/\/dynnox.com\/es\/wp-json\/wp\/v2\/comments?post=13813"}],"version-history":[{"count":0,"href":"https:\/\/dynnox.com\/es\/wp-json\/wp\/v2\/pages\/13813\/revisions"}],"wp:attachment":[{"href":"https:\/\/dynnox.com\/es\/wp-json\/wp\/v2\/media?parent=13813"}],"curies":[{"name":"wp","href":"https:\/\/api.w.org\/{rel}","templated":true}]}}