{"id":13895,"date":"2021-02-23T20:02:56","date_gmt":"2021-02-23T20:02:56","guid":{"rendered":"https:\/\/dynnox.com\/tienda\/"},"modified":"2024-07-04T20:25:45","modified_gmt":"2024-07-04T20:25:45","slug":"tienda","status":"publish","type":"page","link":"https:\/\/dynnox.com\/es\/tienda\/","title":{"rendered":"Tienda"},"content":{"rendered":"<p><div class=\"fusion-fullwidth fullwidth-box fusion-builder-row-1 fusion-flex-container has-pattern-background has-mask-background nonhundred-percent-fullwidth non-hundred-percent-height-scrolling\" style=\"--awb-border-radius-top-left:0px;--awb-border-radius-top-right:0px;--awb-border-radius-bottom-right:0px;--awb-border-radius-bottom-left:0px;--awb-flex-wrap:wrap;\" ><div class=\"fusion-builder-row fusion-row fusion-flex-align-items-flex-start fusion-flex-content-wrap\" style=\"max-width:1456px;margin-left: calc(-4% \/ 2 );margin-right: calc(-4% \/ 2 );\"><div class=\"fusion-layout-column fusion_builder_column fusion-builder-column-0 fusion_builder_column_1_1 1_1 fusion-flex-column\" style=\"--awb-bg-size:cover;--awb-width-large:100%;--awb-margin-top-large:30PX;--awb-spacing-right-large:1.92%;--awb-margin-bottom-large:20px;--awb-spacing-left-large:1.92%;--awb-width-medium:100%;--awb-order-medium:0;--awb-spacing-right-medium:1.92%;--awb-spacing-left-medium:1.92%;--awb-width-small:100%;--awb-order-small:0;--awb-spacing-right-small:1.92%;--awb-spacing-left-small:1.92%;\"><div class=\"fusion-column-wrapper fusion-column-has-shadow fusion-flex-justify-content-flex-start fusion-content-layout-column\"><div class=\"fusion-text fusion-text-1\"><h1 style=\"text-align: center;\">Bienvenido a la tienda web de Dynnox<\/h1>\n<h2 style=\"text-align: center;\"><strong>\u00bfEst\u00e1 a punto de pedir un Dynnox?<\/strong><\/h2>\n<h3 style=\"text-align: center;\"><strong>Elija el modelo adecuado en el orden correcto con nuestra hoja de ruta.<\/strong><\/h3>\n<\/div><\/div><\/div><\/div><\/div><div class=\"fusion-fullwidth fullwidth-box fusion-builder-row-2 fusion-flex-container nonhundred-percent-fullwidth non-hundred-percent-height-scrolling\" style=\"--awb-border-radius-top-left:0px;--awb-border-radius-top-right:0px;--awb-border-radius-bottom-right:0px;--awb-border-radius-bottom-left:0px;--awb-margin-top:30px;--awb-flex-wrap:wrap;\" ><div class=\"fusion-builder-row fusion-row fusion-flex-align-items-flex-start fusion-flex-content-wrap\" style=\"max-width:1456px;margin-left: calc(-4% \/ 2 );margin-right: calc(-4% \/ 2 );\"><div class=\"fusion-layout-column fusion_builder_column fusion-builder-column-1 fusion_builder_column_1_3 1_3 fusion-flex-column\" style=\"--awb-bg-size:cover;--awb-width-large:33.333333333333%;--awb-margin-top-large:0px;--awb-spacing-right-large:5.76%;--awb-margin-bottom-large:20px;--awb-spacing-left-large:5.76%;--awb-width-medium:33.333333333333%;--awb-order-medium:0;--awb-spacing-right-medium:5.76%;--awb-spacing-left-medium:5.76%;--awb-width-small:100%;--awb-order-small:0;--awb-spacing-right-small:1.92%;--awb-spacing-left-small:1.92%;\"><div class=\"fusion-column-wrapper fusion-column-has-shadow fusion-flex-justify-content-flex-start fusion-content-layout-column\"><div class=\"fusion-text fusion-text-2\"><p style=\"text-align: center;\"><img decoding=\"async\" class=\"alignnone size-full wp-image-8101\" src=\"http:\/\/dynnox.com\/wp-content\/uploads\/2022\/12\/Checklist-stappenplan-Dynnox.png\" alt=\"\" width=\"48\" height=\"48\">&nbsp;&nbsp;<\/p>\n<\/div><div class=\"fusion-text fusion-text-3\" style=\"--awb-text-color:#000000;--awb-margin-top:15px;--awb-text-font-family:&quot;Montserrat&quot;;--awb-text-font-style:normal;--awb-text-font-weight:400;\"><div class=\"page\" title=\"Page 2\">\n<div class=\"section\">\n<div class=\"layoutArea\">\n<h2 class=\"column\" style=\"text-align: center;\">Mapa de carreteras<\/h2>\n<\/div>\n<\/div>\n<\/div>\n<\/div><div class=\"fusion-text fusion-text-4\" style=\"--awb-margin-top:15px;\"><p>Tiene intenci\u00f3n de comprar un Dynnox: \u00a1qu\u00e9 bien! Sin embargo, es importante que compre el Dynnox adecuado para usted y siga los pasos correctos en la tienda web. Por eso pensamos con usted y hemos enumerado aqu\u00ed lo que debe tener en cuenta.&nbsp;<\/p>\n<\/div><a class=\"fb-icon-element-1 fb-icon-element fontawesome-icon fa-angle-double-right fas circle-yes fusion-link icon-hover-animation-pulsate\" style=\"--awb-iconcolor-hover:#8cc63e;--awb-circlecolor:#84bf41;--awb-circlecolor-hover:#ffffff;--awb-circlebordercolor:#84bf41;--awb-circlebordercolor-hover:#84bf41;--awb-circlebordersize:1px;--awb-font-size:26.4px;--awb-width:52.8px;--awb-height:52.8px;--awb-line-height:50.8px;--awb-align-self:center;--awb-margin-top:0px;--awb-margin-right:0px;--awb-margin-bottom:20px;--awb-margin-left:0px;\" href=\"https:\/\/dynnox.com\/es\/goed-om-te-weten\/\" target=\"_self\" aria-label=\"Link to https:\/\/dynnox.com\/es\/goed-om-te-weten\/\"><\/a><\/div><\/div><div class=\"fusion-layout-column fusion_builder_column fusion-builder-column-2 fusion_builder_column_1_3 1_3 fusion-flex-column\" style=\"--awb-bg-size:cover;--awb-width-large:33.333333333333%;--awb-margin-top-large:0px;--awb-spacing-right-large:5.76%;--awb-margin-bottom-large:20px;--awb-spacing-left-large:5.76%;--awb-width-medium:33.333333333333%;--awb-order-medium:0;--awb-spacing-right-medium:5.76%;--awb-spacing-left-medium:5.76%;--awb-width-small:100%;--awb-order-small:0;--awb-spacing-right-small:1.92%;--awb-spacing-left-small:1.92%;\"><div class=\"fusion-column-wrapper fusion-column-has-shadow fusion-flex-justify-content-flex-start fusion-content-layout-column\"><div class=\"fusion-text fusion-text-5\"><p style=\"text-align: center;\">&nbsp; <img decoding=\"async\" class=\"alignnone size-full wp-image-8105\" src=\"http:\/\/dynnox.com\/wp-content\/uploads\/2022\/12\/Installatie-van-Dynnox.png\" alt=\"\" width=\"48\" height=\"48\"><\/p>\n<\/div><div class=\"fusion-text fusion-text-6\" style=\"--awb-text-color:#000000;--awb-margin-top:15px;--awb-text-font-family:&quot;Montserrat&quot;;--awb-text-font-style:normal;--awb-text-font-weight:400;\"><div class=\"page\" title=\"Page 2\">\n<div class=\"section\">\n<div class=\"layoutArea\">\n<div class=\"column\">\n<h2 style=\"text-align: center;\">Instalaci\u00f3n de Dynnox<\/h2>\n<\/div>\n<\/div>\n<\/div>\n<\/div>\n<\/div><div class=\"fusion-text fusion-text-7\" style=\"--awb-margin-top:15px;\"><p>\u00bfVa a montar usted mismo su Dynnox o prefiere que lo haga uno de nuestros <a href=\"https:\/\/dynnox.com\/es\/dealer-locaties\/\">distribuidores<\/a>?<br \/>\nEl manual de Dynnox est\u00e1 dise\u00f1ado en im\u00e1genes 3D en nuestro sitio web en una animaci\u00f3n 3D clara y despejada.<\/p>\n<\/div><a class=\"fb-icon-element-2 fb-icon-element fontawesome-icon fa-angle-double-right fas circle-yes fusion-link icon-hover-animation-pulsate\" style=\"--awb-iconcolor-hover:#8cc63e;--awb-circlecolor:#84bf41;--awb-circlecolor-hover:#ffffff;--awb-circlebordercolor:#84bf41;--awb-circlebordercolor-hover:#84bf41;--awb-circlebordersize:1px;--awb-font-size:26.4px;--awb-width:52.8px;--awb-height:52.8px;--awb-line-height:50.8px;--awb-align-self:center;--awb-margin-top:0px;--awb-margin-right:0px;--awb-margin-bottom:20px;--awb-margin-left:0px;\" href=\"https:\/\/dynnox.com\/es\/assemblage-shop\/\" target=\"_self\" aria-label=\"Link to https:\/\/dynnox.com\/es\/assemblage-shop\/\"><\/a><\/div><\/div><div class=\"fusion-layout-column fusion_builder_column fusion-builder-column-3 fusion_builder_column_1_3 1_3 fusion-flex-column\" style=\"--awb-bg-size:cover;--awb-width-large:33.333333333333%;--awb-margin-top-large:0px;--awb-spacing-right-large:5.76%;--awb-margin-bottom-large:20px;--awb-spacing-left-large:5.76%;--awb-width-medium:33.333333333333%;--awb-order-medium:0;--awb-spacing-right-medium:5.76%;--awb-spacing-left-medium:5.76%;--awb-width-small:100%;--awb-order-small:0;--awb-spacing-right-small:1.92%;--awb-spacing-left-small:1.92%;\"><div class=\"fusion-column-wrapper fusion-column-has-shadow fusion-flex-justify-content-flex-start fusion-content-layout-column\"><div class=\"fusion-text fusion-text-8\"><p style=\"text-align: center;\"><img decoding=\"async\" class=\"alignnone size-full wp-image-8097\" src=\"http:\/\/dynnox.com\/wp-content\/uploads\/2022\/12\/Prijsoverzicht-Dynnox.png\" alt=\"\" width=\"48\" height=\"48\"><\/p>\n<\/div><div class=\"fusion-text fusion-text-9\" style=\"--awb-text-color:#000000;--awb-margin-top:15px;--awb-text-font-family:&quot;Montserrat&quot;;--awb-text-font-style:normal;--awb-text-font-weight:400;\"><div class=\"page\" title=\"Page 2\">\n<div class=\"section\">\n<div class=\"layoutArea\">\n<div class=\"column\">\n<h2 style=\"text-align: center;\">Lista de precios<\/h2>\n<\/div>\n<\/div>\n<\/div>\n<\/div>\n<\/div><div class=\"fusion-text fusion-text-10\" style=\"--awb-text-transform:none;--awb-margin-top:15px;\"><p>\u00bfDesea obtener una visi\u00f3n clara de los precios de Dynnox de un vistazo? Entonces eche un vistazo a nuestro resumen de precios aqu\u00ed.<br \/>\n<a href=\"https:\/\/dynnox.com\/es\/dealer-locaties\/\"><strong>Concesionarios<\/strong><\/a> pueden ir a su <strong><a href=\"https:\/\/dynnox.com\/es\/dealer-login\/\">p\u00e1gina de acceso<\/a><\/strong> para consultar todos los precios.<\/p>\n<\/div><a class=\"fb-icon-element-3 fb-icon-element fontawesome-icon fa-angle-double-right fas circle-yes fusion-link icon-hover-animation-pulsate\" style=\"--awb-iconcolor-hover:#8cc63e;--awb-circlecolor:#84bf41;--awb-circlecolor-hover:#ffffff;--awb-circlebordercolor:#84bf41;--awb-circlebordercolor-hover:#84bf41;--awb-circlebordersize:1px;--awb-font-size:26.4px;--awb-width:52.8px;--awb-height:52.8px;--awb-line-height:50.8px;--awb-align-self:center;--awb-margin-top:0px;--awb-margin-right:0px;--awb-margin-bottom:20px;--awb-margin-left:0px;\" href=\"https:\/\/dynnox.com\/es\/prijslijst\/\" target=\"_self\" aria-label=\"Link to https:\/\/dynnox.com\/es\/prijslijst\/\"><\/a><\/div><\/div><div class=\"fusion-layout-column fusion_builder_column fusion-builder-column-4 fusion_builder_column_1_3 1_3 fusion-flex-column\" style=\"--awb-bg-size:cover;--awb-width-large:33.333333333333%;--awb-margin-top-large:0px;--awb-spacing-right-large:5.76%;--awb-margin-bottom-large:20px;--awb-spacing-left-large:5.76%;--awb-width-medium:33.333333333333%;--awb-order-medium:0;--awb-spacing-right-medium:5.76%;--awb-spacing-left-medium:5.76%;--awb-width-small:100%;--awb-order-small:0;--awb-spacing-right-small:1.92%;--awb-spacing-left-small:1.92%;\"><div class=\"fusion-column-wrapper fusion-column-has-shadow fusion-flex-justify-content-flex-start fusion-content-layout-column\"><\/div><\/div><div class=\"fusion-layout-column fusion_builder_column fusion-builder-column-5 fusion_builder_column_1_3 1_3 fusion-flex-column\" style=\"--awb-bg-size:cover;--awb-width-large:33.333333333333%;--awb-margin-top-large:0px;--awb-spacing-right-large:5.76%;--awb-margin-bottom-large:20px;--awb-spacing-left-large:5.76%;--awb-width-medium:33.333333333333%;--awb-order-medium:0;--awb-spacing-right-medium:5.76%;--awb-spacing-left-medium:5.76%;--awb-width-small:100%;--awb-order-small:0;--awb-spacing-right-small:1.92%;--awb-spacing-left-small:1.92%;\"><div class=\"fusion-column-wrapper fusion-column-has-shadow fusion-flex-justify-content-flex-start fusion-content-layout-column\"><\/div><\/div><div class=\"fusion-layout-column fusion_builder_column fusion-builder-column-6 fusion_builder_column_1_3 1_3 fusion-flex-column\" style=\"--awb-bg-size:cover;--awb-width-large:33.333333333333%;--awb-margin-top-large:0px;--awb-spacing-right-large:5.76%;--awb-margin-bottom-large:20px;--awb-spacing-left-large:5.76%;--awb-width-medium:33.333333333333%;--awb-order-medium:0;--awb-spacing-right-medium:5.76%;--awb-spacing-left-medium:5.76%;--awb-width-small:100%;--awb-order-small:0;--awb-spacing-right-small:1.92%;--awb-spacing-left-small:1.92%;\"><div class=\"fusion-column-wrapper fusion-column-has-shadow fusion-flex-justify-content-flex-start fusion-content-layout-column\"><\/div><\/div><\/div><\/div><\/p>\n","protected":false},"excerpt":{"rendered":"","protected":false},"author":1,"featured_media":0,"parent":0,"menu_order":0,"comment_status":"closed","ping_status":"closed","template":"100-width.php","meta":{"ngg_post_thumbnail":0,"footnotes":""},"class_list":["post-13895","page","type-page","status-publish","hentry"],"yoast_head":"<!-- This site is optimized with the Yoast SEO plugin v27.3 - https:\/\/yoast.com\/product\/yoast-seo-wordpress\/ -->\n<title>Tienda - Dynnox<\/title>\n<meta name=\"robots\" content=\"index, follow, max-snippet:-1, max-image-preview:large, max-video-preview:-1\" \/>\n<link rel=\"canonical\" href=\"https:\/\/dynnox.com\/es\/tienda\/\" \/>\n<meta property=\"og:locale\" content=\"es_ES\" \/>\n<meta property=\"og:type\" content=\"article\" \/>\n<meta property=\"og:title\" content=\"Tienda - Dynnox\" \/>\n<meta property=\"og:url\" content=\"https:\/\/dynnox.com\/es\/tienda\/\" \/>\n<meta property=\"og:site_name\" content=\"Dynnox\" \/>\n<meta property=\"article:publisher\" content=\"https:\/\/facebook.com\/dynnox\" \/>\n<meta property=\"article:modified_time\" content=\"2024-07-04T20:25:45+00:00\" \/>\n<meta property=\"og:image\" content=\"http:\/\/dynnox.com\/wp-content\/uploads\/2022\/12\/Checklist-stappenplan-Dynnox.png\" \/>\n<meta name=\"twitter:card\" content=\"summary_large_image\" \/>\n<meta name=\"twitter:site\" content=\"@dynnox\" \/>\n<meta name=\"twitter:label1\" content=\"Tiempo de lectura\" \/>\n\t<meta name=\"twitter:data1\" content=\"21 minutos\" \/>\n<script type=\"application\/ld+json\" class=\"yoast-schema-graph\">{\"@context\":\"https:\\\/\\\/schema.org\",\"@graph\":[{\"@type\":\"WebPage\",\"@id\":\"https:\\\/\\\/dynnox.com\\\/es\\\/tienda\\\/\",\"url\":\"https:\\\/\\\/dynnox.com\\\/es\\\/tienda\\\/\",\"name\":\"Tienda - Dynnox\",\"isPartOf\":{\"@id\":\"https:\\\/\\\/dynnox.com\\\/es\\\/#website\"},\"primaryImageOfPage\":{\"@id\":\"https:\\\/\\\/dynnox.com\\\/es\\\/tienda\\\/#primaryimage\"},\"image\":{\"@id\":\"https:\\\/\\\/dynnox.com\\\/es\\\/tienda\\\/#primaryimage\"},\"thumbnailUrl\":\"http:\\\/\\\/dynnox.com\\\/wp-content\\\/uploads\\\/2022\\\/12\\\/Checklist-stappenplan-Dynnox.png\",\"datePublished\":\"2021-02-23T20:02:56+00:00\",\"dateModified\":\"2024-07-04T20:25:45+00:00\",\"breadcrumb\":{\"@id\":\"https:\\\/\\\/dynnox.com\\\/es\\\/tienda\\\/#breadcrumb\"},\"inLanguage\":\"es\",\"potentialAction\":[{\"@type\":\"ReadAction\",\"target\":[\"https:\\\/\\\/dynnox.com\\\/es\\\/tienda\\\/\"]}]},{\"@type\":\"ImageObject\",\"inLanguage\":\"es\",\"@id\":\"https:\\\/\\\/dynnox.com\\\/es\\\/tienda\\\/#primaryimage\",\"url\":\"http:\\\/\\\/dynnox.com\\\/wp-content\\\/uploads\\\/2022\\\/12\\\/Checklist-stappenplan-Dynnox.png\",\"contentUrl\":\"http:\\\/\\\/dynnox.com\\\/wp-content\\\/uploads\\\/2022\\\/12\\\/Checklist-stappenplan-Dynnox.png\"},{\"@type\":\"BreadcrumbList\",\"@id\":\"https:\\\/\\\/dynnox.com\\\/es\\\/tienda\\\/#breadcrumb\",\"itemListElement\":[{\"@type\":\"ListItem\",\"position\":1,\"name\":\"Home\",\"item\":\"https:\\\/\\\/dynnox.com\\\/es\\\/\"},{\"@type\":\"ListItem\",\"position\":2,\"name\":\"Tienda\"}]},{\"@type\":\"WebSite\",\"@id\":\"https:\\\/\\\/dynnox.com\\\/es\\\/#website\",\"url\":\"https:\\\/\\\/dynnox.com\\\/es\\\/\",\"name\":\"Dynnox\",\"description\":\"smart trolley, easy (un)loading\",\"publisher\":{\"@id\":\"https:\\\/\\\/dynnox.com\\\/es\\\/#organization\"},\"potentialAction\":[{\"@type\":\"SearchAction\",\"target\":{\"@type\":\"EntryPoint\",\"urlTemplate\":\"https:\\\/\\\/dynnox.com\\\/es\\\/?s={search_term_string}\"},\"query-input\":{\"@type\":\"PropertyValueSpecification\",\"valueRequired\":true,\"valueName\":\"search_term_string\"}}],\"inLanguage\":\"es\"},{\"@type\":\"Organization\",\"@id\":\"https:\\\/\\\/dynnox.com\\\/es\\\/#organization\",\"name\":\"Dynnox\",\"url\":\"https:\\\/\\\/dynnox.com\\\/es\\\/\",\"logo\":{\"@type\":\"ImageObject\",\"inLanguage\":\"es\",\"@id\":\"https:\\\/\\\/dynnox.com\\\/es\\\/#\\\/schema\\\/logo\\\/image\\\/\",\"url\":\"http:\\\/\\\/dynnox.com\\\/wp-content\\\/uploads\\\/2022\\\/01\\\/dynnox_logo_witte_achtergrond.png\",\"contentUrl\":\"http:\\\/\\\/dynnox.com\\\/wp-content\\\/uploads\\\/2022\\\/01\\\/dynnox_logo_witte_achtergrond.png\",\"width\":1077,\"height\":183,\"caption\":\"Dynnox\"},\"image\":{\"@id\":\"https:\\\/\\\/dynnox.com\\\/es\\\/#\\\/schema\\\/logo\\\/image\\\/\"},\"sameAs\":[\"https:\\\/\\\/facebook.com\\\/dynnox\",\"https:\\\/\\\/x.com\\\/dynnox\",\"https:\\\/\\\/www.linkedin.com\\\/company\\\/dynnox\\\/\",\"https:\\\/\\\/www.youtube.com\\\/channel\\\/UCtQYDhnSicXD2jFkBsLzblg\"]}]}<\/script>\n<!-- \/ Yoast SEO plugin. -->","yoast_head_json":{"title":"Tienda - Dynnox","robots":{"index":"index","follow":"follow","max-snippet":"max-snippet:-1","max-image-preview":"max-image-preview:large","max-video-preview":"max-video-preview:-1"},"canonical":"https:\/\/dynnox.com\/es\/tienda\/","og_locale":"es_ES","og_type":"article","og_title":"Tienda - Dynnox","og_url":"https:\/\/dynnox.com\/es\/tienda\/","og_site_name":"Dynnox","article_publisher":"https:\/\/facebook.com\/dynnox","article_modified_time":"2024-07-04T20:25:45+00:00","og_image":[{"url":"http:\/\/dynnox.com\/wp-content\/uploads\/2022\/12\/Checklist-stappenplan-Dynnox.png","type":"","width":"","height":""}],"twitter_card":"summary_large_image","twitter_site":"@dynnox","twitter_misc":{"Tiempo de lectura":"21 minutos"},"schema":{"@context":"https:\/\/schema.org","@graph":[{"@type":"WebPage","@id":"https:\/\/dynnox.com\/es\/tienda\/","url":"https:\/\/dynnox.com\/es\/tienda\/","name":"Tienda - Dynnox","isPartOf":{"@id":"https:\/\/dynnox.com\/es\/#website"},"primaryImageOfPage":{"@id":"https:\/\/dynnox.com\/es\/tienda\/#primaryimage"},"image":{"@id":"https:\/\/dynnox.com\/es\/tienda\/#primaryimage"},"thumbnailUrl":"http:\/\/dynnox.com\/wp-content\/uploads\/2022\/12\/Checklist-stappenplan-Dynnox.png","datePublished":"2021-02-23T20:02:56+00:00","dateModified":"2024-07-04T20:25:45+00:00","breadcrumb":{"@id":"https:\/\/dynnox.com\/es\/tienda\/#breadcrumb"},"inLanguage":"es","potentialAction":[{"@type":"ReadAction","target":["https:\/\/dynnox.com\/es\/tienda\/"]}]},{"@type":"ImageObject","inLanguage":"es","@id":"https:\/\/dynnox.com\/es\/tienda\/#primaryimage","url":"http:\/\/dynnox.com\/wp-content\/uploads\/2022\/12\/Checklist-stappenplan-Dynnox.png","contentUrl":"http:\/\/dynnox.com\/wp-content\/uploads\/2022\/12\/Checklist-stappenplan-Dynnox.png"},{"@type":"BreadcrumbList","@id":"https:\/\/dynnox.com\/es\/tienda\/#breadcrumb","itemListElement":[{"@type":"ListItem","position":1,"name":"Home","item":"https:\/\/dynnox.com\/es\/"},{"@type":"ListItem","position":2,"name":"Tienda"}]},{"@type":"WebSite","@id":"https:\/\/dynnox.com\/es\/#website","url":"https:\/\/dynnox.com\/es\/","name":"Dynnox","description":"smart trolley, easy (un)loading","publisher":{"@id":"https:\/\/dynnox.com\/es\/#organization"},"potentialAction":[{"@type":"SearchAction","target":{"@type":"EntryPoint","urlTemplate":"https:\/\/dynnox.com\/es\/?s={search_term_string}"},"query-input":{"@type":"PropertyValueSpecification","valueRequired":true,"valueName":"search_term_string"}}],"inLanguage":"es"},{"@type":"Organization","@id":"https:\/\/dynnox.com\/es\/#organization","name":"Dynnox","url":"https:\/\/dynnox.com\/es\/","logo":{"@type":"ImageObject","inLanguage":"es","@id":"https:\/\/dynnox.com\/es\/#\/schema\/logo\/image\/","url":"http:\/\/dynnox.com\/wp-content\/uploads\/2022\/01\/dynnox_logo_witte_achtergrond.png","contentUrl":"http:\/\/dynnox.com\/wp-content\/uploads\/2022\/01\/dynnox_logo_witte_achtergrond.png","width":1077,"height":183,"caption":"Dynnox"},"image":{"@id":"https:\/\/dynnox.com\/es\/#\/schema\/logo\/image\/"},"sameAs":["https:\/\/facebook.com\/dynnox","https:\/\/x.com\/dynnox","https:\/\/www.linkedin.com\/company\/dynnox\/","https:\/\/www.youtube.com\/channel\/UCtQYDhnSicXD2jFkBsLzblg"]}]}},"_links":{"self":[{"href":"https:\/\/dynnox.com\/es\/wp-json\/wp\/v2\/pages\/13895","targetHints":{"allow":["GET"]}}],"collection":[{"href":"https:\/\/dynnox.com\/es\/wp-json\/wp\/v2\/pages"}],"about":[{"href":"https:\/\/dynnox.com\/es\/wp-json\/wp\/v2\/types\/page"}],"author":[{"embeddable":true,"href":"https:\/\/dynnox.com\/es\/wp-json\/wp\/v2\/users\/1"}],"replies":[{"embeddable":true,"href":"https:\/\/dynnox.com\/es\/wp-json\/wp\/v2\/comments?post=13895"}],"version-history":[{"count":0,"href":"https:\/\/dynnox.com\/es\/wp-json\/wp\/v2\/pages\/13895\/revisions"}],"wp:attachment":[{"href":"https:\/\/dynnox.com\/es\/wp-json\/wp\/v2\/media?parent=13895"}],"curies":[{"name":"wp","href":"https:\/\/api.w.org\/{rel}","templated":true}]}}