{"id":17308,"date":"2025-03-02T20:26:22","date_gmt":"2025-03-02T20:26:22","guid":{"rendered":"https:\/\/dynnox.com\/los-valores-anadidos\/"},"modified":"2025-03-08T12:34:35","modified_gmt":"2025-03-08T12:34:35","slug":"los-valores-anadidos","status":"publish","type":"page","link":"https:\/\/dynnox.com\/es\/los-valores-anadidos\/","title":{"rendered":"Los valores a\u00f1adidos"},"content":{"rendered":"<p><div class=\"fusion-fullwidth fullwidth-box fusion-builder-row-1 fusion-flex-container has-pattern-background has-mask-background nonhundred-percent-fullwidth non-hundred-percent-height-scrolling\" style=\"--awb-border-radius-top-left:0px;--awb-border-radius-top-right:0px;--awb-border-radius-bottom-right:0px;--awb-border-radius-bottom-left:0px;--awb-flex-wrap:wrap;\" ><div class=\"fusion-builder-row fusion-row fusion-flex-align-items-flex-start fusion-flex-content-wrap\" style=\"max-width:1456px;margin-left: calc(-4% \/ 2 );margin-right: calc(-4% \/ 2 );\"><div class=\"fusion-layout-column fusion_builder_column fusion-builder-column-0 fusion_builder_column_1_1 1_1 fusion-flex-column\" style=\"--awb-bg-size:cover;--awb-width-large:100%;--awb-margin-top-large:-20px;--awb-spacing-right-large:1.92%;--awb-margin-bottom-large:20px;--awb-spacing-left-large:1.92%;--awb-width-medium:100%;--awb-order-medium:0;--awb-spacing-right-medium:1.92%;--awb-spacing-left-medium:1.92%;--awb-width-small:100%;--awb-order-small:0;--awb-spacing-right-small:1.92%;--awb-spacing-left-small:1.92%;\"><div class=\"fusion-column-wrapper fusion-column-has-shadow fusion-flex-justify-content-flex-start fusion-content-layout-column\"><nav class=\"fusion-breadcrumbs awb-yoast-breadcrumbs fusion-breadcrumbs-1\" style=\"--awb-margin-top:-20px;--awb-margin-bottom:-20px;--awb-breadcrumb-sep:&#039;\/&#039;;\" aria-label=\"Breadcrumb\"><span><span><a href=\"https:\/\/dynnox.com\/es\/\">Home<\/a><\/span><\/span><\/nav><\/div><\/div><\/div><\/div>\n<div class=\"fusion-fullwidth fullwidth-box fusion-builder-row-2 fusion-flex-container nonhundred-percent-fullwidth non-hundred-percent-height-scrolling\" style=\"--awb-border-radius-top-left:0px;--awb-border-radius-top-right:0px;--awb-border-radius-bottom-right:0px;--awb-border-radius-bottom-left:0px;--awb-flex-wrap:wrap;\" ><div class=\"fusion-builder-row fusion-row fusion-flex-align-items-flex-start fusion-flex-content-wrap\" style=\"max-width:1456px;margin-left: calc(-4% \/ 2 );margin-right: calc(-4% \/ 2 );\"><div class=\"fusion-layout-column fusion_builder_column fusion-builder-column-1 fusion_builder_column_1_1 1_1 fusion-flex-column\" style=\"--awb-bg-size:cover;--awb-width-large:100%;--awb-margin-top-large:0px;--awb-spacing-right-large:1.92%;--awb-margin-bottom-large:20px;--awb-spacing-left-large:1.92%;--awb-width-medium:100%;--awb-order-medium:0;--awb-spacing-right-medium:1.92%;--awb-spacing-left-medium:1.92%;--awb-width-small:100%;--awb-order-small:0;--awb-spacing-right-small:1.92%;--awb-spacing-left-small:1.92%;\"><div class=\"fusion-column-wrapper fusion-column-has-shadow fusion-flex-justify-content-flex-start fusion-content-layout-column\"><div class=\"fusion-text fusion-text-1\" style=\"--awb-text-transform:none;\"><h1><strong>Los valores a\u00f1adidos<\/strong><\/h1>\n<h2><strong>\u00bfQu\u00e9 valores ofrece Dynnox <u>a sus clientes<\/u><\/strong>?<\/h2>\n<ul>\n<li><strong><em>Una soluci\u00f3n<\/em><\/strong> que permite cargar, descargar y transportar r\u00e1pidamente mercanc\u00edas, m\u00e1quinas y\/o materiales.<\/li>\n<li><strong><em>Eficiencia sin precedentes,<\/em><\/strong> por ejemplo, teniendo siempre todo a mano o cargando y\/o descargando un gran volumen en 10 segundos.<\/li>\n<li>Una funcionalidad l\u00f3gica que <strong><em>hace posible nuevos m\u00e9todos de trabajo y servicios<\/em><\/strong>.<\/li>\n<li>Un sistema \u00fanico de carga, descarga y transporte que <strong><em>hace que el trabajo sea m\u00e1s f\u00e1cil y <\/em><\/strong>ergon\u00f3mico.<\/li>\n<li><strong><em>Un car\u00e1cter distintivo<\/em><\/strong> que impresiona a sus clientes.<\/li>\n<li><strong><em>Una inversi\u00f3n sostenible,<\/em><\/strong> porque un Dynnox dura al menos 10 a\u00f1os (de dos a tres veh\u00edculos de empresa).<\/li>\n<li><strong><em>Una soluci\u00f3n asequible <\/em><\/strong>de aprox. 95 \u20ac al mes que se pueden incluir en un contrato de arrendamiento como parte del equipamiento global.<\/li>\n<\/ul>\n<\/div><\/div><\/div><\/div><\/div><div class=\"fusion-fullwidth fullwidth-box fusion-builder-row-3 fusion-flex-container has-pattern-background has-mask-background nonhundred-percent-fullwidth non-hundred-percent-height-scrolling\" style=\"--awb-border-radius-top-left:0px;--awb-border-radius-top-right:0px;--awb-border-radius-bottom-right:0px;--awb-border-radius-bottom-left:0px;--awb-flex-wrap:wrap;\" ><div class=\"fusion-builder-row fusion-row fusion-flex-align-items-flex-start fusion-flex-content-wrap\" style=\"max-width:1456px;margin-left: calc(-4% \/ 2 );margin-right: calc(-4% \/ 2 );\"><div class=\"fusion-layout-column fusion_builder_column fusion-builder-column-2 fusion_builder_column_1_1 1_1 fusion-flex-column\" style=\"--awb-padding-left:-5px;--awb-bg-size:cover;--awb-width-large:100%;--awb-margin-top-large:0px;--awb-spacing-right-large:1.92%;--awb-margin-bottom-large:20px;--awb-spacing-left-large:1.92%;--awb-width-medium:100%;--awb-order-medium:0;--awb-spacing-right-medium:1.92%;--awb-spacing-left-medium:1.92%;--awb-width-small:100%;--awb-order-small:0;--awb-spacing-right-small:1.92%;--awb-spacing-left-small:1.92%;\" data-scroll-devices=\"small-visibility,medium-visibility,large-visibility\"><div class=\"fusion-column-wrapper fusion-column-has-shadow fusion-flex-justify-content-flex-start fusion-content-layout-column\"><div class=\"fusion-text fusion-text-2\" style=\"--awb-text-transform:none;\"><h2><strong>\u00bfQu\u00e9 valores le ofrece Dynnox <u> <\/u>?<\/strong><\/h2>\n<ul>\n<li><strong><em>Importante facturaci\u00f3n adicional<\/em><\/strong> por encargo gracias al margen del propio Dynnox, las horas de montaje, la instalaci\u00f3n en el veh\u00edculo y la aplicaci\u00f3n en el Dynnox. Esto puede suponer hasta 3.000 \u20ac por Dynnox.<\/li>\n<li><strong><em>Un argumento de venta muy sencillo<\/em><\/strong>, porque Dynnox tiene sentido.<\/li>\n<li><strong><em>Un gran atractivo<\/em><\/strong> para nuevos clientes debido a la sencillez de Dynnox combinada con sus numerosas posibilidades<strong><em>.<\/em><\/strong><\/li>\n<li><strong><em>La capacidad de dirigirse usted mismo a nuevos clientes<\/em><\/strong> con una propuesta distintiva.<\/li>\n<li><strong><em>Una t\u00e9cnica probada<\/em><\/strong> sin cuidados posteriores.<\/li>\n<\/ul>\n<\/div><\/div><\/div><\/div><\/div><div class=\"fusion-fullwidth fullwidth-box fusion-builder-row-4 fusion-flex-container has-pattern-background has-mask-background nonhundred-percent-fullwidth non-hundred-percent-height-scrolling\" style=\"--awb-border-radius-top-left:0px;--awb-border-radius-top-right:0px;--awb-border-radius-bottom-right:0px;--awb-border-radius-bottom-left:0px;--awb-flex-wrap:wrap;\" ><div class=\"fusion-builder-row fusion-row fusion-flex-align-items-flex-start fusion-flex-content-wrap\" style=\"max-width:1456px;margin-left: calc(-4% \/ 2 );margin-right: calc(-4% \/ 2 );\"><div class=\"fusion-layout-column fusion_builder_column fusion-builder-column-3 fusion_builder_column_1_1 1_1 fusion-flex-column\" style=\"--awb-bg-size:cover;--awb-width-large:100%;--awb-margin-top-large:0px;--awb-spacing-right-large:1.92%;--awb-margin-bottom-large:20px;--awb-spacing-left-large:1.92%;--awb-width-medium:100%;--awb-order-medium:0;--awb-spacing-right-medium:1.92%;--awb-spacing-left-medium:1.92%;--awb-width-small:100%;--awb-order-small:0;--awb-spacing-right-small:1.92%;--awb-spacing-left-small:1.92%;\" data-scroll-devices=\"small-visibility,medium-visibility,large-visibility\"><div class=\"fusion-column-wrapper fusion-column-has-shadow fusion-flex-justify-content-flex-start fusion-content-layout-column\"><div class=\"fusion-text fusion-text-3\" style=\"--awb-text-transform:none;\"><h2><strong>\u00bfC\u00f3mo se puede convertir Dynnox en un \u00e9xito para usted?<\/strong><\/h2>\n<ul>\n<li><strong><em>Al desarrollar un m\u00f3dulo de montaje en superficie bien pensado,<\/em><\/strong> desarrollado para una aplicaci\u00f3n espec\u00edfica, resulta m\u00e1s concreto para su cliente. Cuanto m\u00e1s espec\u00edfica sea la soluci\u00f3n, mayores ser\u00e1n las posibilidades de venta.<\/li>\n<li><strong><em>Eligiendo como m\u00e1ximo tres grupos destinatarios<\/em><\/strong> y <strong><em>centr\u00e1ndose en ellos<\/em><\/strong>. Esto le aportar\u00e1 nuevos clientes aunque no venda Dynnox.<\/li>\n<li><strong><em>Los mejores embajadores son sus primeros clientes<\/em><\/strong>. Invertir en este modelo de negocio merece la pena, aunque lleve tiempo.<\/li>\n<\/ul>\n<\/div><\/div><\/div><\/div><\/div><div class=\"fusion-fullwidth fullwidth-box fusion-builder-row-5 fusion-flex-container nonhundred-percent-fullwidth non-hundred-percent-height-scrolling\" style=\"--awb-border-radius-top-left:0px;--awb-border-radius-top-right:0px;--awb-border-radius-bottom-right:0px;--awb-border-radius-bottom-left:0px;--awb-flex-wrap:wrap;\" ><div class=\"fusion-builder-row fusion-row fusion-flex-align-items-flex-start fusion-flex-content-wrap\" style=\"max-width:1456px;margin-left: calc(-4% \/ 2 );margin-right: calc(-4% \/ 2 );\"><div class=\"fusion-layout-column fusion_builder_column fusion-builder-column-4 fusion_builder_column_1_1 1_1 fusion-flex-column\" style=\"--awb-bg-size:cover;--awb-width-large:100%;--awb-margin-top-large:0px;--awb-spacing-right-large:1.92%;--awb-margin-bottom-large:20px;--awb-spacing-left-large:1.92%;--awb-width-medium:100%;--awb-order-medium:0;--awb-spacing-right-medium:1.92%;--awb-spacing-left-medium:1.92%;--awb-width-small:100%;--awb-order-small:0;--awb-spacing-right-small:1.92%;--awb-spacing-left-small:1.92%;\"><div class=\"fusion-column-wrapper fusion-column-has-shadow fusion-flex-justify-content-flex-start fusion-content-layout-column\"><div class=\"fusion-text fusion-text-4\" style=\"--awb-text-transform:none;\"><h2><strong>\u00bfQui\u00e9nes son los clientes potenciales<\/strong>?<\/h2>\n<ul>\n<li>Instaladores<\/li>\n<li>Fabricantes de maquinaria<\/li>\n<li>Empresas de distribuci\u00f3n de comidas<\/li>\n<li>Veterinarios<\/li>\n<li>Dentistas de caballos<\/li>\n<li>Herradores<\/li>\n<li>Jardineros<\/li>\n<li>Cuidadores de plantas de interior<\/li>\n<li>Talleres de reparaci\u00f3n sin pintura (PDR o reparaci\u00f3n inteligente)<\/li>\n<li>Pintores<\/li>\n<li>Comerciantes en puestos de mercado<\/li>\n<li>Instaladores de sistemas de extinci\u00f3n de incendios<\/li>\n<li>Etc.<\/li>\n<\/ul>\n<h2><strong>\u00bfLe interesa?<\/strong><\/h2>\n<p>H\u00e1ganoslo saber envi\u00e1ndonos sus datos: <a href=\"https:\/\/dynnox.com\/es\/conviertase-en-distribuidor\/\">registrarse como nuevo distribuidor&nbsp;<\/a><\/p>\n<\/div><\/div><\/div><\/div><\/div><\/p>\n","protected":false},"excerpt":{"rendered":"","protected":false},"author":6,"featured_media":0,"parent":0,"menu_order":0,"comment_status":"closed","ping_status":"closed","template":"","meta":{"ngg_post_thumbnail":0,"footnotes":""},"class_list":["post-17308","page","type-page","status-publish","hentry"],"yoast_head":"<!-- This site is optimized with the Yoast SEO plugin v27.3 - https:\/\/yoast.com\/product\/yoast-seo-wordpress\/ -->\n<title>Los valores a\u00f1adidos - Dynnox<\/title>\n<meta name=\"robots\" content=\"index, follow, max-snippet:-1, max-image-preview:large, max-video-preview:-1\" \/>\n<link rel=\"canonical\" href=\"https:\/\/dynnox.com\/es\/los-valores-anadidos\/\" \/>\n<meta property=\"og:locale\" content=\"es_ES\" \/>\n<meta property=\"og:type\" content=\"article\" \/>\n<meta property=\"og:title\" content=\"Los valores a\u00f1adidos - Dynnox\" \/>\n<meta property=\"og:url\" content=\"https:\/\/dynnox.com\/es\/los-valores-anadidos\/\" \/>\n<meta property=\"og:site_name\" content=\"Dynnox\" \/>\n<meta property=\"article:publisher\" content=\"https:\/\/facebook.com\/dynnox\" \/>\n<meta property=\"article:modified_time\" content=\"2025-03-08T12:34:35+00:00\" \/>\n<meta name=\"twitter:card\" content=\"summary_large_image\" \/>\n<meta name=\"twitter:site\" content=\"@dynnox\" \/>\n<meta name=\"twitter:label1\" content=\"Tiempo de lectura\" \/>\n\t<meta name=\"twitter:data1\" content=\"21 minutos\" \/>\n<script type=\"application\/ld+json\" class=\"yoast-schema-graph\">{\"@context\":\"https:\\\/\\\/schema.org\",\"@graph\":[{\"@type\":\"WebPage\",\"@id\":\"https:\\\/\\\/dynnox.com\\\/es\\\/los-valores-anadidos\\\/\",\"url\":\"https:\\\/\\\/dynnox.com\\\/es\\\/los-valores-anadidos\\\/\",\"name\":\"Los valores a\u00f1adidos - Dynnox\",\"isPartOf\":{\"@id\":\"https:\\\/\\\/dynnox.com\\\/es\\\/#website\"},\"datePublished\":\"2025-03-02T20:26:22+00:00\",\"dateModified\":\"2025-03-08T12:34:35+00:00\",\"breadcrumb\":{\"@id\":\"https:\\\/\\\/dynnox.com\\\/es\\\/los-valores-anadidos\\\/#breadcrumb\"},\"inLanguage\":\"es\",\"potentialAction\":[{\"@type\":\"ReadAction\",\"target\":[\"https:\\\/\\\/dynnox.com\\\/es\\\/los-valores-anadidos\\\/\"]}]},{\"@type\":\"BreadcrumbList\",\"@id\":\"https:\\\/\\\/dynnox.com\\\/es\\\/los-valores-anadidos\\\/#breadcrumb\",\"itemListElement\":[{\"@type\":\"ListItem\",\"position\":1,\"name\":\"Home\",\"item\":\"https:\\\/\\\/dynnox.com\\\/es\\\/\"},{\"@type\":\"ListItem\",\"position\":2,\"name\":\"Los valores a\u00f1adidos\"}]},{\"@type\":\"WebSite\",\"@id\":\"https:\\\/\\\/dynnox.com\\\/es\\\/#website\",\"url\":\"https:\\\/\\\/dynnox.com\\\/es\\\/\",\"name\":\"Dynnox\",\"description\":\"smart trolley, easy (un)loading\",\"publisher\":{\"@id\":\"https:\\\/\\\/dynnox.com\\\/es\\\/#organization\"},\"potentialAction\":[{\"@type\":\"SearchAction\",\"target\":{\"@type\":\"EntryPoint\",\"urlTemplate\":\"https:\\\/\\\/dynnox.com\\\/es\\\/?s={search_term_string}\"},\"query-input\":{\"@type\":\"PropertyValueSpecification\",\"valueRequired\":true,\"valueName\":\"search_term_string\"}}],\"inLanguage\":\"es\"},{\"@type\":\"Organization\",\"@id\":\"https:\\\/\\\/dynnox.com\\\/es\\\/#organization\",\"name\":\"Dynnox\",\"url\":\"https:\\\/\\\/dynnox.com\\\/es\\\/\",\"logo\":{\"@type\":\"ImageObject\",\"inLanguage\":\"es\",\"@id\":\"https:\\\/\\\/dynnox.com\\\/es\\\/#\\\/schema\\\/logo\\\/image\\\/\",\"url\":\"http:\\\/\\\/dynnox.com\\\/wp-content\\\/uploads\\\/2022\\\/01\\\/dynnox_logo_witte_achtergrond.png\",\"contentUrl\":\"http:\\\/\\\/dynnox.com\\\/wp-content\\\/uploads\\\/2022\\\/01\\\/dynnox_logo_witte_achtergrond.png\",\"width\":1077,\"height\":183,\"caption\":\"Dynnox\"},\"image\":{\"@id\":\"https:\\\/\\\/dynnox.com\\\/es\\\/#\\\/schema\\\/logo\\\/image\\\/\"},\"sameAs\":[\"https:\\\/\\\/facebook.com\\\/dynnox\",\"https:\\\/\\\/x.com\\\/dynnox\",\"https:\\\/\\\/www.linkedin.com\\\/company\\\/dynnox\\\/\",\"https:\\\/\\\/www.youtube.com\\\/channel\\\/UCtQYDhnSicXD2jFkBsLzblg\"]}]}<\/script>\n<!-- \/ Yoast SEO plugin. -->","yoast_head_json":{"title":"Los valores a\u00f1adidos - Dynnox","robots":{"index":"index","follow":"follow","max-snippet":"max-snippet:-1","max-image-preview":"max-image-preview:large","max-video-preview":"max-video-preview:-1"},"canonical":"https:\/\/dynnox.com\/es\/los-valores-anadidos\/","og_locale":"es_ES","og_type":"article","og_title":"Los valores a\u00f1adidos - Dynnox","og_url":"https:\/\/dynnox.com\/es\/los-valores-anadidos\/","og_site_name":"Dynnox","article_publisher":"https:\/\/facebook.com\/dynnox","article_modified_time":"2025-03-08T12:34:35+00:00","twitter_card":"summary_large_image","twitter_site":"@dynnox","twitter_misc":{"Tiempo de lectura":"21 minutos"},"schema":{"@context":"https:\/\/schema.org","@graph":[{"@type":"WebPage","@id":"https:\/\/dynnox.com\/es\/los-valores-anadidos\/","url":"https:\/\/dynnox.com\/es\/los-valores-anadidos\/","name":"Los valores a\u00f1adidos - Dynnox","isPartOf":{"@id":"https:\/\/dynnox.com\/es\/#website"},"datePublished":"2025-03-02T20:26:22+00:00","dateModified":"2025-03-08T12:34:35+00:00","breadcrumb":{"@id":"https:\/\/dynnox.com\/es\/los-valores-anadidos\/#breadcrumb"},"inLanguage":"es","potentialAction":[{"@type":"ReadAction","target":["https:\/\/dynnox.com\/es\/los-valores-anadidos\/"]}]},{"@type":"BreadcrumbList","@id":"https:\/\/dynnox.com\/es\/los-valores-anadidos\/#breadcrumb","itemListElement":[{"@type":"ListItem","position":1,"name":"Home","item":"https:\/\/dynnox.com\/es\/"},{"@type":"ListItem","position":2,"name":"Los valores a\u00f1adidos"}]},{"@type":"WebSite","@id":"https:\/\/dynnox.com\/es\/#website","url":"https:\/\/dynnox.com\/es\/","name":"Dynnox","description":"smart trolley, easy (un)loading","publisher":{"@id":"https:\/\/dynnox.com\/es\/#organization"},"potentialAction":[{"@type":"SearchAction","target":{"@type":"EntryPoint","urlTemplate":"https:\/\/dynnox.com\/es\/?s={search_term_string}"},"query-input":{"@type":"PropertyValueSpecification","valueRequired":true,"valueName":"search_term_string"}}],"inLanguage":"es"},{"@type":"Organization","@id":"https:\/\/dynnox.com\/es\/#organization","name":"Dynnox","url":"https:\/\/dynnox.com\/es\/","logo":{"@type":"ImageObject","inLanguage":"es","@id":"https:\/\/dynnox.com\/es\/#\/schema\/logo\/image\/","url":"http:\/\/dynnox.com\/wp-content\/uploads\/2022\/01\/dynnox_logo_witte_achtergrond.png","contentUrl":"http:\/\/dynnox.com\/wp-content\/uploads\/2022\/01\/dynnox_logo_witte_achtergrond.png","width":1077,"height":183,"caption":"Dynnox"},"image":{"@id":"https:\/\/dynnox.com\/es\/#\/schema\/logo\/image\/"},"sameAs":["https:\/\/facebook.com\/dynnox","https:\/\/x.com\/dynnox","https:\/\/www.linkedin.com\/company\/dynnox\/","https:\/\/www.youtube.com\/channel\/UCtQYDhnSicXD2jFkBsLzblg"]}]}},"_links":{"self":[{"href":"https:\/\/dynnox.com\/es\/wp-json\/wp\/v2\/pages\/17308","targetHints":{"allow":["GET"]}}],"collection":[{"href":"https:\/\/dynnox.com\/es\/wp-json\/wp\/v2\/pages"}],"about":[{"href":"https:\/\/dynnox.com\/es\/wp-json\/wp\/v2\/types\/page"}],"author":[{"embeddable":true,"href":"https:\/\/dynnox.com\/es\/wp-json\/wp\/v2\/users\/6"}],"replies":[{"embeddable":true,"href":"https:\/\/dynnox.com\/es\/wp-json\/wp\/v2\/comments?post=17308"}],"version-history":[{"count":0,"href":"https:\/\/dynnox.com\/es\/wp-json\/wp\/v2\/pages\/17308\/revisions"}],"wp:attachment":[{"href":"https:\/\/dynnox.com\/es\/wp-json\/wp\/v2\/media?parent=17308"}],"curies":[{"name":"wp","href":"https:\/\/api.w.org\/{rel}","templated":true}]}}