{"id":12204,"date":"2022-01-31T14:17:16","date_gmt":"2022-01-31T14:17:16","guid":{"rendered":"https:\/\/dynnox.com\/product\/auto-interface-of-the-dynnox-xl53\/"},"modified":"2024-08-17T11:46:42","modified_gmt":"2024-08-17T11:46:42","slug":"auto-interface-of-the-dynnox-xl53","status":"publish","type":"product","link":"https:\/\/dynnox.com\/fr\/product\/auto-interface-of-the-dynnox-xl53\/","title":{"rendered":"Auto interface pour le Dynnox XL53"},"content":{"rendered":"<p>L&rsquo;interface du v\u00e9hicule se compose de trois \u00e9l\u00e9ments principaux : la plate-forme de chargement, le plateau de chargement et la plaque de bois. Le transporteur XL53 n&rsquo;est pas inclus.<\/p>\n<p>L&rsquo;interface du v\u00e9hicule a trois fonctions essentielles : A) le plateau de chargement d\u00e9verrouille le m\u00e9canisme. Voir art. plateau de chargement B) il guide le ch\u00e2ssis dans le v\u00e9hicule. C) il verrouille le ch\u00e2ssis dans le v\u00e9hicule.<\/p>\n","protected":false},"excerpt":{"rendered":"<p>L&rsquo; auto interface se compose de trois \u00e9l\u00e9ments principaux : la plate-forme de chargement, le plateau de chargement et la plaque de bois. Le transporteur XL53 n&rsquo;est pas inclus. L&rsquo;interface du v\u00e9hicule a trois fonctions essentielles : A) le plateau de chargement pour le ch\u00e2ssis et le d\u00e9verouillement des mecanismes. Voir art. plateau de chargement B) il guide le ch\u00e2ssis dans le v\u00e9hicule. C) il verrouille le ch\u00e2ssis dans le v\u00e9hicule.<\/p>\n","protected":false},"featured_media":10320,"template":"","meta":{"ngg_post_thumbnail":0},"product_brand":[],"product_cat":[415,454],"product_tag":[],"class_list":{"0":"post-12204","1":"product","2":"type-product","3":"status-publish","4":"has-post-thumbnail","6":"product_cat-dynnox-xl53-fr","7":"product_cat-vehicle-interface-xl53-fr","8":"product_shipping_class-pallet-verzending-fr","10":"first","11":"instock","12":"taxable","13":"shipping-taxable","14":"purchasable","15":"product-type-composite"},"composite_virtual":false,"composite_layout":"single","composite_add_to_cart_form_location":"default","composite_editable_in_cart":false,"composite_sold_individually_context":"product","composite_shop_price_calc":"hidden","composite_components":[{"id":"1641465666","title":"- Choisissez l&#039;auto interface que vous souhaitez :","description":"","query_type":"product_ids","query_ids":[12217,12207],"default_option_id":"","thumbnail_id":"","thumbnail_src":"","quantity_min":1,"quantity_max":1,"priced_individually":true,"shipped_individually":false,"optional":false,"discount":"","options_style":"thumbnails","pagination_style":"classic","display_prices":"absolute","show_sorting_options":false,"show_filtering_options":false,"attribute_filter_ids":[],"select_action":"view","product_title_visible":false,"product_descr_visible":false,"product_price_visible":false,"product_thumb_visible":false,"subtotal_visible_product":false,"subtotal_visible_cart":true,"subtotal_visible_orders":true},{"id":"1641807742","title":"- Option : Auto interface amovible","description":"","query_type":"product_ids","query_ids":[16354,12293],"default_option_id":16354,"thumbnail_id":"","thumbnail_src":"","quantity_min":1,"quantity_max":1,"priced_individually":true,"shipped_individually":false,"optional":false,"discount":"","options_style":"dropdowns","pagination_style":"classic","display_prices":"absolute","show_sorting_options":false,"show_filtering_options":false,"attribute_filter_ids":[],"select_action":"view","product_title_visible":false,"product_descr_visible":false,"product_price_visible":false,"product_thumb_visible":false,"subtotal_visible_product":true,"subtotal_visible_cart":true,"subtotal_visible_orders":true},{"id":"1720120085","title":"- Option : assemblage, r\u00e9glage du m\u00e9canisme et test","description":"","query_type":"product_ids","query_ids":[16622,12351],"default_option_id":16622,"thumbnail_id":"","thumbnail_src":"","quantity_min":1,"quantity_max":1,"priced_individually":true,"shipped_individually":false,"optional":false,"discount":"","options_style":"dropdowns","pagination_style":"classic","display_prices":"absolute","show_sorting_options":false,"show_filtering_options":false,"attribute_filter_ids":[],"select_action":"view","product_title_visible":false,"product_descr_visible":false,"product_price_visible":false,"product_thumb_visible":false,"subtotal_visible_product":true,"subtotal_visible_cart":true,"subtotal_visible_orders":true}],"composite_scenarios":[],"bundled_by":[],"bundle_stock_status":"instock","bundle_stock_quantity":null,"bundle_virtual":false,"bundle_layout":"","bundle_add_to_cart_form_location":"","bundle_editable_in_cart":false,"bundle_sold_individually_context":"","bundle_item_grouping":"","bundle_min_size":"","bundle_max_size":"","bundle_price":[],"bundled_items":[],"bundle_sell_ids":[],"yoast_head":"<!-- This site is optimized with the Yoast SEO plugin v27.4 - https:\/\/yoast.com\/product\/yoast-seo-wordpress\/ -->\n<title>Auto interface pour le Dynnox XL53 - Dynnox<\/title>\n<meta name=\"robots\" content=\"index, follow, max-snippet:-1, max-image-preview:large, max-video-preview:-1\" \/>\n<link rel=\"canonical\" href=\"https:\/\/dynnox.com\/fr\/product\/auto-interface-of-the-dynnox-xl53\/\" \/>\n<meta property=\"og:locale\" content=\"fr_FR\" \/>\n<meta property=\"og:type\" content=\"article\" \/>\n<meta property=\"og:title\" content=\"Auto interface pour le Dynnox XL53 - Dynnox\" \/>\n<meta property=\"og:description\" content=\"L&#039; auto interface se compose de trois \u00e9l\u00e9ments principaux : la plate-forme de chargement, le plateau de chargement et la plaque de bois. Le transporteur XL53 n&#039;est pas inclus. L&#039;interface du v\u00e9hicule a trois fonctions essentielles : A) le plateau de chargement pour le ch\u00e2ssis et le d\u00e9verouillement des mecanismes. Voir art. plateau de chargement B) il guide le ch\u00e2ssis dans le v\u00e9hicule. C) il verrouille le ch\u00e2ssis dans le v\u00e9hicule.\" \/>\n<meta property=\"og:url\" content=\"https:\/\/dynnox.com\/fr\/product\/auto-interface-of-the-dynnox-xl53\/\" \/>\n<meta property=\"og:site_name\" content=\"Dynnox\" \/>\n<meta property=\"article:publisher\" content=\"https:\/\/facebook.com\/dynnox\" \/>\n<meta property=\"article:modified_time\" content=\"2024-08-17T11:46:42+00:00\" \/>\n<meta property=\"og:image\" content=\"https:\/\/dynnox.com\/wp-content\/uploads\/2022\/01\/XL-53_auto-interface-0002.jpg\" \/>\n\t<meta property=\"og:image:width\" content=\"1600\" \/>\n\t<meta property=\"og:image:height\" content=\"900\" \/>\n\t<meta property=\"og:image:type\" content=\"image\/jpeg\" \/>\n<meta name=\"twitter:card\" content=\"summary_large_image\" \/>\n<meta name=\"twitter:site\" content=\"@dynnox\" \/>\n<script type=\"application\/ld+json\" class=\"yoast-schema-graph\">{\"@context\":\"https:\\\/\\\/schema.org\",\"@graph\":[{\"@type\":\"WebPage\",\"@id\":\"https:\\\/\\\/dynnox.com\\\/fr\\\/product\\\/auto-interface-of-the-dynnox-xl53\\\/\",\"url\":\"https:\\\/\\\/dynnox.com\\\/fr\\\/product\\\/auto-interface-of-the-dynnox-xl53\\\/\",\"name\":\"Auto interface pour le Dynnox XL53 - Dynnox\",\"isPartOf\":{\"@id\":\"https:\\\/\\\/dynnox.com\\\/fr\\\/#website\"},\"primaryImageOfPage\":{\"@id\":\"https:\\\/\\\/dynnox.com\\\/fr\\\/product\\\/auto-interface-of-the-dynnox-xl53\\\/#primaryimage\"},\"image\":{\"@id\":\"https:\\\/\\\/dynnox.com\\\/fr\\\/product\\\/auto-interface-of-the-dynnox-xl53\\\/#primaryimage\"},\"thumbnailUrl\":\"https:\\\/\\\/dynnox.com\\\/wp-content\\\/uploads\\\/2022\\\/01\\\/XL-53_auto-interface-0002.jpg\",\"datePublished\":\"2022-01-31T14:17:16+00:00\",\"dateModified\":\"2024-08-17T11:46:42+00:00\",\"breadcrumb\":{\"@id\":\"https:\\\/\\\/dynnox.com\\\/fr\\\/product\\\/auto-interface-of-the-dynnox-xl53\\\/#breadcrumb\"},\"inLanguage\":\"fr-FR\",\"potentialAction\":[{\"@type\":\"ReadAction\",\"target\":[\"https:\\\/\\\/dynnox.com\\\/fr\\\/product\\\/auto-interface-of-the-dynnox-xl53\\\/\"]}]},{\"@type\":\"ImageObject\",\"inLanguage\":\"fr-FR\",\"@id\":\"https:\\\/\\\/dynnox.com\\\/fr\\\/product\\\/auto-interface-of-the-dynnox-xl53\\\/#primaryimage\",\"url\":\"https:\\\/\\\/dynnox.com\\\/wp-content\\\/uploads\\\/2022\\\/01\\\/XL-53_auto-interface-0002.jpg\",\"contentUrl\":\"https:\\\/\\\/dynnox.com\\\/wp-content\\\/uploads\\\/2022\\\/01\\\/XL-53_auto-interface-0002.jpg\",\"width\":1600,\"height\":900,\"caption\":\"Auto interface pour le Dynnox XL53\"},{\"@type\":\"BreadcrumbList\",\"@id\":\"https:\\\/\\\/dynnox.com\\\/fr\\\/product\\\/auto-interface-of-the-dynnox-xl53\\\/#breadcrumb\",\"itemListElement\":[{\"@type\":\"ListItem\",\"position\":1,\"name\":\"Home\",\"item\":\"https:\\\/\\\/dynnox.com\\\/fr\\\/\"},{\"@type\":\"ListItem\",\"position\":2,\"name\":\"Dynnox Shop\",\"item\":\"https:\\\/\\\/dynnox.com\\\/fr\\\/dynnox-shop\\\/\"},{\"@type\":\"ListItem\",\"position\":3,\"name\":\"Auto interface pour le Dynnox XL53\"}]},{\"@type\":\"WebSite\",\"@id\":\"https:\\\/\\\/dynnox.com\\\/fr\\\/#website\",\"url\":\"https:\\\/\\\/dynnox.com\\\/fr\\\/\",\"name\":\"Dynnox\",\"description\":\"smart trolley, easy (un)loading\",\"publisher\":{\"@id\":\"https:\\\/\\\/dynnox.com\\\/fr\\\/#organization\"},\"potentialAction\":[{\"@type\":\"SearchAction\",\"target\":{\"@type\":\"EntryPoint\",\"urlTemplate\":\"https:\\\/\\\/dynnox.com\\\/fr\\\/?s={search_term_string}\"},\"query-input\":{\"@type\":\"PropertyValueSpecification\",\"valueRequired\":true,\"valueName\":\"search_term_string\"}}],\"inLanguage\":\"fr-FR\"},{\"@type\":\"Organization\",\"@id\":\"https:\\\/\\\/dynnox.com\\\/fr\\\/#organization\",\"name\":\"Dynnox\",\"url\":\"https:\\\/\\\/dynnox.com\\\/fr\\\/\",\"logo\":{\"@type\":\"ImageObject\",\"inLanguage\":\"fr-FR\",\"@id\":\"https:\\\/\\\/dynnox.com\\\/fr\\\/#\\\/schema\\\/logo\\\/image\\\/\",\"url\":\"http:\\\/\\\/dynnox.com\\\/wp-content\\\/uploads\\\/2022\\\/01\\\/dynnox_logo_witte_achtergrond.png\",\"contentUrl\":\"http:\\\/\\\/dynnox.com\\\/wp-content\\\/uploads\\\/2022\\\/01\\\/dynnox_logo_witte_achtergrond.png\",\"width\":1077,\"height\":183,\"caption\":\"Dynnox\"},\"image\":{\"@id\":\"https:\\\/\\\/dynnox.com\\\/fr\\\/#\\\/schema\\\/logo\\\/image\\\/\"},\"sameAs\":[\"https:\\\/\\\/facebook.com\\\/dynnox\",\"https:\\\/\\\/x.com\\\/dynnox\",\"https:\\\/\\\/www.linkedin.com\\\/company\\\/dynnox\\\/\",\"https:\\\/\\\/www.youtube.com\\\/channel\\\/UCtQYDhnSicXD2jFkBsLzblg\"]}]}<\/script>\n<!-- \/ Yoast SEO plugin. -->","yoast_head_json":{"title":"Auto interface pour le Dynnox XL53 - Dynnox","robots":{"index":"index","follow":"follow","max-snippet":"max-snippet:-1","max-image-preview":"max-image-preview:large","max-video-preview":"max-video-preview:-1"},"canonical":"https:\/\/dynnox.com\/fr\/product\/auto-interface-of-the-dynnox-xl53\/","og_locale":"fr_FR","og_type":"article","og_title":"Auto interface pour le Dynnox XL53 - Dynnox","og_description":"L' auto interface se compose de trois \u00e9l\u00e9ments principaux : la plate-forme de chargement, le plateau de chargement et la plaque de bois. Le transporteur XL53 n'est pas inclus. L'interface du v\u00e9hicule a trois fonctions essentielles : A) le plateau de chargement pour le ch\u00e2ssis et le d\u00e9verouillement des mecanismes. Voir art. plateau de chargement B) il guide le ch\u00e2ssis dans le v\u00e9hicule. C) il verrouille le ch\u00e2ssis dans le v\u00e9hicule.","og_url":"https:\/\/dynnox.com\/fr\/product\/auto-interface-of-the-dynnox-xl53\/","og_site_name":"Dynnox","article_publisher":"https:\/\/facebook.com\/dynnox","article_modified_time":"2024-08-17T11:46:42+00:00","og_image":[{"width":1600,"height":900,"url":"https:\/\/dynnox.com\/wp-content\/uploads\/2022\/01\/XL-53_auto-interface-0002.jpg","type":"image\/jpeg"}],"twitter_card":"summary_large_image","twitter_site":"@dynnox","schema":{"@context":"https:\/\/schema.org","@graph":[{"@type":"WebPage","@id":"https:\/\/dynnox.com\/fr\/product\/auto-interface-of-the-dynnox-xl53\/","url":"https:\/\/dynnox.com\/fr\/product\/auto-interface-of-the-dynnox-xl53\/","name":"Auto interface pour le Dynnox XL53 - Dynnox","isPartOf":{"@id":"https:\/\/dynnox.com\/fr\/#website"},"primaryImageOfPage":{"@id":"https:\/\/dynnox.com\/fr\/product\/auto-interface-of-the-dynnox-xl53\/#primaryimage"},"image":{"@id":"https:\/\/dynnox.com\/fr\/product\/auto-interface-of-the-dynnox-xl53\/#primaryimage"},"thumbnailUrl":"https:\/\/dynnox.com\/wp-content\/uploads\/2022\/01\/XL-53_auto-interface-0002.jpg","datePublished":"2022-01-31T14:17:16+00:00","dateModified":"2024-08-17T11:46:42+00:00","breadcrumb":{"@id":"https:\/\/dynnox.com\/fr\/product\/auto-interface-of-the-dynnox-xl53\/#breadcrumb"},"inLanguage":"fr-FR","potentialAction":[{"@type":"ReadAction","target":["https:\/\/dynnox.com\/fr\/product\/auto-interface-of-the-dynnox-xl53\/"]}]},{"@type":"ImageObject","inLanguage":"fr-FR","@id":"https:\/\/dynnox.com\/fr\/product\/auto-interface-of-the-dynnox-xl53\/#primaryimage","url":"https:\/\/dynnox.com\/wp-content\/uploads\/2022\/01\/XL-53_auto-interface-0002.jpg","contentUrl":"https:\/\/dynnox.com\/wp-content\/uploads\/2022\/01\/XL-53_auto-interface-0002.jpg","width":1600,"height":900,"caption":"Auto interface pour le Dynnox XL53"},{"@type":"BreadcrumbList","@id":"https:\/\/dynnox.com\/fr\/product\/auto-interface-of-the-dynnox-xl53\/#breadcrumb","itemListElement":[{"@type":"ListItem","position":1,"name":"Home","item":"https:\/\/dynnox.com\/fr\/"},{"@type":"ListItem","position":2,"name":"Dynnox Shop","item":"https:\/\/dynnox.com\/fr\/dynnox-shop\/"},{"@type":"ListItem","position":3,"name":"Auto interface pour le Dynnox XL53"}]},{"@type":"WebSite","@id":"https:\/\/dynnox.com\/fr\/#website","url":"https:\/\/dynnox.com\/fr\/","name":"Dynnox","description":"smart trolley, easy (un)loading","publisher":{"@id":"https:\/\/dynnox.com\/fr\/#organization"},"potentialAction":[{"@type":"SearchAction","target":{"@type":"EntryPoint","urlTemplate":"https:\/\/dynnox.com\/fr\/?s={search_term_string}"},"query-input":{"@type":"PropertyValueSpecification","valueRequired":true,"valueName":"search_term_string"}}],"inLanguage":"fr-FR"},{"@type":"Organization","@id":"https:\/\/dynnox.com\/fr\/#organization","name":"Dynnox","url":"https:\/\/dynnox.com\/fr\/","logo":{"@type":"ImageObject","inLanguage":"fr-FR","@id":"https:\/\/dynnox.com\/fr\/#\/schema\/logo\/image\/","url":"http:\/\/dynnox.com\/wp-content\/uploads\/2022\/01\/dynnox_logo_witte_achtergrond.png","contentUrl":"http:\/\/dynnox.com\/wp-content\/uploads\/2022\/01\/dynnox_logo_witte_achtergrond.png","width":1077,"height":183,"caption":"Dynnox"},"image":{"@id":"https:\/\/dynnox.com\/fr\/#\/schema\/logo\/image\/"},"sameAs":["https:\/\/facebook.com\/dynnox","https:\/\/x.com\/dynnox","https:\/\/www.linkedin.com\/company\/dynnox\/","https:\/\/www.youtube.com\/channel\/UCtQYDhnSicXD2jFkBsLzblg"]}]}},"_links":{"self":[{"href":"https:\/\/dynnox.com\/fr\/wp-json\/wp\/v2\/product\/12204","targetHints":{"allow":["GET"]}}],"collection":[{"href":"https:\/\/dynnox.com\/fr\/wp-json\/wp\/v2\/product"}],"about":[{"href":"https:\/\/dynnox.com\/fr\/wp-json\/wp\/v2\/types\/product"}],"wp:featuredmedia":[{"embeddable":true,"href":"https:\/\/dynnox.com\/fr\/wp-json\/wp\/v2\/media\/10320"}],"wp:attachment":[{"href":"https:\/\/dynnox.com\/fr\/wp-json\/wp\/v2\/media?parent=12204"}],"wp:term":[{"taxonomy":"product_brand","embeddable":true,"href":"https:\/\/dynnox.com\/fr\/wp-json\/wp\/v2\/product_brand?post=12204"},{"taxonomy":"product_cat","embeddable":true,"href":"https:\/\/dynnox.com\/fr\/wp-json\/wp\/v2\/product_cat?post=12204"},{"taxonomy":"product_tag","embeddable":true,"href":"https:\/\/dynnox.com\/fr\/wp-json\/wp\/v2\/product_tag?post=12204"}],"curies":[{"name":"wp","href":"https:\/\/api.w.org\/{rel}","templated":true}]}}