{"id":12267,"date":"2022-01-18T10:37:20","date_gmt":"2022-01-18T10:37:20","guid":{"rendered":"https:\/\/dynnox.com\/product\/complete-dynnox-xl36\/"},"modified":"2024-08-17T08:09:39","modified_gmt":"2024-08-17T08:09:39","slug":"complete-dynnox-xl36","status":"publish","type":"product","link":"https:\/\/dynnox.com\/fr\/product\/complete-dynnox-xl36\/","title":{"rendered":"Dynnox XL36 complet"},"content":{"rendered":"","protected":false},"excerpt":{"rendered":"<p>Le Dynnox XL36 complet est compos\u00e9 du ch\u00e2ssis L46 + de l&rsquo;interface de la voiture + de la plaque de bois L46. Vous disposez ainsi de tout ce dont vous avez besoin pour le Dynnox XL36. Le syst\u00e8me de transport mobile Dynnox est disponible en trois dimensions et peut \u00eatre utilis\u00e9 dans tous les types de camionnettes d&rsquo;entreprise. Le Dynnox XL36 est notre mod\u00e8le le plus \u00e9troit.<\/p>\n","protected":false},"featured_media":10355,"template":"","meta":{"ngg_post_thumbnail":0},"product_brand":[],"product_cat":[414,455],"product_tag":[],"class_list":{"0":"post-12267","1":"product","2":"type-product","3":"status-publish","4":"has-post-thumbnail","6":"product_cat-dynnox-xl36-fr","7":"product_cat-set-xl36-fr","8":"product_shipping_class-pallet-verzending-fr","10":"first","11":"instock","12":"taxable","13":"shipping-taxable","14":"purchasable","15":"product-type-composite"},"composite_virtual":false,"composite_layout":"single","composite_add_to_cart_form_location":"default","composite_editable_in_cart":false,"composite_sold_individually_context":"product","composite_shop_price_calc":"hidden","composite_components":[{"id":"1642502241","title":"- Choisissez entre des roues standard ou des roues gonflables :","description":"","query_type":"product_ids","query_ids":[12403,12333],"default_option_id":"","thumbnail_id":"","thumbnail_src":"","quantity_min":1,"quantity_max":1,"priced_individually":true,"shipped_individually":false,"optional":false,"discount":"","options_style":"thumbnails","pagination_style":"classic","display_prices":"absolute","show_sorting_options":false,"show_filtering_options":false,"attribute_filter_ids":[],"select_action":"view","product_title_visible":false,"product_descr_visible":false,"product_price_visible":false,"product_thumb_visible":false,"subtotal_visible_product":true,"subtotal_visible_cart":true,"subtotal_visible_orders":true},{"id":"1643035047","title":"- Choisissez les pneus que vous souhaitez: Les pneus standard sont toujours inclus (en suppl\u00e9ment).","description":"","query_type":"product_ids","query_ids":[16307,12500,12522,12524],"default_option_id":16307,"thumbnail_id":"","thumbnail_src":"","quantity_min":1,"quantity_max":1,"priced_individually":true,"shipped_individually":false,"optional":false,"discount":"","options_style":"dropdowns","pagination_style":"classic","display_prices":"absolute","show_sorting_options":false,"show_filtering_options":false,"attribute_filter_ids":[],"select_action":"view","product_title_visible":false,"product_descr_visible":false,"product_price_visible":false,"product_thumb_visible":false,"subtotal_visible_product":true,"subtotal_visible_cart":true,"subtotal_visible_orders":true},{"id":"1719861000","title":"- Option : Auto interface amovible","description":"","query_type":"product_ids","query_ids":[16354,12293],"default_option_id":16354,"thumbnail_id":"","thumbnail_src":"","quantity_min":1,"quantity_max":1,"priced_individually":true,"shipped_individually":false,"optional":false,"discount":"","options_style":"dropdowns","pagination_style":"classic","display_prices":"absolute","show_sorting_options":false,"show_filtering_options":false,"attribute_filter_ids":[],"select_action":"view","product_title_visible":false,"product_descr_visible":false,"product_price_visible":false,"product_thumb_visible":true,"subtotal_visible_product":true,"subtotal_visible_cart":true,"subtotal_visible_orders":true},{"id":"1719861001","title":"- Option : assemblage, r\u00e9glage du m\u00e9canisme et test","description":"","query_type":"product_ids","query_ids":[16622,12351],"default_option_id":16622,"thumbnail_id":"","thumbnail_src":"","quantity_min":1,"quantity_max":1,"priced_individually":true,"shipped_individually":false,"optional":false,"discount":"","options_style":"dropdowns","pagination_style":"classic","display_prices":"absolute","show_sorting_options":false,"show_filtering_options":false,"attribute_filter_ids":[],"select_action":"view","product_title_visible":false,"product_descr_visible":false,"product_price_visible":false,"product_thumb_visible":false,"subtotal_visible_product":true,"subtotal_visible_cart":true,"subtotal_visible_orders":true}],"composite_scenarios":[{"id":"1644386418","name":"Airwheels XL36","description":"","configuration":[{"component_id":"1642502241","options_modifier":"in","component_options":[12333]}],"actions":[{"action_id":"compat_group","is_active":false},{"action_id":"conditional_components","is_active":true,"hidden_components":["1643035047"]},{"action_id":"conditional_options","is_active":false,"hidden_options":[]}],"enabled":true}],"bundled_by":[],"bundle_stock_status":"instock","bundle_stock_quantity":null,"bundle_virtual":false,"bundle_layout":"","bundle_add_to_cart_form_location":"","bundle_editable_in_cart":false,"bundle_sold_individually_context":"","bundle_item_grouping":"","bundle_min_size":"","bundle_max_size":"","bundle_price":[],"bundled_items":[],"bundle_sell_ids":[],"yoast_head":"<!-- This site is optimized with the Yoast SEO plugin v27.4 - https:\/\/yoast.com\/product\/yoast-seo-wordpress\/ -->\n<title>Dynnox XL36 complet - Dynnox<\/title>\n<meta name=\"robots\" content=\"index, follow, max-snippet:-1, max-image-preview:large, max-video-preview:-1\" \/>\n<link rel=\"canonical\" href=\"https:\/\/dynnox.com\/fr\/product\/complete-dynnox-xl36\/\" \/>\n<meta property=\"og:locale\" content=\"fr_FR\" \/>\n<meta property=\"og:type\" content=\"article\" \/>\n<meta property=\"og:title\" content=\"Dynnox XL36 complet - Dynnox\" \/>\n<meta property=\"og:description\" content=\"Le Dynnox XL36 complet est compos\u00e9 du ch\u00e2ssis L46 + de l&#039;interface de la voiture + de la plaque de bois L46. Vous disposez ainsi de tout ce dont vous avez besoin pour le Dynnox XL36. Le syst\u00e8me de transport mobile Dynnox est disponible en trois dimensions et peut \u00eatre utilis\u00e9 dans tous les types de camionnettes d&#039;entreprise. Le Dynnox XL36 est notre mod\u00e8le le plus \u00e9troit.\" \/>\n<meta property=\"og:url\" content=\"https:\/\/dynnox.com\/fr\/product\/complete-dynnox-xl36\/\" \/>\n<meta property=\"og:site_name\" content=\"Dynnox\" \/>\n<meta property=\"article:publisher\" content=\"https:\/\/facebook.com\/dynnox\" \/>\n<meta property=\"article:modified_time\" content=\"2024-08-17T08:09:39+00:00\" \/>\n<meta property=\"og:image\" content=\"https:\/\/dynnox.com\/wp-content\/uploads\/2022\/01\/Dynnox-XL36-compleet.jpg\" \/>\n\t<meta property=\"og:image:width\" content=\"1600\" \/>\n\t<meta property=\"og:image:height\" content=\"900\" \/>\n\t<meta property=\"og:image:type\" content=\"image\/jpeg\" \/>\n<meta name=\"twitter:card\" content=\"summary_large_image\" \/>\n<meta name=\"twitter:site\" content=\"@dynnox\" \/>\n<script type=\"application\/ld+json\" class=\"yoast-schema-graph\">{\"@context\":\"https:\\\/\\\/schema.org\",\"@graph\":[{\"@type\":\"WebPage\",\"@id\":\"https:\\\/\\\/dynnox.com\\\/fr\\\/product\\\/complete-dynnox-xl36\\\/\",\"url\":\"https:\\\/\\\/dynnox.com\\\/fr\\\/product\\\/complete-dynnox-xl36\\\/\",\"name\":\"Dynnox XL36 complet - Dynnox\",\"isPartOf\":{\"@id\":\"https:\\\/\\\/dynnox.com\\\/fr\\\/#website\"},\"primaryImageOfPage\":{\"@id\":\"https:\\\/\\\/dynnox.com\\\/fr\\\/product\\\/complete-dynnox-xl36\\\/#primaryimage\"},\"image\":{\"@id\":\"https:\\\/\\\/dynnox.com\\\/fr\\\/product\\\/complete-dynnox-xl36\\\/#primaryimage\"},\"thumbnailUrl\":\"https:\\\/\\\/dynnox.com\\\/wp-content\\\/uploads\\\/2022\\\/01\\\/Dynnox-XL36-compleet.jpg\",\"datePublished\":\"2022-01-18T10:37:20+00:00\",\"dateModified\":\"2024-08-17T08:09:39+00:00\",\"breadcrumb\":{\"@id\":\"https:\\\/\\\/dynnox.com\\\/fr\\\/product\\\/complete-dynnox-xl36\\\/#breadcrumb\"},\"inLanguage\":\"fr-FR\",\"potentialAction\":[{\"@type\":\"ReadAction\",\"target\":[\"https:\\\/\\\/dynnox.com\\\/fr\\\/product\\\/complete-dynnox-xl36\\\/\"]}]},{\"@type\":\"ImageObject\",\"inLanguage\":\"fr-FR\",\"@id\":\"https:\\\/\\\/dynnox.com\\\/fr\\\/product\\\/complete-dynnox-xl36\\\/#primaryimage\",\"url\":\"https:\\\/\\\/dynnox.com\\\/wp-content\\\/uploads\\\/2022\\\/01\\\/Dynnox-XL36-compleet.jpg\",\"contentUrl\":\"https:\\\/\\\/dynnox.com\\\/wp-content\\\/uploads\\\/2022\\\/01\\\/Dynnox-XL36-compleet.jpg\",\"width\":1600,\"height\":900},{\"@type\":\"BreadcrumbList\",\"@id\":\"https:\\\/\\\/dynnox.com\\\/fr\\\/product\\\/complete-dynnox-xl36\\\/#breadcrumb\",\"itemListElement\":[{\"@type\":\"ListItem\",\"position\":1,\"name\":\"Home\",\"item\":\"https:\\\/\\\/dynnox.com\\\/fr\\\/\"},{\"@type\":\"ListItem\",\"position\":2,\"name\":\"Dynnox Shop\",\"item\":\"https:\\\/\\\/dynnox.com\\\/fr\\\/dynnox-shop\\\/\"},{\"@type\":\"ListItem\",\"position\":3,\"name\":\"Dynnox XL36 complet\"}]},{\"@type\":\"WebSite\",\"@id\":\"https:\\\/\\\/dynnox.com\\\/fr\\\/#website\",\"url\":\"https:\\\/\\\/dynnox.com\\\/fr\\\/\",\"name\":\"Dynnox\",\"description\":\"smart trolley, easy (un)loading\",\"publisher\":{\"@id\":\"https:\\\/\\\/dynnox.com\\\/fr\\\/#organization\"},\"potentialAction\":[{\"@type\":\"SearchAction\",\"target\":{\"@type\":\"EntryPoint\",\"urlTemplate\":\"https:\\\/\\\/dynnox.com\\\/fr\\\/?s={search_term_string}\"},\"query-input\":{\"@type\":\"PropertyValueSpecification\",\"valueRequired\":true,\"valueName\":\"search_term_string\"}}],\"inLanguage\":\"fr-FR\"},{\"@type\":\"Organization\",\"@id\":\"https:\\\/\\\/dynnox.com\\\/fr\\\/#organization\",\"name\":\"Dynnox\",\"url\":\"https:\\\/\\\/dynnox.com\\\/fr\\\/\",\"logo\":{\"@type\":\"ImageObject\",\"inLanguage\":\"fr-FR\",\"@id\":\"https:\\\/\\\/dynnox.com\\\/fr\\\/#\\\/schema\\\/logo\\\/image\\\/\",\"url\":\"http:\\\/\\\/dynnox.com\\\/wp-content\\\/uploads\\\/2022\\\/01\\\/dynnox_logo_witte_achtergrond.png\",\"contentUrl\":\"http:\\\/\\\/dynnox.com\\\/wp-content\\\/uploads\\\/2022\\\/01\\\/dynnox_logo_witte_achtergrond.png\",\"width\":1077,\"height\":183,\"caption\":\"Dynnox\"},\"image\":{\"@id\":\"https:\\\/\\\/dynnox.com\\\/fr\\\/#\\\/schema\\\/logo\\\/image\\\/\"},\"sameAs\":[\"https:\\\/\\\/facebook.com\\\/dynnox\",\"https:\\\/\\\/x.com\\\/dynnox\",\"https:\\\/\\\/www.linkedin.com\\\/company\\\/dynnox\\\/\",\"https:\\\/\\\/www.youtube.com\\\/channel\\\/UCtQYDhnSicXD2jFkBsLzblg\"]}]}<\/script>\n<!-- \/ Yoast SEO plugin. -->","yoast_head_json":{"title":"Dynnox XL36 complet - Dynnox","robots":{"index":"index","follow":"follow","max-snippet":"max-snippet:-1","max-image-preview":"max-image-preview:large","max-video-preview":"max-video-preview:-1"},"canonical":"https:\/\/dynnox.com\/fr\/product\/complete-dynnox-xl36\/","og_locale":"fr_FR","og_type":"article","og_title":"Dynnox XL36 complet - Dynnox","og_description":"Le Dynnox XL36 complet est compos\u00e9 du ch\u00e2ssis L46 + de l'interface de la voiture + de la plaque de bois L46. Vous disposez ainsi de tout ce dont vous avez besoin pour le Dynnox XL36. Le syst\u00e8me de transport mobile Dynnox est disponible en trois dimensions et peut \u00eatre utilis\u00e9 dans tous les types de camionnettes d'entreprise. Le Dynnox XL36 est notre mod\u00e8le le plus \u00e9troit.","og_url":"https:\/\/dynnox.com\/fr\/product\/complete-dynnox-xl36\/","og_site_name":"Dynnox","article_publisher":"https:\/\/facebook.com\/dynnox","article_modified_time":"2024-08-17T08:09:39+00:00","og_image":[{"width":1600,"height":900,"url":"https:\/\/dynnox.com\/wp-content\/uploads\/2022\/01\/Dynnox-XL36-compleet.jpg","type":"image\/jpeg"}],"twitter_card":"summary_large_image","twitter_site":"@dynnox","schema":{"@context":"https:\/\/schema.org","@graph":[{"@type":"WebPage","@id":"https:\/\/dynnox.com\/fr\/product\/complete-dynnox-xl36\/","url":"https:\/\/dynnox.com\/fr\/product\/complete-dynnox-xl36\/","name":"Dynnox XL36 complet - Dynnox","isPartOf":{"@id":"https:\/\/dynnox.com\/fr\/#website"},"primaryImageOfPage":{"@id":"https:\/\/dynnox.com\/fr\/product\/complete-dynnox-xl36\/#primaryimage"},"image":{"@id":"https:\/\/dynnox.com\/fr\/product\/complete-dynnox-xl36\/#primaryimage"},"thumbnailUrl":"https:\/\/dynnox.com\/wp-content\/uploads\/2022\/01\/Dynnox-XL36-compleet.jpg","datePublished":"2022-01-18T10:37:20+00:00","dateModified":"2024-08-17T08:09:39+00:00","breadcrumb":{"@id":"https:\/\/dynnox.com\/fr\/product\/complete-dynnox-xl36\/#breadcrumb"},"inLanguage":"fr-FR","potentialAction":[{"@type":"ReadAction","target":["https:\/\/dynnox.com\/fr\/product\/complete-dynnox-xl36\/"]}]},{"@type":"ImageObject","inLanguage":"fr-FR","@id":"https:\/\/dynnox.com\/fr\/product\/complete-dynnox-xl36\/#primaryimage","url":"https:\/\/dynnox.com\/wp-content\/uploads\/2022\/01\/Dynnox-XL36-compleet.jpg","contentUrl":"https:\/\/dynnox.com\/wp-content\/uploads\/2022\/01\/Dynnox-XL36-compleet.jpg","width":1600,"height":900},{"@type":"BreadcrumbList","@id":"https:\/\/dynnox.com\/fr\/product\/complete-dynnox-xl36\/#breadcrumb","itemListElement":[{"@type":"ListItem","position":1,"name":"Home","item":"https:\/\/dynnox.com\/fr\/"},{"@type":"ListItem","position":2,"name":"Dynnox Shop","item":"https:\/\/dynnox.com\/fr\/dynnox-shop\/"},{"@type":"ListItem","position":3,"name":"Dynnox XL36 complet"}]},{"@type":"WebSite","@id":"https:\/\/dynnox.com\/fr\/#website","url":"https:\/\/dynnox.com\/fr\/","name":"Dynnox","description":"smart trolley, easy (un)loading","publisher":{"@id":"https:\/\/dynnox.com\/fr\/#organization"},"potentialAction":[{"@type":"SearchAction","target":{"@type":"EntryPoint","urlTemplate":"https:\/\/dynnox.com\/fr\/?s={search_term_string}"},"query-input":{"@type":"PropertyValueSpecification","valueRequired":true,"valueName":"search_term_string"}}],"inLanguage":"fr-FR"},{"@type":"Organization","@id":"https:\/\/dynnox.com\/fr\/#organization","name":"Dynnox","url":"https:\/\/dynnox.com\/fr\/","logo":{"@type":"ImageObject","inLanguage":"fr-FR","@id":"https:\/\/dynnox.com\/fr\/#\/schema\/logo\/image\/","url":"http:\/\/dynnox.com\/wp-content\/uploads\/2022\/01\/dynnox_logo_witte_achtergrond.png","contentUrl":"http:\/\/dynnox.com\/wp-content\/uploads\/2022\/01\/dynnox_logo_witte_achtergrond.png","width":1077,"height":183,"caption":"Dynnox"},"image":{"@id":"https:\/\/dynnox.com\/fr\/#\/schema\/logo\/image\/"},"sameAs":["https:\/\/facebook.com\/dynnox","https:\/\/x.com\/dynnox","https:\/\/www.linkedin.com\/company\/dynnox\/","https:\/\/www.youtube.com\/channel\/UCtQYDhnSicXD2jFkBsLzblg"]}]}},"_links":{"self":[{"href":"https:\/\/dynnox.com\/fr\/wp-json\/wp\/v2\/product\/12267","targetHints":{"allow":["GET"]}}],"collection":[{"href":"https:\/\/dynnox.com\/fr\/wp-json\/wp\/v2\/product"}],"about":[{"href":"https:\/\/dynnox.com\/fr\/wp-json\/wp\/v2\/types\/product"}],"wp:featuredmedia":[{"embeddable":true,"href":"https:\/\/dynnox.com\/fr\/wp-json\/wp\/v2\/media\/10355"}],"wp:attachment":[{"href":"https:\/\/dynnox.com\/fr\/wp-json\/wp\/v2\/media?parent=12267"}],"wp:term":[{"taxonomy":"product_brand","embeddable":true,"href":"https:\/\/dynnox.com\/fr\/wp-json\/wp\/v2\/product_brand?post=12267"},{"taxonomy":"product_cat","embeddable":true,"href":"https:\/\/dynnox.com\/fr\/wp-json\/wp\/v2\/product_cat?post=12267"},{"taxonomy":"product_tag","embeddable":true,"href":"https:\/\/dynnox.com\/fr\/wp-json\/wp\/v2\/product_tag?post=12267"}],"curies":[{"name":"wp","href":"https:\/\/api.w.org\/{rel}","templated":true}]}}