{"id":12300,"date":"2022-01-15T09:35:38","date_gmt":"2022-01-15T09:35:38","guid":{"rendered":"https:\/\/dynnox.com\/product\/carrier-for-the-dynnox-l46-2\/"},"modified":"2024-07-07T16:36:54","modified_gmt":"2024-07-07T16:36:54","slug":"carrier-for-the-dynnox-l46-2","status":"publish","type":"product","link":"https:\/\/dynnox.com\/fr\/product\/carrier-for-the-dynnox-l46-2\/","title":{"rendered":"Ch\u00e2ssis pour le Dynnox L46"},"content":{"rendered":"","protected":false},"excerpt":{"rendered":"<p>Le ch\u00e2ssis L46 est le Dynnox le plus court. L&rsquo;interface de la voiture n&rsquo;est pas incluse.<\/p>\n<p>L&rsquo;avant est 10 cm plus court que l&rsquo;arri\u00e8re en raison de l&rsquo;ajustement des jambes lorsque le ch\u00e2ssis est charg\u00e9.<\/p>\n<p>En raison de sa longueur et de sa maniabilit\u00e9, il est souvent utilis\u00e9 \u00e0 l&rsquo;int\u00e9rieur. Une application d&rsquo;environ 60 cm de largeur, 120 cm de longueur et 120 cm de hauteur peuvent \u00eatre mont\u00e9s sur le cadre, \u00e0 condition que la masse (charge) soit bien r\u00e9partie dans l&rsquo;application.<\/p>\n<p>En savoir plus sur la&nbsp;&nbsp;<a href=\"https:\/\/dynnox.nl\/en\/dynnox-l46-2\/\" target=\"_blank\" rel=\"noopener noreferrer\">Dynnox L46<\/a> ou&nbsp;&nbsp;<a href=\"https:\/\/dynnox.nl\/contact\/\" target=\"_blank\" rel=\"noopener noreferrer\">contactez-nous<\/a>!<\/p>\n","protected":false},"featured_media":10835,"template":"","meta":{"ngg_post_thumbnail":0},"product_brand":[],"product_cat":[416,413],"product_tag":[],"class_list":{"0":"post-12300","1":"product","2":"type-product","3":"status-publish","4":"has-post-thumbnail","6":"product_cat-carrier-l46-fr","7":"product_cat-dynnox-l46-fr","8":"product_shipping_class-pallet-verzending-fr","10":"first","11":"instock","12":"taxable","13":"shipping-taxable","14":"purchasable","15":"product-type-composite"},"composite_virtual":false,"composite_layout":"single","composite_add_to_cart_form_location":"default","composite_editable_in_cart":false,"composite_sold_individually_context":"product","composite_shop_price_calc":"hidden","composite_components":[{"id":"1642448211","title":"- Vous avez le choix entre des roues standard et des roues gonflables :","description":"","query_type":"product_ids","query_ids":[12516,12269],"default_option_id":"","thumbnail_id":"","thumbnail_src":"","quantity_min":1,"quantity_max":1,"priced_individually":true,"shipped_individually":false,"optional":false,"discount":"","options_style":"thumbnails","pagination_style":"classic","display_prices":"absolute","show_sorting_options":false,"show_filtering_options":false,"attribute_filter_ids":[],"select_action":"view","product_title_visible":false,"product_descr_visible":false,"product_price_visible":false,"product_thumb_visible":false,"subtotal_visible_product":false,"subtotal_visible_cart":true,"subtotal_visible_orders":true},{"id":"1641467943","title":"- Choisissez les pneus que vous souhaitez: Les pneus standard sont toujours inclus (en suppl\u00e9ment) :","description":"","query_type":"product_ids","query_ids":[16307,12500,12522,12524],"default_option_id":16307,"thumbnail_id":"","thumbnail_src":"","quantity_min":1,"quantity_max":1,"priced_individually":true,"shipped_individually":false,"optional":false,"discount":"","options_style":"dropdowns","pagination_style":"classic","display_prices":"absolute","show_sorting_options":false,"show_filtering_options":false,"attribute_filter_ids":[],"select_action":"view","product_title_visible":false,"product_descr_visible":false,"product_price_visible":false,"product_thumb_visible":true,"subtotal_visible_product":true,"subtotal_visible_cart":true,"subtotal_visible_orders":true}],"composite_scenarios":[{"id":"1642448567","name":"L46 carrier air wheels","description":"","configuration":[{"component_id":"1642448211","options_modifier":"in","component_options":[12269]}],"actions":[{"action_id":"compat_group","is_active":false},{"action_id":"conditional_components","is_active":true,"hidden_components":["1641467943"]},{"action_id":"conditional_options","is_active":false,"hidden_options":[]}],"enabled":true}],"bundled_by":[],"bundle_stock_status":"instock","bundle_stock_quantity":null,"bundle_virtual":false,"bundle_layout":"","bundle_add_to_cart_form_location":"","bundle_editable_in_cart":false,"bundle_sold_individually_context":"","bundle_item_grouping":"","bundle_min_size":"","bundle_max_size":"","bundle_price":[],"bundled_items":[],"bundle_sell_ids":[],"yoast_head":"<!-- This site is optimized with the Yoast SEO plugin v27.4 - https:\/\/yoast.com\/product\/yoast-seo-wordpress\/ -->\n<title>Ch\u00e2ssis pour le Dynnox L46 - Dynnox<\/title>\n<meta name=\"robots\" content=\"index, follow, max-snippet:-1, max-image-preview:large, max-video-preview:-1\" \/>\n<link rel=\"canonical\" href=\"https:\/\/dynnox.com\/fr\/product\/carrier-for-the-dynnox-l46-2\/\" \/>\n<meta property=\"og:locale\" content=\"fr_FR\" \/>\n<meta property=\"og:type\" content=\"article\" \/>\n<meta property=\"og:title\" content=\"Ch\u00e2ssis pour le Dynnox L46 - Dynnox\" \/>\n<meta property=\"og:description\" content=\"Le ch\u00e2ssis L46 est le Dynnox le plus court. L&#039;interface de la voiture n&#039;est pas incluse. L&#039;avant est 10 cm plus court que l&#039;arri\u00e8re en raison de l&#039;ajustement des jambes lorsque le ch\u00e2ssis est charg\u00e9. En raison de sa longueur et de sa maniabilit\u00e9, il est souvent utilis\u00e9 \u00e0 l&#039;int\u00e9rieur. Une application d&#039;environ 60 cm de largeur, 120 cm de longueur et 120 cm de hauteur peuvent \u00eatre mont\u00e9s sur le cadre, \u00e0 condition que la masse (charge) soit bien r\u00e9partie dans l&#039;application. En savoir plus sur la&nbsp;&nbsp;Dynnox L46 ou&nbsp;&nbsp;contactez-nous!\" \/>\n<meta property=\"og:url\" content=\"https:\/\/dynnox.com\/fr\/product\/carrier-for-the-dynnox-l46-2\/\" \/>\n<meta property=\"og:site_name\" content=\"Dynnox\" \/>\n<meta property=\"article:publisher\" content=\"https:\/\/facebook.com\/dynnox\" \/>\n<meta property=\"article:modified_time\" content=\"2024-07-07T16:36:54+00:00\" \/>\n<meta property=\"og:image\" content=\"https:\/\/dynnox.com\/wp-content\/uploads\/2022\/01\/Carrier-L46-2-1-scaled.jpg\" \/>\n\t<meta property=\"og:image:width\" content=\"2560\" \/>\n\t<meta property=\"og:image:height\" content=\"1440\" \/>\n\t<meta property=\"og:image:type\" content=\"image\/jpeg\" \/>\n<meta name=\"twitter:card\" content=\"summary_large_image\" \/>\n<meta name=\"twitter:site\" content=\"@dynnox\" \/>\n<script type=\"application\/ld+json\" class=\"yoast-schema-graph\">{\"@context\":\"https:\\\/\\\/schema.org\",\"@graph\":[{\"@type\":\"WebPage\",\"@id\":\"https:\\\/\\\/dynnox.com\\\/fr\\\/product\\\/carrier-for-the-dynnox-l46-2\\\/\",\"url\":\"https:\\\/\\\/dynnox.com\\\/fr\\\/product\\\/carrier-for-the-dynnox-l46-2\\\/\",\"name\":\"Ch\u00e2ssis pour le Dynnox L46 - Dynnox\",\"isPartOf\":{\"@id\":\"https:\\\/\\\/dynnox.com\\\/fr\\\/#website\"},\"primaryImageOfPage\":{\"@id\":\"https:\\\/\\\/dynnox.com\\\/fr\\\/product\\\/carrier-for-the-dynnox-l46-2\\\/#primaryimage\"},\"image\":{\"@id\":\"https:\\\/\\\/dynnox.com\\\/fr\\\/product\\\/carrier-for-the-dynnox-l46-2\\\/#primaryimage\"},\"thumbnailUrl\":\"https:\\\/\\\/dynnox.com\\\/wp-content\\\/uploads\\\/2022\\\/01\\\/Carrier-L46-2-1-scaled.jpg\",\"datePublished\":\"2022-01-15T09:35:38+00:00\",\"dateModified\":\"2024-07-07T16:36:54+00:00\",\"breadcrumb\":{\"@id\":\"https:\\\/\\\/dynnox.com\\\/fr\\\/product\\\/carrier-for-the-dynnox-l46-2\\\/#breadcrumb\"},\"inLanguage\":\"fr-FR\",\"potentialAction\":[{\"@type\":\"ReadAction\",\"target\":[\"https:\\\/\\\/dynnox.com\\\/fr\\\/product\\\/carrier-for-the-dynnox-l46-2\\\/\"]}]},{\"@type\":\"ImageObject\",\"inLanguage\":\"fr-FR\",\"@id\":\"https:\\\/\\\/dynnox.com\\\/fr\\\/product\\\/carrier-for-the-dynnox-l46-2\\\/#primaryimage\",\"url\":\"https:\\\/\\\/dynnox.com\\\/wp-content\\\/uploads\\\/2022\\\/01\\\/Carrier-L46-2-1-scaled.jpg\",\"contentUrl\":\"https:\\\/\\\/dynnox.com\\\/wp-content\\\/uploads\\\/2022\\\/01\\\/Carrier-L46-2-1-scaled.jpg\",\"width\":2560,\"height\":1440},{\"@type\":\"BreadcrumbList\",\"@id\":\"https:\\\/\\\/dynnox.com\\\/fr\\\/product\\\/carrier-for-the-dynnox-l46-2\\\/#breadcrumb\",\"itemListElement\":[{\"@type\":\"ListItem\",\"position\":1,\"name\":\"Home\",\"item\":\"https:\\\/\\\/dynnox.com\\\/fr\\\/\"},{\"@type\":\"ListItem\",\"position\":2,\"name\":\"Dynnox Shop\",\"item\":\"https:\\\/\\\/dynnox.com\\\/fr\\\/dynnox-shop\\\/\"},{\"@type\":\"ListItem\",\"position\":3,\"name\":\"Ch\u00e2ssis pour le Dynnox L46\"}]},{\"@type\":\"WebSite\",\"@id\":\"https:\\\/\\\/dynnox.com\\\/fr\\\/#website\",\"url\":\"https:\\\/\\\/dynnox.com\\\/fr\\\/\",\"name\":\"Dynnox\",\"description\":\"smart trolley, easy (un)loading\",\"publisher\":{\"@id\":\"https:\\\/\\\/dynnox.com\\\/fr\\\/#organization\"},\"potentialAction\":[{\"@type\":\"SearchAction\",\"target\":{\"@type\":\"EntryPoint\",\"urlTemplate\":\"https:\\\/\\\/dynnox.com\\\/fr\\\/?s={search_term_string}\"},\"query-input\":{\"@type\":\"PropertyValueSpecification\",\"valueRequired\":true,\"valueName\":\"search_term_string\"}}],\"inLanguage\":\"fr-FR\"},{\"@type\":\"Organization\",\"@id\":\"https:\\\/\\\/dynnox.com\\\/fr\\\/#organization\",\"name\":\"Dynnox\",\"url\":\"https:\\\/\\\/dynnox.com\\\/fr\\\/\",\"logo\":{\"@type\":\"ImageObject\",\"inLanguage\":\"fr-FR\",\"@id\":\"https:\\\/\\\/dynnox.com\\\/fr\\\/#\\\/schema\\\/logo\\\/image\\\/\",\"url\":\"http:\\\/\\\/dynnox.com\\\/wp-content\\\/uploads\\\/2022\\\/01\\\/dynnox_logo_witte_achtergrond.png\",\"contentUrl\":\"http:\\\/\\\/dynnox.com\\\/wp-content\\\/uploads\\\/2022\\\/01\\\/dynnox_logo_witte_achtergrond.png\",\"width\":1077,\"height\":183,\"caption\":\"Dynnox\"},\"image\":{\"@id\":\"https:\\\/\\\/dynnox.com\\\/fr\\\/#\\\/schema\\\/logo\\\/image\\\/\"},\"sameAs\":[\"https:\\\/\\\/facebook.com\\\/dynnox\",\"https:\\\/\\\/x.com\\\/dynnox\",\"https:\\\/\\\/www.linkedin.com\\\/company\\\/dynnox\\\/\",\"https:\\\/\\\/www.youtube.com\\\/channel\\\/UCtQYDhnSicXD2jFkBsLzblg\"]}]}<\/script>\n<!-- \/ Yoast SEO plugin. -->","yoast_head_json":{"title":"Ch\u00e2ssis pour le Dynnox L46 - Dynnox","robots":{"index":"index","follow":"follow","max-snippet":"max-snippet:-1","max-image-preview":"max-image-preview:large","max-video-preview":"max-video-preview:-1"},"canonical":"https:\/\/dynnox.com\/fr\/product\/carrier-for-the-dynnox-l46-2\/","og_locale":"fr_FR","og_type":"article","og_title":"Ch\u00e2ssis pour le Dynnox L46 - Dynnox","og_description":"Le ch\u00e2ssis L46 est le Dynnox le plus court. L'interface de la voiture n'est pas incluse. L'avant est 10 cm plus court que l'arri\u00e8re en raison de l'ajustement des jambes lorsque le ch\u00e2ssis est charg\u00e9. En raison de sa longueur et de sa maniabilit\u00e9, il est souvent utilis\u00e9 \u00e0 l'int\u00e9rieur. Une application d'environ 60 cm de largeur, 120 cm de longueur et 120 cm de hauteur peuvent \u00eatre mont\u00e9s sur le cadre, \u00e0 condition que la masse (charge) soit bien r\u00e9partie dans l'application. En savoir plus sur la&nbsp;&nbsp;Dynnox L46 ou&nbsp;&nbsp;contactez-nous!","og_url":"https:\/\/dynnox.com\/fr\/product\/carrier-for-the-dynnox-l46-2\/","og_site_name":"Dynnox","article_publisher":"https:\/\/facebook.com\/dynnox","article_modified_time":"2024-07-07T16:36:54+00:00","og_image":[{"width":2560,"height":1440,"url":"https:\/\/dynnox.com\/wp-content\/uploads\/2022\/01\/Carrier-L46-2-1-scaled.jpg","type":"image\/jpeg"}],"twitter_card":"summary_large_image","twitter_site":"@dynnox","schema":{"@context":"https:\/\/schema.org","@graph":[{"@type":"WebPage","@id":"https:\/\/dynnox.com\/fr\/product\/carrier-for-the-dynnox-l46-2\/","url":"https:\/\/dynnox.com\/fr\/product\/carrier-for-the-dynnox-l46-2\/","name":"Ch\u00e2ssis pour le Dynnox L46 - Dynnox","isPartOf":{"@id":"https:\/\/dynnox.com\/fr\/#website"},"primaryImageOfPage":{"@id":"https:\/\/dynnox.com\/fr\/product\/carrier-for-the-dynnox-l46-2\/#primaryimage"},"image":{"@id":"https:\/\/dynnox.com\/fr\/product\/carrier-for-the-dynnox-l46-2\/#primaryimage"},"thumbnailUrl":"https:\/\/dynnox.com\/wp-content\/uploads\/2022\/01\/Carrier-L46-2-1-scaled.jpg","datePublished":"2022-01-15T09:35:38+00:00","dateModified":"2024-07-07T16:36:54+00:00","breadcrumb":{"@id":"https:\/\/dynnox.com\/fr\/product\/carrier-for-the-dynnox-l46-2\/#breadcrumb"},"inLanguage":"fr-FR","potentialAction":[{"@type":"ReadAction","target":["https:\/\/dynnox.com\/fr\/product\/carrier-for-the-dynnox-l46-2\/"]}]},{"@type":"ImageObject","inLanguage":"fr-FR","@id":"https:\/\/dynnox.com\/fr\/product\/carrier-for-the-dynnox-l46-2\/#primaryimage","url":"https:\/\/dynnox.com\/wp-content\/uploads\/2022\/01\/Carrier-L46-2-1-scaled.jpg","contentUrl":"https:\/\/dynnox.com\/wp-content\/uploads\/2022\/01\/Carrier-L46-2-1-scaled.jpg","width":2560,"height":1440},{"@type":"BreadcrumbList","@id":"https:\/\/dynnox.com\/fr\/product\/carrier-for-the-dynnox-l46-2\/#breadcrumb","itemListElement":[{"@type":"ListItem","position":1,"name":"Home","item":"https:\/\/dynnox.com\/fr\/"},{"@type":"ListItem","position":2,"name":"Dynnox Shop","item":"https:\/\/dynnox.com\/fr\/dynnox-shop\/"},{"@type":"ListItem","position":3,"name":"Ch\u00e2ssis pour le Dynnox L46"}]},{"@type":"WebSite","@id":"https:\/\/dynnox.com\/fr\/#website","url":"https:\/\/dynnox.com\/fr\/","name":"Dynnox","description":"smart trolley, easy (un)loading","publisher":{"@id":"https:\/\/dynnox.com\/fr\/#organization"},"potentialAction":[{"@type":"SearchAction","target":{"@type":"EntryPoint","urlTemplate":"https:\/\/dynnox.com\/fr\/?s={search_term_string}"},"query-input":{"@type":"PropertyValueSpecification","valueRequired":true,"valueName":"search_term_string"}}],"inLanguage":"fr-FR"},{"@type":"Organization","@id":"https:\/\/dynnox.com\/fr\/#organization","name":"Dynnox","url":"https:\/\/dynnox.com\/fr\/","logo":{"@type":"ImageObject","inLanguage":"fr-FR","@id":"https:\/\/dynnox.com\/fr\/#\/schema\/logo\/image\/","url":"http:\/\/dynnox.com\/wp-content\/uploads\/2022\/01\/dynnox_logo_witte_achtergrond.png","contentUrl":"http:\/\/dynnox.com\/wp-content\/uploads\/2022\/01\/dynnox_logo_witte_achtergrond.png","width":1077,"height":183,"caption":"Dynnox"},"image":{"@id":"https:\/\/dynnox.com\/fr\/#\/schema\/logo\/image\/"},"sameAs":["https:\/\/facebook.com\/dynnox","https:\/\/x.com\/dynnox","https:\/\/www.linkedin.com\/company\/dynnox\/","https:\/\/www.youtube.com\/channel\/UCtQYDhnSicXD2jFkBsLzblg"]}]}},"_links":{"self":[{"href":"https:\/\/dynnox.com\/fr\/wp-json\/wp\/v2\/product\/12300","targetHints":{"allow":["GET"]}}],"collection":[{"href":"https:\/\/dynnox.com\/fr\/wp-json\/wp\/v2\/product"}],"about":[{"href":"https:\/\/dynnox.com\/fr\/wp-json\/wp\/v2\/types\/product"}],"wp:featuredmedia":[{"embeddable":true,"href":"https:\/\/dynnox.com\/fr\/wp-json\/wp\/v2\/media\/10835"}],"wp:attachment":[{"href":"https:\/\/dynnox.com\/fr\/wp-json\/wp\/v2\/media?parent=12300"}],"wp:term":[{"taxonomy":"product_brand","embeddable":true,"href":"https:\/\/dynnox.com\/fr\/wp-json\/wp\/v2\/product_brand?post=12300"},{"taxonomy":"product_cat","embeddable":true,"href":"https:\/\/dynnox.com\/fr\/wp-json\/wp\/v2\/product_cat?post=12300"},{"taxonomy":"product_tag","embeddable":true,"href":"https:\/\/dynnox.com\/fr\/wp-json\/wp\/v2\/product_tag?post=12300"}],"curies":[{"name":"wp","href":"https:\/\/api.w.org\/{rel}","templated":true}]}}