{"id":12301,"date":"2022-01-15T09:42:14","date_gmt":"2022-01-15T09:42:14","guid":{"rendered":"https:\/\/dynnox.com\/product\/auto-interface-for-the-dynnox-l46\/"},"modified":"2024-08-11T10:27:40","modified_gmt":"2024-08-11T10:27:40","slug":"auto-interface-for-the-dynnox-l46","status":"publish","type":"product","link":"https:\/\/dynnox.com\/fr\/product\/auto-interface-for-the-dynnox-l46\/","title":{"rendered":"Auto interface automatique pour le Dynnox L46"},"content":{"rendered":"","protected":false},"excerpt":{"rendered":"<p>L&rsquo;interface du v\u00e9hicule se compose de trois \u00e9l\u00e9ments principaux : la plate-forme de chargement, le plateau de chargement et la plaque de bois. Le ch\u00e2ssis L46 n&rsquo;est pas inclus. L&rsquo;interface du v\u00e9hicule a trois fonctions essentielles : A) le plateau de chargement d\u00e9verrouille le m\u00e9canisme. Voir art. plateau de chargement B) il guide le ch\u00e2ssis dans le v\u00e9hicule. C) il verrouille le ch\u00e2ssis dans le v\u00e9hicule.<\/p>\n","protected":false},"featured_media":10065,"template":"","meta":{"ngg_post_thumbnail":0},"product_brand":[],"product_cat":[413,485],"product_tag":[],"class_list":{"0":"post-12301","1":"product","2":"type-product","3":"status-publish","4":"has-post-thumbnail","6":"product_cat-dynnox-l46-fr","7":"product_cat-vehicle-interface-l46-fr","8":"product_shipping_class-pallet-verzending-fr","10":"first","11":"instock","12":"taxable","13":"shipping-taxable","14":"purchasable","15":"product-type-composite"},"composite_virtual":false,"composite_layout":"single","composite_add_to_cart_form_location":"default","composite_editable_in_cart":false,"composite_sold_individually_context":"product","composite_shop_price_calc":"hidden","composite_components":[{"id":"1641465666","title":"- Choisissez l&#039;auto interface que vous souhaitez :","description":"","query_type":"product_ids","query_ids":[12475,12294],"default_option_id":"","thumbnail_id":"","thumbnail_src":"","quantity_min":1,"quantity_max":1,"priced_individually":true,"shipped_individually":false,"optional":false,"discount":"","options_style":"thumbnails","pagination_style":"classic","display_prices":"absolute","show_sorting_options":false,"show_filtering_options":false,"attribute_filter_ids":[],"select_action":"view","product_title_visible":false,"product_descr_visible":false,"product_price_visible":false,"product_thumb_visible":false,"subtotal_visible_product":true,"subtotal_visible_cart":true,"subtotal_visible_orders":true},{"id":"1642336178","title":"- Option : Auto interface amovible","description":"","query_type":"product_ids","query_ids":[16354,12293],"default_option_id":16354,"thumbnail_id":"","thumbnail_src":"","quantity_min":1,"quantity_max":1,"priced_individually":true,"shipped_individually":false,"optional":false,"discount":"","options_style":"dropdowns","pagination_style":"classic","display_prices":"absolute","show_sorting_options":false,"show_filtering_options":false,"attribute_filter_ids":[],"select_action":"view","product_title_visible":false,"product_descr_visible":false,"product_price_visible":false,"product_thumb_visible":true,"subtotal_visible_product":true,"subtotal_visible_cart":true,"subtotal_visible_orders":true},{"id":"1641807742","title":"- Option : assemblage, r\u00e9glage du m\u00e9canisme et test","description":"","query_type":"product_ids","query_ids":[12351,16622],"default_option_id":16622,"thumbnail_id":"","thumbnail_src":"","quantity_min":1,"quantity_max":1,"priced_individually":true,"shipped_individually":false,"optional":false,"discount":"","options_style":"dropdowns","pagination_style":"classic","display_prices":"absolute","show_sorting_options":false,"show_filtering_options":false,"attribute_filter_ids":[],"select_action":"view","product_title_visible":false,"product_descr_visible":false,"product_price_visible":false,"product_thumb_visible":false,"subtotal_visible_product":true,"subtotal_visible_cart":true,"subtotal_visible_orders":true}],"composite_scenarios":[],"bundled_by":[],"bundle_stock_status":"instock","bundle_stock_quantity":null,"bundle_virtual":false,"bundle_layout":"","bundle_add_to_cart_form_location":"","bundle_editable_in_cart":false,"bundle_sold_individually_context":"","bundle_item_grouping":"","bundle_min_size":"","bundle_max_size":"","bundle_price":[],"bundled_items":[],"bundle_sell_ids":[],"yoast_head":"<!-- This site is optimized with the Yoast SEO plugin v27.3 - https:\/\/yoast.com\/product\/yoast-seo-wordpress\/ -->\n<title>Auto interface automatique pour le Dynnox L46 - Dynnox<\/title>\n<meta name=\"robots\" content=\"index, follow, max-snippet:-1, max-image-preview:large, max-video-preview:-1\" \/>\n<link rel=\"canonical\" href=\"https:\/\/dynnox.com\/fr\/product\/auto-interface-for-the-dynnox-l46\/\" \/>\n<meta property=\"og:locale\" content=\"fr_FR\" \/>\n<meta property=\"og:type\" content=\"article\" \/>\n<meta property=\"og:title\" content=\"Auto interface automatique pour le Dynnox L46 - Dynnox\" \/>\n<meta property=\"og:description\" content=\"L&#039;interface du v\u00e9hicule se compose de trois \u00e9l\u00e9ments principaux : la plate-forme de chargement, le plateau de chargement et la plaque de bois. Le ch\u00e2ssis L46 n&#039;est pas inclus. L&#039;interface du v\u00e9hicule a trois fonctions essentielles : A) le plateau de chargement d\u00e9verrouille le m\u00e9canisme. Voir art. plateau de chargement B) il guide le ch\u00e2ssis dans le v\u00e9hicule. C) il verrouille le ch\u00e2ssis dans le v\u00e9hicule.\" \/>\n<meta property=\"og:url\" content=\"https:\/\/dynnox.com\/fr\/product\/auto-interface-for-the-dynnox-l46\/\" \/>\n<meta property=\"og:site_name\" content=\"Dynnox\" \/>\n<meta property=\"article:publisher\" content=\"https:\/\/facebook.com\/dynnox\" \/>\n<meta property=\"article:modified_time\" content=\"2024-08-11T10:27:40+00:00\" \/>\n<meta property=\"og:image\" content=\"https:\/\/dynnox.com\/wp-content\/uploads\/2022\/01\/Dynnox-L46-vehicule-interface.png\" \/>\n\t<meta property=\"og:image:width\" content=\"1920\" \/>\n\t<meta property=\"og:image:height\" content=\"1080\" \/>\n\t<meta property=\"og:image:type\" content=\"image\/png\" \/>\n<meta name=\"twitter:card\" content=\"summary_large_image\" \/>\n<meta name=\"twitter:site\" content=\"@dynnox\" \/>\n<script type=\"application\/ld+json\" class=\"yoast-schema-graph\">{\"@context\":\"https:\\\/\\\/schema.org\",\"@graph\":[{\"@type\":\"WebPage\",\"@id\":\"https:\\\/\\\/dynnox.com\\\/fr\\\/product\\\/auto-interface-for-the-dynnox-l46\\\/\",\"url\":\"https:\\\/\\\/dynnox.com\\\/fr\\\/product\\\/auto-interface-for-the-dynnox-l46\\\/\",\"name\":\"Auto interface automatique pour le Dynnox L46 - Dynnox\",\"isPartOf\":{\"@id\":\"https:\\\/\\\/dynnox.com\\\/fr\\\/#website\"},\"primaryImageOfPage\":{\"@id\":\"https:\\\/\\\/dynnox.com\\\/fr\\\/product\\\/auto-interface-for-the-dynnox-l46\\\/#primaryimage\"},\"image\":{\"@id\":\"https:\\\/\\\/dynnox.com\\\/fr\\\/product\\\/auto-interface-for-the-dynnox-l46\\\/#primaryimage\"},\"thumbnailUrl\":\"https:\\\/\\\/dynnox.com\\\/wp-content\\\/uploads\\\/2022\\\/01\\\/Dynnox-L46-vehicule-interface.png\",\"datePublished\":\"2022-01-15T09:42:14+00:00\",\"dateModified\":\"2024-08-11T10:27:40+00:00\",\"breadcrumb\":{\"@id\":\"https:\\\/\\\/dynnox.com\\\/fr\\\/product\\\/auto-interface-for-the-dynnox-l46\\\/#breadcrumb\"},\"inLanguage\":\"fr-FR\",\"potentialAction\":[{\"@type\":\"ReadAction\",\"target\":[\"https:\\\/\\\/dynnox.com\\\/fr\\\/product\\\/auto-interface-for-the-dynnox-l46\\\/\"]}]},{\"@type\":\"ImageObject\",\"inLanguage\":\"fr-FR\",\"@id\":\"https:\\\/\\\/dynnox.com\\\/fr\\\/product\\\/auto-interface-for-the-dynnox-l46\\\/#primaryimage\",\"url\":\"https:\\\/\\\/dynnox.com\\\/wp-content\\\/uploads\\\/2022\\\/01\\\/Dynnox-L46-vehicule-interface.png\",\"contentUrl\":\"https:\\\/\\\/dynnox.com\\\/wp-content\\\/uploads\\\/2022\\\/01\\\/Dynnox-L46-vehicule-interface.png\",\"width\":1920,\"height\":1080,\"caption\":\"Dynnox L46 vehicule interface\"},{\"@type\":\"BreadcrumbList\",\"@id\":\"https:\\\/\\\/dynnox.com\\\/fr\\\/product\\\/auto-interface-for-the-dynnox-l46\\\/#breadcrumb\",\"itemListElement\":[{\"@type\":\"ListItem\",\"position\":1,\"name\":\"Home\",\"item\":\"https:\\\/\\\/dynnox.com\\\/fr\\\/\"},{\"@type\":\"ListItem\",\"position\":2,\"name\":\"Dynnox Shop\",\"item\":\"https:\\\/\\\/dynnox.com\\\/fr\\\/dynnox-shop\\\/\"},{\"@type\":\"ListItem\",\"position\":3,\"name\":\"Auto interface automatique pour le Dynnox L46\"}]},{\"@type\":\"WebSite\",\"@id\":\"https:\\\/\\\/dynnox.com\\\/fr\\\/#website\",\"url\":\"https:\\\/\\\/dynnox.com\\\/fr\\\/\",\"name\":\"Dynnox\",\"description\":\"smart trolley, easy (un)loading\",\"publisher\":{\"@id\":\"https:\\\/\\\/dynnox.com\\\/fr\\\/#organization\"},\"potentialAction\":[{\"@type\":\"SearchAction\",\"target\":{\"@type\":\"EntryPoint\",\"urlTemplate\":\"https:\\\/\\\/dynnox.com\\\/fr\\\/?s={search_term_string}\"},\"query-input\":{\"@type\":\"PropertyValueSpecification\",\"valueRequired\":true,\"valueName\":\"search_term_string\"}}],\"inLanguage\":\"fr-FR\"},{\"@type\":\"Organization\",\"@id\":\"https:\\\/\\\/dynnox.com\\\/fr\\\/#organization\",\"name\":\"Dynnox\",\"url\":\"https:\\\/\\\/dynnox.com\\\/fr\\\/\",\"logo\":{\"@type\":\"ImageObject\",\"inLanguage\":\"fr-FR\",\"@id\":\"https:\\\/\\\/dynnox.com\\\/fr\\\/#\\\/schema\\\/logo\\\/image\\\/\",\"url\":\"http:\\\/\\\/dynnox.com\\\/wp-content\\\/uploads\\\/2022\\\/01\\\/dynnox_logo_witte_achtergrond.png\",\"contentUrl\":\"http:\\\/\\\/dynnox.com\\\/wp-content\\\/uploads\\\/2022\\\/01\\\/dynnox_logo_witte_achtergrond.png\",\"width\":1077,\"height\":183,\"caption\":\"Dynnox\"},\"image\":{\"@id\":\"https:\\\/\\\/dynnox.com\\\/fr\\\/#\\\/schema\\\/logo\\\/image\\\/\"},\"sameAs\":[\"https:\\\/\\\/facebook.com\\\/dynnox\",\"https:\\\/\\\/x.com\\\/dynnox\",\"https:\\\/\\\/www.linkedin.com\\\/company\\\/dynnox\\\/\",\"https:\\\/\\\/www.youtube.com\\\/channel\\\/UCtQYDhnSicXD2jFkBsLzblg\"]}]}<\/script>\n<!-- \/ Yoast SEO plugin. -->","yoast_head_json":{"title":"Auto interface automatique pour le Dynnox L46 - Dynnox","robots":{"index":"index","follow":"follow","max-snippet":"max-snippet:-1","max-image-preview":"max-image-preview:large","max-video-preview":"max-video-preview:-1"},"canonical":"https:\/\/dynnox.com\/fr\/product\/auto-interface-for-the-dynnox-l46\/","og_locale":"fr_FR","og_type":"article","og_title":"Auto interface automatique pour le Dynnox L46 - Dynnox","og_description":"L'interface du v\u00e9hicule se compose de trois \u00e9l\u00e9ments principaux : la plate-forme de chargement, le plateau de chargement et la plaque de bois. Le ch\u00e2ssis L46 n'est pas inclus. L'interface du v\u00e9hicule a trois fonctions essentielles : A) le plateau de chargement d\u00e9verrouille le m\u00e9canisme. Voir art. plateau de chargement B) il guide le ch\u00e2ssis dans le v\u00e9hicule. C) il verrouille le ch\u00e2ssis dans le v\u00e9hicule.","og_url":"https:\/\/dynnox.com\/fr\/product\/auto-interface-for-the-dynnox-l46\/","og_site_name":"Dynnox","article_publisher":"https:\/\/facebook.com\/dynnox","article_modified_time":"2024-08-11T10:27:40+00:00","og_image":[{"width":1920,"height":1080,"url":"https:\/\/dynnox.com\/wp-content\/uploads\/2022\/01\/Dynnox-L46-vehicule-interface.png","type":"image\/png"}],"twitter_card":"summary_large_image","twitter_site":"@dynnox","schema":{"@context":"https:\/\/schema.org","@graph":[{"@type":"WebPage","@id":"https:\/\/dynnox.com\/fr\/product\/auto-interface-for-the-dynnox-l46\/","url":"https:\/\/dynnox.com\/fr\/product\/auto-interface-for-the-dynnox-l46\/","name":"Auto interface automatique pour le Dynnox L46 - Dynnox","isPartOf":{"@id":"https:\/\/dynnox.com\/fr\/#website"},"primaryImageOfPage":{"@id":"https:\/\/dynnox.com\/fr\/product\/auto-interface-for-the-dynnox-l46\/#primaryimage"},"image":{"@id":"https:\/\/dynnox.com\/fr\/product\/auto-interface-for-the-dynnox-l46\/#primaryimage"},"thumbnailUrl":"https:\/\/dynnox.com\/wp-content\/uploads\/2022\/01\/Dynnox-L46-vehicule-interface.png","datePublished":"2022-01-15T09:42:14+00:00","dateModified":"2024-08-11T10:27:40+00:00","breadcrumb":{"@id":"https:\/\/dynnox.com\/fr\/product\/auto-interface-for-the-dynnox-l46\/#breadcrumb"},"inLanguage":"fr-FR","potentialAction":[{"@type":"ReadAction","target":["https:\/\/dynnox.com\/fr\/product\/auto-interface-for-the-dynnox-l46\/"]}]},{"@type":"ImageObject","inLanguage":"fr-FR","@id":"https:\/\/dynnox.com\/fr\/product\/auto-interface-for-the-dynnox-l46\/#primaryimage","url":"https:\/\/dynnox.com\/wp-content\/uploads\/2022\/01\/Dynnox-L46-vehicule-interface.png","contentUrl":"https:\/\/dynnox.com\/wp-content\/uploads\/2022\/01\/Dynnox-L46-vehicule-interface.png","width":1920,"height":1080,"caption":"Dynnox L46 vehicule interface"},{"@type":"BreadcrumbList","@id":"https:\/\/dynnox.com\/fr\/product\/auto-interface-for-the-dynnox-l46\/#breadcrumb","itemListElement":[{"@type":"ListItem","position":1,"name":"Home","item":"https:\/\/dynnox.com\/fr\/"},{"@type":"ListItem","position":2,"name":"Dynnox Shop","item":"https:\/\/dynnox.com\/fr\/dynnox-shop\/"},{"@type":"ListItem","position":3,"name":"Auto interface automatique pour le Dynnox L46"}]},{"@type":"WebSite","@id":"https:\/\/dynnox.com\/fr\/#website","url":"https:\/\/dynnox.com\/fr\/","name":"Dynnox","description":"smart trolley, easy (un)loading","publisher":{"@id":"https:\/\/dynnox.com\/fr\/#organization"},"potentialAction":[{"@type":"SearchAction","target":{"@type":"EntryPoint","urlTemplate":"https:\/\/dynnox.com\/fr\/?s={search_term_string}"},"query-input":{"@type":"PropertyValueSpecification","valueRequired":true,"valueName":"search_term_string"}}],"inLanguage":"fr-FR"},{"@type":"Organization","@id":"https:\/\/dynnox.com\/fr\/#organization","name":"Dynnox","url":"https:\/\/dynnox.com\/fr\/","logo":{"@type":"ImageObject","inLanguage":"fr-FR","@id":"https:\/\/dynnox.com\/fr\/#\/schema\/logo\/image\/","url":"http:\/\/dynnox.com\/wp-content\/uploads\/2022\/01\/dynnox_logo_witte_achtergrond.png","contentUrl":"http:\/\/dynnox.com\/wp-content\/uploads\/2022\/01\/dynnox_logo_witte_achtergrond.png","width":1077,"height":183,"caption":"Dynnox"},"image":{"@id":"https:\/\/dynnox.com\/fr\/#\/schema\/logo\/image\/"},"sameAs":["https:\/\/facebook.com\/dynnox","https:\/\/x.com\/dynnox","https:\/\/www.linkedin.com\/company\/dynnox\/","https:\/\/www.youtube.com\/channel\/UCtQYDhnSicXD2jFkBsLzblg"]}]}},"_links":{"self":[{"href":"https:\/\/dynnox.com\/fr\/wp-json\/wp\/v2\/product\/12301","targetHints":{"allow":["GET"]}}],"collection":[{"href":"https:\/\/dynnox.com\/fr\/wp-json\/wp\/v2\/product"}],"about":[{"href":"https:\/\/dynnox.com\/fr\/wp-json\/wp\/v2\/types\/product"}],"wp:featuredmedia":[{"embeddable":true,"href":"https:\/\/dynnox.com\/fr\/wp-json\/wp\/v2\/media\/10065"}],"wp:attachment":[{"href":"https:\/\/dynnox.com\/fr\/wp-json\/wp\/v2\/media?parent=12301"}],"wp:term":[{"taxonomy":"product_brand","embeddable":true,"href":"https:\/\/dynnox.com\/fr\/wp-json\/wp\/v2\/product_brand?post=12301"},{"taxonomy":"product_cat","embeddable":true,"href":"https:\/\/dynnox.com\/fr\/wp-json\/wp\/v2\/product_cat?post=12301"},{"taxonomy":"product_tag","embeddable":true,"href":"https:\/\/dynnox.com\/fr\/wp-json\/wp\/v2\/product_tag?post=12301"}],"curies":[{"name":"wp","href":"https:\/\/api.w.org\/{rel}","templated":true}]}}