{"id":12339,"date":"2022-01-06T10:41:03","date_gmt":"2022-01-06T10:41:03","guid":{"rendered":"https:\/\/dynnox.com\/product\/complete-dynnox-l46-2\/"},"modified":"2024-08-17T07:53:52","modified_gmt":"2024-08-17T07:53:52","slug":"complete-dynnox-l46-2","status":"publish","type":"product","link":"https:\/\/dynnox.com\/fr\/product\/complete-dynnox-l46-2\/","title":{"rendered":"Complet Dynnox L46"},"content":{"rendered":"","protected":false},"excerpt":{"rendered":"<p>Le L46 complet est compos\u00e9 du ch\u00e2ssis L46 + de l&rsquo;interface de la voiture + de la plaque de bois L46. Vous disposez ainsi de tout ce dont vous avez besoin pour le Dynnox L46.<\/p>\n<p>Le Dynnox L46 constitue la base de tout syst\u00e8me de transport mobile \u00e9troit dans les v\u00e9hicules d&rsquo;entreprise. Le ch\u00e2ssis ne p\u00e8se que 40 kg et a une capacit\u00e9 de charge de pas moins de 250 kg ! Vous pouvez choisir l&rsquo;une de nos applications \u00e9prouv\u00e9es ou concevoir un module d&rsquo;installation parfaitement adapt\u00e9 \u00e0 votre situation ; le syst\u00e8me intelligent fait en sorte que tout soit l\u00e9ger et facilement d\u00e9pla\u00e7able.<\/p>\n","protected":false},"featured_media":10345,"template":"","meta":{"ngg_post_thumbnail":0},"product_brand":[],"product_cat":[413,483],"product_tag":[],"class_list":{"0":"post-12339","1":"product","2":"type-product","3":"status-publish","4":"has-post-thumbnail","6":"product_cat-dynnox-l46-fr","7":"product_cat-set-l46-fr","8":"product_shipping_class-pallet-verzending-fr","10":"first","11":"instock","12":"taxable","13":"shipping-taxable","14":"purchasable","15":"product-type-composite"},"composite_virtual":false,"composite_layout":"single","composite_add_to_cart_form_location":"default","composite_editable_in_cart":false,"composite_sold_individually_context":"product","composite_shop_price_calc":"hidden","composite_components":[{"id":"1641465665","title":"- Choisissez entre des roues standard ou des roues gonflables :","description":"","query_type":"product_ids","query_ids":[12280,12274],"default_option_id":"","thumbnail_id":"","thumbnail_src":"","quantity_min":1,"quantity_max":1,"priced_individually":true,"shipped_individually":false,"optional":false,"discount":"","options_style":"thumbnails","pagination_style":"classic","display_prices":"absolute","show_sorting_options":false,"show_filtering_options":false,"attribute_filter_ids":[],"select_action":"view","product_title_visible":false,"product_descr_visible":false,"product_price_visible":false,"product_thumb_visible":false,"subtotal_visible_product":false,"subtotal_visible_cart":true,"subtotal_visible_orders":true},{"id":"1641467943","title":"- Option : Choisissez un autre type de pneus que ceux fournis en standard :","description":"","query_type":"product_ids","query_ids":[16307,12500,12522,12524],"default_option_id":16307,"thumbnail_id":"","thumbnail_src":"","quantity_min":1,"quantity_max":1,"priced_individually":true,"shipped_individually":false,"optional":false,"discount":"","options_style":"dropdowns","pagination_style":"classic","display_prices":"absolute","show_sorting_options":false,"show_filtering_options":false,"attribute_filter_ids":[],"select_action":"view","product_title_visible":false,"product_descr_visible":false,"product_price_visible":false,"product_thumb_visible":true,"subtotal_visible_product":true,"subtotal_visible_cart":false,"subtotal_visible_orders":true},{"id":"1719860684","title":"- Option : Interface automobile amovible","description":"","query_type":"product_ids","query_ids":[16354,12293],"default_option_id":16354,"thumbnail_id":"","thumbnail_src":"","quantity_min":1,"quantity_max":1,"priced_individually":true,"shipped_individually":false,"optional":false,"discount":"","options_style":"dropdowns","pagination_style":"classic","display_prices":"absolute","show_sorting_options":false,"show_filtering_options":false,"attribute_filter_ids":[],"select_action":"view","product_title_visible":false,"product_descr_visible":false,"product_price_visible":false,"product_thumb_visible":true,"subtotal_visible_product":true,"subtotal_visible_cart":true,"subtotal_visible_orders":true},{"id":"1719860685","title":"- Option : assemblage, r\u00e9glage du m\u00e9canisme et test","description":"","query_type":"product_ids","query_ids":[16622,12351],"default_option_id":16622,"thumbnail_id":"","thumbnail_src":"","quantity_min":1,"quantity_max":1,"priced_individually":true,"shipped_individually":false,"optional":false,"discount":"","options_style":"dropdowns","pagination_style":"classic","display_prices":"absolute","show_sorting_options":false,"show_filtering_options":false,"attribute_filter_ids":[],"select_action":"view","product_title_visible":false,"product_descr_visible":false,"product_price_visible":false,"product_thumb_visible":false,"subtotal_visible_product":true,"subtotal_visible_cart":true,"subtotal_visible_orders":true}],"composite_scenarios":[{"id":"1642330837","name":"L46 airwheels","description":"","configuration":[{"component_id":"1641465665","options_modifier":"in","component_options":[12274]}],"actions":[{"action_id":"compat_group","is_active":false},{"action_id":"conditional_components","is_active":true,"hidden_components":["1641467943"]},{"action_id":"conditional_options","is_active":false,"hidden_options":[]}],"enabled":true}],"bundled_by":[],"bundle_stock_status":"instock","bundle_stock_quantity":null,"bundle_virtual":false,"bundle_layout":"","bundle_add_to_cart_form_location":"","bundle_editable_in_cart":false,"bundle_sold_individually_context":"","bundle_item_grouping":"","bundle_min_size":"","bundle_max_size":"","bundle_price":[],"bundled_items":[],"bundle_sell_ids":[],"yoast_head":"<!-- This site is optimized with the Yoast SEO plugin v27.4 - https:\/\/yoast.com\/product\/yoast-seo-wordpress\/ -->\n<title>Complet Dynnox L46 - Dynnox<\/title>\n<meta name=\"robots\" content=\"index, follow, max-snippet:-1, max-image-preview:large, max-video-preview:-1\" \/>\n<link rel=\"canonical\" href=\"https:\/\/dynnox.com\/fr\/product\/complete-dynnox-l46-2\/\" \/>\n<meta property=\"og:locale\" content=\"fr_FR\" \/>\n<meta property=\"og:type\" content=\"article\" \/>\n<meta property=\"og:title\" content=\"Complet Dynnox L46 - Dynnox\" \/>\n<meta property=\"og:description\" content=\"Le L46 complet est compos\u00e9 du ch\u00e2ssis L46 + de l&#039;interface de la voiture + de la plaque de bois L46. Vous disposez ainsi de tout ce dont vous avez besoin pour le Dynnox L46.  Le Dynnox L46 constitue la base de tout syst\u00e8me de transport mobile \u00e9troit dans les v\u00e9hicules d&#039;entreprise. Le ch\u00e2ssis ne p\u00e8se que 40 kg et a une capacit\u00e9 de charge de pas moins de 250 kg ! Vous pouvez choisir l&#039;une de nos applications \u00e9prouv\u00e9es ou concevoir un module d&#039;installation parfaitement adapt\u00e9 \u00e0 votre situation ; le syst\u00e8me intelligent fait en sorte que tout soit l\u00e9ger et facilement d\u00e9pla\u00e7able.\" \/>\n<meta property=\"og:url\" content=\"https:\/\/dynnox.com\/fr\/product\/complete-dynnox-l46-2\/\" \/>\n<meta property=\"og:site_name\" content=\"Dynnox\" \/>\n<meta property=\"article:publisher\" content=\"https:\/\/facebook.com\/dynnox\" \/>\n<meta property=\"article:modified_time\" content=\"2024-08-17T07:53:52+00:00\" \/>\n<meta property=\"og:image\" content=\"https:\/\/dynnox.com\/wp-content\/uploads\/2022\/01\/L46-compleet-standard.jpg\" \/>\n\t<meta property=\"og:image:width\" content=\"1920\" \/>\n\t<meta property=\"og:image:height\" content=\"1080\" \/>\n\t<meta property=\"og:image:type\" content=\"image\/jpeg\" \/>\n<meta name=\"twitter:card\" content=\"summary_large_image\" \/>\n<meta name=\"twitter:site\" content=\"@dynnox\" \/>\n<script type=\"application\/ld+json\" class=\"yoast-schema-graph\">{\"@context\":\"https:\\\/\\\/schema.org\",\"@graph\":[{\"@type\":\"WebPage\",\"@id\":\"https:\\\/\\\/dynnox.com\\\/fr\\\/product\\\/complete-dynnox-l46-2\\\/\",\"url\":\"https:\\\/\\\/dynnox.com\\\/fr\\\/product\\\/complete-dynnox-l46-2\\\/\",\"name\":\"Complet Dynnox L46 - Dynnox\",\"isPartOf\":{\"@id\":\"https:\\\/\\\/dynnox.com\\\/fr\\\/#website\"},\"primaryImageOfPage\":{\"@id\":\"https:\\\/\\\/dynnox.com\\\/fr\\\/product\\\/complete-dynnox-l46-2\\\/#primaryimage\"},\"image\":{\"@id\":\"https:\\\/\\\/dynnox.com\\\/fr\\\/product\\\/complete-dynnox-l46-2\\\/#primaryimage\"},\"thumbnailUrl\":\"https:\\\/\\\/dynnox.com\\\/wp-content\\\/uploads\\\/2022\\\/01\\\/L46-compleet-standard.jpg\",\"datePublished\":\"2022-01-06T10:41:03+00:00\",\"dateModified\":\"2024-08-17T07:53:52+00:00\",\"breadcrumb\":{\"@id\":\"https:\\\/\\\/dynnox.com\\\/fr\\\/product\\\/complete-dynnox-l46-2\\\/#breadcrumb\"},\"inLanguage\":\"fr-FR\",\"potentialAction\":[{\"@type\":\"ReadAction\",\"target\":[\"https:\\\/\\\/dynnox.com\\\/fr\\\/product\\\/complete-dynnox-l46-2\\\/\"]}]},{\"@type\":\"ImageObject\",\"inLanguage\":\"fr-FR\",\"@id\":\"https:\\\/\\\/dynnox.com\\\/fr\\\/product\\\/complete-dynnox-l46-2\\\/#primaryimage\",\"url\":\"https:\\\/\\\/dynnox.com\\\/wp-content\\\/uploads\\\/2022\\\/01\\\/L46-compleet-standard.jpg\",\"contentUrl\":\"https:\\\/\\\/dynnox.com\\\/wp-content\\\/uploads\\\/2022\\\/01\\\/L46-compleet-standard.jpg\",\"width\":1920,\"height\":1080},{\"@type\":\"BreadcrumbList\",\"@id\":\"https:\\\/\\\/dynnox.com\\\/fr\\\/product\\\/complete-dynnox-l46-2\\\/#breadcrumb\",\"itemListElement\":[{\"@type\":\"ListItem\",\"position\":1,\"name\":\"Home\",\"item\":\"https:\\\/\\\/dynnox.com\\\/fr\\\/\"},{\"@type\":\"ListItem\",\"position\":2,\"name\":\"Dynnox Shop\",\"item\":\"https:\\\/\\\/dynnox.com\\\/fr\\\/dynnox-shop\\\/\"},{\"@type\":\"ListItem\",\"position\":3,\"name\":\"Complet Dynnox L46\"}]},{\"@type\":\"WebSite\",\"@id\":\"https:\\\/\\\/dynnox.com\\\/fr\\\/#website\",\"url\":\"https:\\\/\\\/dynnox.com\\\/fr\\\/\",\"name\":\"Dynnox\",\"description\":\"smart trolley, easy (un)loading\",\"publisher\":{\"@id\":\"https:\\\/\\\/dynnox.com\\\/fr\\\/#organization\"},\"potentialAction\":[{\"@type\":\"SearchAction\",\"target\":{\"@type\":\"EntryPoint\",\"urlTemplate\":\"https:\\\/\\\/dynnox.com\\\/fr\\\/?s={search_term_string}\"},\"query-input\":{\"@type\":\"PropertyValueSpecification\",\"valueRequired\":true,\"valueName\":\"search_term_string\"}}],\"inLanguage\":\"fr-FR\"},{\"@type\":\"Organization\",\"@id\":\"https:\\\/\\\/dynnox.com\\\/fr\\\/#organization\",\"name\":\"Dynnox\",\"url\":\"https:\\\/\\\/dynnox.com\\\/fr\\\/\",\"logo\":{\"@type\":\"ImageObject\",\"inLanguage\":\"fr-FR\",\"@id\":\"https:\\\/\\\/dynnox.com\\\/fr\\\/#\\\/schema\\\/logo\\\/image\\\/\",\"url\":\"http:\\\/\\\/dynnox.com\\\/wp-content\\\/uploads\\\/2022\\\/01\\\/dynnox_logo_witte_achtergrond.png\",\"contentUrl\":\"http:\\\/\\\/dynnox.com\\\/wp-content\\\/uploads\\\/2022\\\/01\\\/dynnox_logo_witte_achtergrond.png\",\"width\":1077,\"height\":183,\"caption\":\"Dynnox\"},\"image\":{\"@id\":\"https:\\\/\\\/dynnox.com\\\/fr\\\/#\\\/schema\\\/logo\\\/image\\\/\"},\"sameAs\":[\"https:\\\/\\\/facebook.com\\\/dynnox\",\"https:\\\/\\\/x.com\\\/dynnox\",\"https:\\\/\\\/www.linkedin.com\\\/company\\\/dynnox\\\/\",\"https:\\\/\\\/www.youtube.com\\\/channel\\\/UCtQYDhnSicXD2jFkBsLzblg\"]}]}<\/script>\n<!-- \/ Yoast SEO plugin. -->","yoast_head_json":{"title":"Complet Dynnox L46 - Dynnox","robots":{"index":"index","follow":"follow","max-snippet":"max-snippet:-1","max-image-preview":"max-image-preview:large","max-video-preview":"max-video-preview:-1"},"canonical":"https:\/\/dynnox.com\/fr\/product\/complete-dynnox-l46-2\/","og_locale":"fr_FR","og_type":"article","og_title":"Complet Dynnox L46 - Dynnox","og_description":"Le L46 complet est compos\u00e9 du ch\u00e2ssis L46 + de l'interface de la voiture + de la plaque de bois L46. Vous disposez ainsi de tout ce dont vous avez besoin pour le Dynnox L46.  Le Dynnox L46 constitue la base de tout syst\u00e8me de transport mobile \u00e9troit dans les v\u00e9hicules d'entreprise. Le ch\u00e2ssis ne p\u00e8se que 40 kg et a une capacit\u00e9 de charge de pas moins de 250 kg ! Vous pouvez choisir l'une de nos applications \u00e9prouv\u00e9es ou concevoir un module d'installation parfaitement adapt\u00e9 \u00e0 votre situation ; le syst\u00e8me intelligent fait en sorte que tout soit l\u00e9ger et facilement d\u00e9pla\u00e7able.","og_url":"https:\/\/dynnox.com\/fr\/product\/complete-dynnox-l46-2\/","og_site_name":"Dynnox","article_publisher":"https:\/\/facebook.com\/dynnox","article_modified_time":"2024-08-17T07:53:52+00:00","og_image":[{"width":1920,"height":1080,"url":"https:\/\/dynnox.com\/wp-content\/uploads\/2022\/01\/L46-compleet-standard.jpg","type":"image\/jpeg"}],"twitter_card":"summary_large_image","twitter_site":"@dynnox","schema":{"@context":"https:\/\/schema.org","@graph":[{"@type":"WebPage","@id":"https:\/\/dynnox.com\/fr\/product\/complete-dynnox-l46-2\/","url":"https:\/\/dynnox.com\/fr\/product\/complete-dynnox-l46-2\/","name":"Complet Dynnox L46 - Dynnox","isPartOf":{"@id":"https:\/\/dynnox.com\/fr\/#website"},"primaryImageOfPage":{"@id":"https:\/\/dynnox.com\/fr\/product\/complete-dynnox-l46-2\/#primaryimage"},"image":{"@id":"https:\/\/dynnox.com\/fr\/product\/complete-dynnox-l46-2\/#primaryimage"},"thumbnailUrl":"https:\/\/dynnox.com\/wp-content\/uploads\/2022\/01\/L46-compleet-standard.jpg","datePublished":"2022-01-06T10:41:03+00:00","dateModified":"2024-08-17T07:53:52+00:00","breadcrumb":{"@id":"https:\/\/dynnox.com\/fr\/product\/complete-dynnox-l46-2\/#breadcrumb"},"inLanguage":"fr-FR","potentialAction":[{"@type":"ReadAction","target":["https:\/\/dynnox.com\/fr\/product\/complete-dynnox-l46-2\/"]}]},{"@type":"ImageObject","inLanguage":"fr-FR","@id":"https:\/\/dynnox.com\/fr\/product\/complete-dynnox-l46-2\/#primaryimage","url":"https:\/\/dynnox.com\/wp-content\/uploads\/2022\/01\/L46-compleet-standard.jpg","contentUrl":"https:\/\/dynnox.com\/wp-content\/uploads\/2022\/01\/L46-compleet-standard.jpg","width":1920,"height":1080},{"@type":"BreadcrumbList","@id":"https:\/\/dynnox.com\/fr\/product\/complete-dynnox-l46-2\/#breadcrumb","itemListElement":[{"@type":"ListItem","position":1,"name":"Home","item":"https:\/\/dynnox.com\/fr\/"},{"@type":"ListItem","position":2,"name":"Dynnox Shop","item":"https:\/\/dynnox.com\/fr\/dynnox-shop\/"},{"@type":"ListItem","position":3,"name":"Complet Dynnox L46"}]},{"@type":"WebSite","@id":"https:\/\/dynnox.com\/fr\/#website","url":"https:\/\/dynnox.com\/fr\/","name":"Dynnox","description":"smart trolley, easy (un)loading","publisher":{"@id":"https:\/\/dynnox.com\/fr\/#organization"},"potentialAction":[{"@type":"SearchAction","target":{"@type":"EntryPoint","urlTemplate":"https:\/\/dynnox.com\/fr\/?s={search_term_string}"},"query-input":{"@type":"PropertyValueSpecification","valueRequired":true,"valueName":"search_term_string"}}],"inLanguage":"fr-FR"},{"@type":"Organization","@id":"https:\/\/dynnox.com\/fr\/#organization","name":"Dynnox","url":"https:\/\/dynnox.com\/fr\/","logo":{"@type":"ImageObject","inLanguage":"fr-FR","@id":"https:\/\/dynnox.com\/fr\/#\/schema\/logo\/image\/","url":"http:\/\/dynnox.com\/wp-content\/uploads\/2022\/01\/dynnox_logo_witte_achtergrond.png","contentUrl":"http:\/\/dynnox.com\/wp-content\/uploads\/2022\/01\/dynnox_logo_witte_achtergrond.png","width":1077,"height":183,"caption":"Dynnox"},"image":{"@id":"https:\/\/dynnox.com\/fr\/#\/schema\/logo\/image\/"},"sameAs":["https:\/\/facebook.com\/dynnox","https:\/\/x.com\/dynnox","https:\/\/www.linkedin.com\/company\/dynnox\/","https:\/\/www.youtube.com\/channel\/UCtQYDhnSicXD2jFkBsLzblg"]}]}},"_links":{"self":[{"href":"https:\/\/dynnox.com\/fr\/wp-json\/wp\/v2\/product\/12339","targetHints":{"allow":["GET"]}}],"collection":[{"href":"https:\/\/dynnox.com\/fr\/wp-json\/wp\/v2\/product"}],"about":[{"href":"https:\/\/dynnox.com\/fr\/wp-json\/wp\/v2\/types\/product"}],"wp:featuredmedia":[{"embeddable":true,"href":"https:\/\/dynnox.com\/fr\/wp-json\/wp\/v2\/media\/10345"}],"wp:attachment":[{"href":"https:\/\/dynnox.com\/fr\/wp-json\/wp\/v2\/media?parent=12339"}],"wp:term":[{"taxonomy":"product_brand","embeddable":true,"href":"https:\/\/dynnox.com\/fr\/wp-json\/wp\/v2\/product_brand?post=12339"},{"taxonomy":"product_cat","embeddable":true,"href":"https:\/\/dynnox.com\/fr\/wp-json\/wp\/v2\/product_cat?post=12339"},{"taxonomy":"product_tag","embeddable":true,"href":"https:\/\/dynnox.com\/fr\/wp-json\/wp\/v2\/product_tag?post=12339"}],"curies":[{"name":"wp","href":"https:\/\/api.w.org\/{rel}","templated":true}]}}