{"id":13808,"date":"2021-12-27T20:34:55","date_gmt":"2021-12-27T20:34:55","guid":{"rendered":"https:\/\/dynnox.com\/assistenza-e-garanzia\/"},"modified":"2024-03-28T20:32:33","modified_gmt":"2024-03-28T20:32:33","slug":"assistenza-e-garanzia","status":"publish","type":"page","link":"https:\/\/dynnox.com\/it\/assistenza-e-garanzia\/","title":{"rendered":"Assistenza e garanzia"},"content":{"rendered":"<p><div class=\"fusion-fullwidth fullwidth-box fusion-builder-row-1 fusion-flex-container has-pattern-background has-mask-background nonhundred-percent-fullwidth non-hundred-percent-height-scrolling\" style=\"--awb-border-radius-top-left:0px;--awb-border-radius-top-right:0px;--awb-border-radius-bottom-right:0px;--awb-border-radius-bottom-left:0px;--awb-margin-top:-10px;--awb-flex-wrap:wrap;\" ><div class=\"fusion-builder-row fusion-row fusion-flex-align-items-flex-start fusion-flex-content-wrap\" style=\"max-width:1456px;margin-left: calc(-4% \/ 2 );margin-right: calc(-4% \/ 2 );\"><div class=\"fusion-layout-column fusion_builder_column fusion-builder-column-0 fusion_builder_column_1_2 1_2 fusion-flex-column fusion-flex-align-self-flex-start\" style=\"--awb-bg-size:cover;--awb-width-large:50%;--awb-margin-top-large:0px;--awb-spacing-right-large:3.84%;--awb-margin-bottom-large:20px;--awb-spacing-left-large:3.84%;--awb-width-medium:50%;--awb-order-medium:0;--awb-spacing-right-medium:3.84%;--awb-spacing-left-medium:3.84%;--awb-width-small:100%;--awb-order-small:0;--awb-spacing-right-small:1.92%;--awb-spacing-left-small:1.92%;\" data-scroll-devices=\"small-visibility,medium-visibility,large-visibility\"><div class=\"fusion-column-wrapper fusion-column-has-shadow fusion-flex-justify-content-flex-start fusion-content-layout-column\"><div class=\"fusion-text fusion-text-1\" style=\"--awb-text-transform:none;--awb-margin-top:-15px;\"><h1 class=\"h2 page-title\">Assistenza e garanzia<\/h1>\n<\/div><div class=\"fusion-text fusion-text-2\" style=\"--awb-text-transform:none;--awb-margin-top:10px;\"><p class=\"h2 page-title\"><span style=\"font-size: 16px;\">Con Dynnox si acquista un prodotto durevole, realizzato con materiali di alta qualit\u00e0. Se il vostro Dynnox dovesse necessitare di manutenzione, saremo immediatamente a vostra disposizione con il nostro servizio di assistenza e garanzia.<\/span><\/p>\n<div class=\"wpb_text_column wpb_content_element \">\n<h2 class=\"wpb_wrapper\">Servizio<\/h2>\n<p class=\"wpb_wrapper\">Qualit\u00e0 significa anche assistenza professionale. Per questo motivo siamo pronti, insieme ai nostri rivenditori, a garantire che possiate utilizzare il vostro Dynnox a lungo e con piacere.Dynnox fornisce rapidamente pezzi di ricambio che possono anche essere montati facilmente e immediatamente.&nbsp;Per gli accessori e\/o le personalizzazioni, potete contare su una risposta rapida e un approccio professionale da parte di Dynnox e dei nostri rivenditori.<\/p>\n<\/div>\n<\/div><div class=\"fusion-text fusion-text-3\" style=\"--awb-text-transform:none;\"><h2>Garanzia<\/h2>\n<\/div><div class=\"fusion-text fusion-text-4\" style=\"--awb-text-transform:none;--awb-margin-top:10px;\"><p>Tutti i prodotti Dynnox hanno una garanzia standard di un anno. Questo vale per tutte le parti, a condizione che&nbsp;Dynnox sia montato e utilizzato correttamente.<\/p>\n<div class=\"wpb_text_column wpb_content_element \">\n<div class=\"wpb_wrapper\">\n<h4>&nbsp;<\/h4>\n<\/div>\n<\/div>\n<\/div><\/div><\/div><div class=\"fusion-layout-column fusion_builder_column fusion-builder-column-1 fusion_builder_column_1_2 1_2 fusion-flex-column fusion-flex-align-self-flex-start\" style=\"--awb-bg-size:cover;--awb-width-large:50%;--awb-margin-top-large:50px;--awb-spacing-right-large:3.84%;--awb-margin-bottom-large:20px;--awb-spacing-left-large:3.84%;--awb-width-medium:50%;--awb-order-medium:0;--awb-spacing-right-medium:3.84%;--awb-spacing-left-medium:3.84%;--awb-width-small:100%;--awb-order-small:0;--awb-spacing-right-small:1.92%;--awb-spacing-left-small:1.92%;\" data-scroll-devices=\"small-visibility,medium-visibility,large-visibility\"><div class=\"fusion-column-wrapper fusion-column-has-shadow fusion-flex-justify-content-flex-start fusion-content-layout-column\"><div class=\"fusion-image-element \" style=\"text-align:center;--awb-max-width:500px;--awb-caption-title-font-family:var(--h2_typography-font-family);--awb-caption-title-font-weight:var(--h2_typography-font-weight);--awb-caption-title-font-style:var(--h2_typography-font-style);--awb-caption-title-size:var(--h2_typography-font-size);--awb-caption-title-transform:var(--h2_typography-text-transform);--awb-caption-title-line-height:var(--h2_typography-line-height);--awb-caption-title-letter-spacing:var(--h2_typography-letter-spacing);\"><span class=\" fusion-imageframe imageframe-dropshadow imageframe-1 hover-type-none\" style=\"-webkit-box-shadow: 11px 11px 15px rgba(0,0,0,0.3);box-shadow: 11px 11px 15px rgba(0,0,0,0.3);\"><img decoding=\"async\" width=\"906\" height=\"523\" alt=\"winst\n\" title=\"Afbeelding 2 04-2023\" src=\"http:\/\/dynnox.com\/wp-content\/uploads\/2023\/04\/Afbeelding-2-04-2023.jpg\" class=\"img-responsive wp-image-11072\" srcset=\"https:\/\/dynnox.com\/wp-content\/uploads\/2023\/04\/Afbeelding-2-04-2023-200x115.jpg 200w, https:\/\/dynnox.com\/wp-content\/uploads\/2023\/04\/Afbeelding-2-04-2023-400x231.jpg 400w, https:\/\/dynnox.com\/wp-content\/uploads\/2023\/04\/Afbeelding-2-04-2023-600x346.jpg 600w, https:\/\/dynnox.com\/wp-content\/uploads\/2023\/04\/Afbeelding-2-04-2023-800x462.jpg 800w, https:\/\/dynnox.com\/wp-content\/uploads\/2023\/04\/Afbeelding-2-04-2023.jpg 906w\" sizes=\"(max-width: 640px) 100vw, 800px\" \/><\/span><\/div><\/div><\/div><\/div><\/div><div class=\"fusion-fullwidth fullwidth-box fusion-builder-row-2 fusion-flex-container nonhundred-percent-fullwidth non-hundred-percent-height-scrolling\" style=\"--awb-border-radius-top-left:0px;--awb-border-radius-top-right:0px;--awb-border-radius-bottom-right:0px;--awb-border-radius-bottom-left:0px;--awb-padding-top:50px;--awb-padding-bottom:50px;--awb-flex-wrap:wrap;\" ><div class=\"fusion-builder-row fusion-row fusion-flex-align-items-flex-start fusion-flex-content-wrap\" style=\"max-width:1456px;margin-left: calc(-4% \/ 2 );margin-right: calc(-4% \/ 2 );\"><div class=\"fusion-layout-column fusion_builder_column fusion-builder-column-2 fusion_builder_column_1_1 1_1 fusion-flex-column\" style=\"--awb-padding-top:20px;--awb-padding-right:20px;--awb-padding-bottom:20px;--awb-padding-left:20px;--awb-bg-color:#dbdbdb;--awb-bg-color-hover:#dbdbdb;--awb-bg-size:cover;--awb-box-shadow:5px 5px 4px 0px #8e8e8e;;--awb-border-color:#a3a3a3;--awb-border-style:solid;--awb-width-large:100%;--awb-margin-top-large:0px;--awb-spacing-right-large:1.92%;--awb-margin-bottom-large:20px;--awb-spacing-left-large:1.92%;--awb-width-medium:100%;--awb-order-medium:0;--awb-spacing-right-medium:1.92%;--awb-spacing-left-medium:1.92%;--awb-width-small:100%;--awb-order-small:0;--awb-spacing-right-small:1.92%;--awb-spacing-left-small:1.92%;\"><div class=\"fusion-column-wrapper fusion-column-has-shadow fusion-flex-justify-content-flex-start fusion-content-layout-column\"><div class=\"fusion-builder-row fusion-builder-row-inner fusion-row fusion-flex-align-items-flex-start fusion-flex-content-wrap\" style=\"--awb-flex-grow:0;--awb-flex-grow-medium:0;--awb-flex-grow-small:0;--awb-flex-shrink:0;--awb-flex-shrink-medium:0;--awb-flex-shrink-small:0;width:104% !important;max-width:104% !important;margin-left: calc(-4% \/ 2 );margin-right: calc(-4% \/ 2 );\"><div class=\"fusion-layout-column fusion_builder_column_inner fusion-builder-nested-column-0 fusion_builder_column_inner_1_3 1_3 fusion-flex-column\" style=\"--awb-bg-size:cover;--awb-width-large:33.333333333333%;--awb-margin-top-large:0px;--awb-spacing-right-large:5.76%;--awb-margin-bottom-large:20px;--awb-spacing-left-large:5.76%;--awb-width-medium:33.333333333333%;--awb-order-medium:0;--awb-spacing-right-medium:5.76%;--awb-spacing-left-medium:5.76%;--awb-width-small:100%;--awb-order-small:0;--awb-spacing-right-small:1.92%;--awb-spacing-left-small:1.92%;\"><div class=\"fusion-column-wrapper fusion-column-has-shadow fusion-flex-justify-content-flex-start fusion-content-layout-column\"><div class=\"fusion-image-element \" style=\"--awb-max-width:200px;--awb-caption-title-font-family:var(--h2_typography-font-family);--awb-caption-title-font-weight:var(--h2_typography-font-weight);--awb-caption-title-font-style:var(--h2_typography-font-style);--awb-caption-title-size:var(--h2_typography-font-size);--awb-caption-title-transform:var(--h2_typography-text-transform);--awb-caption-title-line-height:var(--h2_typography-line-height);--awb-caption-title-letter-spacing:var(--h2_typography-letter-spacing);\"><span class=\" fusion-imageframe imageframe-dropshadow imageframe-2 hover-type-none\" style=\"-webkit-box-shadow: 3px 3px 7px rgba(0,0,0,0.3);box-shadow: 3px 3px 7px rgba(0,0,0,0.3);\"><img decoding=\"async\" width=\"568\" height=\"809\" alt=\"\nBedrijfswageninrichting voor Smart Repair\" title=\"Dynnox folder\" src=\"http:\/\/dynnox.com\/wp-content\/uploads\/2021\/12\/Dynnox-folder.png\" class=\"img-responsive wp-image-9527\" srcset=\"https:\/\/dynnox.com\/wp-content\/uploads\/2021\/12\/Dynnox-folder-200x285.png 200w, https:\/\/dynnox.com\/wp-content\/uploads\/2021\/12\/Dynnox-folder-400x570.png 400w, https:\/\/dynnox.com\/wp-content\/uploads\/2021\/12\/Dynnox-folder.png 568w\" sizes=\"(max-width: 640px) 100vw, 568px\" \/><\/span><\/div><\/div><\/div><div class=\"fusion-layout-column fusion_builder_column_inner fusion-builder-nested-column-1 fusion_builder_column_inner_2_3 2_3 fusion-flex-column\" style=\"--awb-bg-size:cover;--awb-width-large:66.666666666667%;--awb-margin-top-large:0px;--awb-spacing-right-large:2.88%;--awb-margin-bottom-large:20px;--awb-spacing-left-large:2.88%;--awb-width-medium:66.666666666667%;--awb-order-medium:0;--awb-spacing-right-medium:2.88%;--awb-spacing-left-medium:2.88%;--awb-width-small:100%;--awb-order-small:0;--awb-spacing-right-small:1.92%;--awb-spacing-left-small:1.92%;\"><div class=\"fusion-column-wrapper fusion-column-has-shadow fusion-flex-justify-content-flex-start fusion-content-layout-column\"><div class=\"fusion-text fusion-text-5\" style=\"--awb-text-transform:none;\"><header class=\"vc_cta3-content-header\">\n<h3>VUOI SAPERNE DI PI\u00d9 SU DYNNOX?<\/h3>\n<\/header>\n<p>Dynnox \u00e8 un sistema unico di carico, scarico e trasporto per veicoli commerciali. Con diversi modelli e vari moduli aggiuntivi, \u00e8 possibile creare un carrello portautensili personalizzato per ogni settore e ogni veicolo commerciale. Il sistema di trasporto Dynnox \u00e8 sicuro, rispettoso della salute e della sicurezza e consente di risparmiare tempo.<\/p>\n<p>Richiedi la nostra brochure senza impegno o&nbsp;<a href=\"https:\/\/dynnox.nl\/contact\/\">contattaci<\/a>&nbsp;!<\/p>\n<div class='_form_3'><\/div><script type='text\/javascript' src='https:\/\/dynnox.activehosted.com\/f\/embed.php?static=0&id=3&69F70B8540BC1&nostyles=0&preview=0'><\/script>\n<\/div><\/div><\/div><\/div><\/div><\/div><\/div><\/div><div class=\"fusion-fullwidth fullwidth-box fusion-builder-row-3 fusion-flex-container has-pattern-background has-mask-background nonhundred-percent-fullwidth non-hundred-percent-height-scrolling fusion-no-small-visibility\" style=\"--awb-border-radius-top-left:0px;--awb-border-radius-top-right:0px;--awb-border-radius-bottom-right:0px;--awb-border-radius-bottom-left:0px;--awb-flex-wrap:wrap;\" ><div class=\"fusion-builder-row fusion-row fusion-flex-align-items-flex-start fusion-flex-content-wrap\" style=\"max-width:1456px;margin-left: calc(-4% \/ 2 );margin-right: calc(-4% \/ 2 );\"><div class=\"fusion-layout-column fusion_builder_column fusion-builder-column-3 fusion_builder_column_3_4 3_4 fusion-flex-column fusion-no-small-visibility\" style=\"--awb-padding-top:0.40px;--awb-bg-size:cover;--awb-width-large:75%;--awb-margin-top-large:0px;--awb-spacing-right-large:2.56%;--awb-margin-bottom-large:20px;--awb-spacing-left-large:2.56%;--awb-width-medium:75%;--awb-order-medium:0;--awb-spacing-right-medium:2.56%;--awb-spacing-left-medium:2.56%;--awb-width-small:100%;--awb-order-small:0;--awb-spacing-right-small:1.92%;--awb-spacing-left-small:1.92%;\" data-scroll-devices=\"small-visibility,medium-visibility,large-visibility\"><div class=\"fusion-column-wrapper fusion-column-has-shadow fusion-flex-justify-content-flex-start fusion-content-layout-column\"><div class=\"fusion-text fusion-text-6\" style=\"--awb-text-transform:none;--awb-margin-top:6px;\"><h2><strong>Maggiori informazioni su Dynnox?<\/strong><\/h2>\n<p>Desideri maggiori informazioni sul sistema di trasporto Dynnox?&nbsp;<strong><a href=\"https:\/\/dynnox.com\/it\/contact\/\">Contatta<\/a><\/strong>&nbsp;noi o uno dei nostri&nbsp;<a href=\"https:\/\/dynnox.com\/dealer-locaties\/\"><strong>rivenditori autorizzati<\/strong><\/a>&nbsp;in Italia e all\u2019estero. Wij laten u graag alle mogelijkheden van onze mobiele bedrijfswageninrichting zien!<\/p>\n<p>Inoltre, Dynnox \u00e8 sempre alla ricerca di collaborazioni con nuovi partner per offrire ai nostri clienti ancora pi\u00f9 opzioni per le apparecchiature dei veicoli commerciali. Intravedi delle possibilit\u00e0 di collaborazione? Faccelo sapere!<\/p>\n<\/div><\/div><\/div><div class=\"fusion-layout-column fusion_builder_column fusion-builder-column-4 fusion_builder_column_1_4 1_4 fusion-flex-column fusion-no-small-visibility\" style=\"--awb-bg-size:cover;--awb-width-large:25%;--awb-margin-top-large:0px;--awb-spacing-right-large:7.68%;--awb-margin-bottom-large:20px;--awb-spacing-left-large:02px;--awb-width-medium:25%;--awb-order-medium:0;--awb-spacing-right-medium:7.68%;--awb-spacing-left-medium:02px;--awb-width-small:100%;--awb-order-small:0;--awb-spacing-right-small:1.92%;--awb-spacing-left-small:1.92%;\" data-scroll-devices=\"small-visibility,medium-visibility,large-visibility\"><div class=\"fusion-column-wrapper fusion-column-has-shadow fusion-flex-justify-content-flex-start fusion-content-layout-column\"><div class=\"fusion-text fusion-text-7\"><p>&nbsp; &nbsp;&nbsp;<\/p>\n<\/div><ul style=\"--awb-item-padding-top:-10px;--awb-item-padding-bottom:0px;--awb-item-padding-left:20px;--awb-iconcolor:#84bf41;--awb-textcolor:var(--awb-custom16);--awb-line-height:30.6px;--awb-icon-width:30.6px;--awb-icon-height:30.6px;--awb-icon-margin:12.6px;--awb-content-margin:43.2px;--awb-circlecolor:var(--awb-color1);--awb-circle-yes-font-size:15.84px;\" class=\"fusion-checklist fusion-checklist-1 type-icons\"><li class=\"fusion-li-item\" style=\"\"><span class=\"icon-wrapper circle-yes\"><i class=\"fusion-li-icon fa-check fas\" aria-hidden=\"true\"><\/i><\/span><div class=\"fusion-li-item-content\">\n<p>Unit\u00e0 di lavoro mobile completa<\/p>\n<\/div><\/li><li class=\"fusion-li-item\" style=\"\"><span class=\"icon-wrapper circle-yes\"><i class=\"fusion-li-icon fa-check fas\" aria-hidden=\"true\"><\/i><\/span><div class=\"fusion-li-item-content\">\n<p>Pieghevole<\/p>\n<\/div><\/li><li class=\"fusion-li-item\" style=\"\"><span class=\"icon-wrapper circle-yes\"><i class=\"fusion-li-icon fa-check fas\" aria-hidden=\"true\"><\/i><\/span><div class=\"fusion-li-item-content\">\n<p>Modulo a seconda delle esigenze<\/p>\n<\/div><\/li><li class=\"fusion-li-item\" style=\"\"><span class=\"icon-wrapper circle-yes\"><i class=\"fusion-li-icon fa-check fas\" aria-hidden=\"true\"><\/i><\/span><div class=\"fusion-li-item-content\">\n<p>Ottimo rapporto qualit\u00e0\/prezzo<\/p>\n<\/div><\/li><\/ul><\/div><\/div><\/div><\/div>\n<div class=\"fusion-fullwidth fullwidth-box fusion-builder-row-4 fusion-flex-container nonhundred-percent-fullwidth non-hundred-percent-height-scrolling\" style=\"--awb-border-radius-top-left:0px;--awb-border-radius-top-right:0px;--awb-border-radius-bottom-right:0px;--awb-border-radius-bottom-left:0px;--awb-background-color:#6dab3c;--awb-flex-wrap:wrap;\" ><div class=\"fusion-builder-row fusion-row fusion-flex-align-items-flex-start fusion-flex-content-wrap\" style=\"max-width:1456px;margin-left: calc(-4% \/ 2 );margin-right: calc(-4% \/ 2 );\"><div class=\"fusion-layout-column fusion_builder_column fusion-builder-column-5 fusion_builder_column_1_1 1_1 fusion-flex-column\" style=\"--awb-bg-size:cover;--awb-width-large:100%;--awb-margin-top-large:0px;--awb-spacing-right-large:1.92%;--awb-margin-bottom-large:20px;--awb-spacing-left-large:1.92%;--awb-width-medium:100%;--awb-order-medium:0;--awb-spacing-right-medium:1.92%;--awb-spacing-left-medium:1.92%;--awb-width-small:100%;--awb-order-small:0;--awb-spacing-right-small:1.92%;--awb-spacing-left-small:1.92%;\"><div class=\"fusion-column-wrapper fusion-column-has-shadow fusion-flex-justify-content-flex-start fusion-content-layout-column\"><div class=\"fusion-text fusion-text-8\" style=\"--awb-text-transform:none;\"><h4 style=\"text-align: center;\"><span style=\"color: #ffffff;\">DI PI\u00d9 SU DYNNOX?<\/span><\/h4>\n<p style=\"text-align: center;\"><span style=\"color: #ffffff;\">Desiderate maggiori informazioni sul sistema di trasporto Dynnox? Neem <a style=\"color: #ffffff;\" href=\"https:\/\/dynnox.com\/contact\/\">contact op<\/a> met ons of een van onze <a style=\"color: #ffffff;\" href=\"https:\/\/dynnox.com\/dealers\/\">erkende dealers<\/a> in Nederland en Belgi\u00eb. Saremo lieti di mostrarvi tutte le possibilit\u00e0 delle nostre apparecchiature mobili di bordo!<\/span><\/p>\n<p style=\"text-align: center;\"><span style=\"color: #ffffff;\">Inoltre, Dynnox \u00e8 sempre alla ricerca di collaborazioni con nuovi partner per offrire ai nostri clienti ancora pi\u00f9 opzioni per le apparecchiature di bordo pi\u00f9 adatte. Vedete delle opportunit\u00e0? Fateci sapere!<\/span><\/p>\n<\/div><\/div><\/div><\/div><\/div><\/p>\n","protected":false},"excerpt":{"rendered":"","protected":false},"author":1,"featured_media":0,"parent":0,"menu_order":0,"comment_status":"closed","ping_status":"closed","template":"100-width.php","meta":{"ngg_post_thumbnail":0,"footnotes":""},"class_list":["post-13808","page","type-page","status-publish","hentry"],"yoast_head":"<!-- This site is optimized with the Yoast SEO plugin v27.4 - https:\/\/yoast.com\/product\/yoast-seo-wordpress\/ -->\n<title>Assistenza e garanzia - Dynnox<\/title>\n<meta name=\"robots\" content=\"index, follow, max-snippet:-1, max-image-preview:large, max-video-preview:-1\" \/>\n<link rel=\"canonical\" href=\"https:\/\/dynnox.com\/it\/assistenza-e-garanzia\/\" \/>\n<meta property=\"og:locale\" content=\"it_IT\" \/>\n<meta property=\"og:type\" content=\"article\" \/>\n<meta property=\"og:title\" content=\"Assistenza e garanzia - Dynnox\" \/>\n<meta property=\"og:url\" content=\"https:\/\/dynnox.com\/it\/assistenza-e-garanzia\/\" \/>\n<meta property=\"og:site_name\" content=\"Dynnox\" \/>\n<meta property=\"article:publisher\" content=\"https:\/\/facebook.com\/dynnox\" \/>\n<meta property=\"article:modified_time\" content=\"2024-03-28T20:32:33+00:00\" \/>\n<meta name=\"twitter:card\" content=\"summary_large_image\" \/>\n<meta name=\"twitter:site\" content=\"@dynnox\" \/>\n<meta name=\"twitter:label1\" content=\"Tempo di lettura stimato\" \/>\n\t<meta name=\"twitter:data1\" content=\"23 minuti\" \/>\n<script type=\"application\/ld+json\" class=\"yoast-schema-graph\">{\"@context\":\"https:\\\/\\\/schema.org\",\"@graph\":[{\"@type\":\"WebPage\",\"@id\":\"https:\\\/\\\/dynnox.com\\\/it\\\/assistenza-e-garanzia\\\/\",\"url\":\"https:\\\/\\\/dynnox.com\\\/it\\\/assistenza-e-garanzia\\\/\",\"name\":\"Assistenza e garanzia - Dynnox\",\"isPartOf\":{\"@id\":\"https:\\\/\\\/dynnox.com\\\/it\\\/#website\"},\"datePublished\":\"2021-12-27T20:34:55+00:00\",\"dateModified\":\"2024-03-28T20:32:33+00:00\",\"breadcrumb\":{\"@id\":\"https:\\\/\\\/dynnox.com\\\/it\\\/assistenza-e-garanzia\\\/#breadcrumb\"},\"inLanguage\":\"it-IT\",\"potentialAction\":[{\"@type\":\"ReadAction\",\"target\":[\"https:\\\/\\\/dynnox.com\\\/it\\\/assistenza-e-garanzia\\\/\"]}]},{\"@type\":\"BreadcrumbList\",\"@id\":\"https:\\\/\\\/dynnox.com\\\/it\\\/assistenza-e-garanzia\\\/#breadcrumb\",\"itemListElement\":[{\"@type\":\"ListItem\",\"position\":1,\"name\":\"Home\",\"item\":\"https:\\\/\\\/dynnox.com\\\/it\\\/\"},{\"@type\":\"ListItem\",\"position\":2,\"name\":\"Assistenza e garanzia\"}]},{\"@type\":\"WebSite\",\"@id\":\"https:\\\/\\\/dynnox.com\\\/it\\\/#website\",\"url\":\"https:\\\/\\\/dynnox.com\\\/it\\\/\",\"name\":\"Dynnox\",\"description\":\"smart trolley, easy (un)loading\",\"publisher\":{\"@id\":\"https:\\\/\\\/dynnox.com\\\/it\\\/#organization\"},\"potentialAction\":[{\"@type\":\"SearchAction\",\"target\":{\"@type\":\"EntryPoint\",\"urlTemplate\":\"https:\\\/\\\/dynnox.com\\\/it\\\/?s={search_term_string}\"},\"query-input\":{\"@type\":\"PropertyValueSpecification\",\"valueRequired\":true,\"valueName\":\"search_term_string\"}}],\"inLanguage\":\"it-IT\"},{\"@type\":\"Organization\",\"@id\":\"https:\\\/\\\/dynnox.com\\\/it\\\/#organization\",\"name\":\"Dynnox\",\"url\":\"https:\\\/\\\/dynnox.com\\\/it\\\/\",\"logo\":{\"@type\":\"ImageObject\",\"inLanguage\":\"it-IT\",\"@id\":\"https:\\\/\\\/dynnox.com\\\/it\\\/#\\\/schema\\\/logo\\\/image\\\/\",\"url\":\"http:\\\/\\\/dynnox.com\\\/wp-content\\\/uploads\\\/2022\\\/01\\\/dynnox_logo_witte_achtergrond.png\",\"contentUrl\":\"http:\\\/\\\/dynnox.com\\\/wp-content\\\/uploads\\\/2022\\\/01\\\/dynnox_logo_witte_achtergrond.png\",\"width\":1077,\"height\":183,\"caption\":\"Dynnox\"},\"image\":{\"@id\":\"https:\\\/\\\/dynnox.com\\\/it\\\/#\\\/schema\\\/logo\\\/image\\\/\"},\"sameAs\":[\"https:\\\/\\\/facebook.com\\\/dynnox\",\"https:\\\/\\\/x.com\\\/dynnox\",\"https:\\\/\\\/www.linkedin.com\\\/company\\\/dynnox\\\/\",\"https:\\\/\\\/www.youtube.com\\\/channel\\\/UCtQYDhnSicXD2jFkBsLzblg\"]}]}<\/script>\n<!-- \/ Yoast SEO plugin. -->","yoast_head_json":{"title":"Assistenza e garanzia - Dynnox","robots":{"index":"index","follow":"follow","max-snippet":"max-snippet:-1","max-image-preview":"max-image-preview:large","max-video-preview":"max-video-preview:-1"},"canonical":"https:\/\/dynnox.com\/it\/assistenza-e-garanzia\/","og_locale":"it_IT","og_type":"article","og_title":"Assistenza e garanzia - Dynnox","og_url":"https:\/\/dynnox.com\/it\/assistenza-e-garanzia\/","og_site_name":"Dynnox","article_publisher":"https:\/\/facebook.com\/dynnox","article_modified_time":"2024-03-28T20:32:33+00:00","twitter_card":"summary_large_image","twitter_site":"@dynnox","twitter_misc":{"Tempo di lettura stimato":"23 minuti"},"schema":{"@context":"https:\/\/schema.org","@graph":[{"@type":"WebPage","@id":"https:\/\/dynnox.com\/it\/assistenza-e-garanzia\/","url":"https:\/\/dynnox.com\/it\/assistenza-e-garanzia\/","name":"Assistenza e garanzia - Dynnox","isPartOf":{"@id":"https:\/\/dynnox.com\/it\/#website"},"datePublished":"2021-12-27T20:34:55+00:00","dateModified":"2024-03-28T20:32:33+00:00","breadcrumb":{"@id":"https:\/\/dynnox.com\/it\/assistenza-e-garanzia\/#breadcrumb"},"inLanguage":"it-IT","potentialAction":[{"@type":"ReadAction","target":["https:\/\/dynnox.com\/it\/assistenza-e-garanzia\/"]}]},{"@type":"BreadcrumbList","@id":"https:\/\/dynnox.com\/it\/assistenza-e-garanzia\/#breadcrumb","itemListElement":[{"@type":"ListItem","position":1,"name":"Home","item":"https:\/\/dynnox.com\/it\/"},{"@type":"ListItem","position":2,"name":"Assistenza e garanzia"}]},{"@type":"WebSite","@id":"https:\/\/dynnox.com\/it\/#website","url":"https:\/\/dynnox.com\/it\/","name":"Dynnox","description":"smart trolley, easy (un)loading","publisher":{"@id":"https:\/\/dynnox.com\/it\/#organization"},"potentialAction":[{"@type":"SearchAction","target":{"@type":"EntryPoint","urlTemplate":"https:\/\/dynnox.com\/it\/?s={search_term_string}"},"query-input":{"@type":"PropertyValueSpecification","valueRequired":true,"valueName":"search_term_string"}}],"inLanguage":"it-IT"},{"@type":"Organization","@id":"https:\/\/dynnox.com\/it\/#organization","name":"Dynnox","url":"https:\/\/dynnox.com\/it\/","logo":{"@type":"ImageObject","inLanguage":"it-IT","@id":"https:\/\/dynnox.com\/it\/#\/schema\/logo\/image\/","url":"http:\/\/dynnox.com\/wp-content\/uploads\/2022\/01\/dynnox_logo_witte_achtergrond.png","contentUrl":"http:\/\/dynnox.com\/wp-content\/uploads\/2022\/01\/dynnox_logo_witte_achtergrond.png","width":1077,"height":183,"caption":"Dynnox"},"image":{"@id":"https:\/\/dynnox.com\/it\/#\/schema\/logo\/image\/"},"sameAs":["https:\/\/facebook.com\/dynnox","https:\/\/x.com\/dynnox","https:\/\/www.linkedin.com\/company\/dynnox\/","https:\/\/www.youtube.com\/channel\/UCtQYDhnSicXD2jFkBsLzblg"]}]}},"_links":{"self":[{"href":"https:\/\/dynnox.com\/it\/wp-json\/wp\/v2\/pages\/13808","targetHints":{"allow":["GET"]}}],"collection":[{"href":"https:\/\/dynnox.com\/it\/wp-json\/wp\/v2\/pages"}],"about":[{"href":"https:\/\/dynnox.com\/it\/wp-json\/wp\/v2\/types\/page"}],"author":[{"embeddable":true,"href":"https:\/\/dynnox.com\/it\/wp-json\/wp\/v2\/users\/1"}],"replies":[{"embeddable":true,"href":"https:\/\/dynnox.com\/it\/wp-json\/wp\/v2\/comments?post=13808"}],"version-history":[{"count":0,"href":"https:\/\/dynnox.com\/it\/wp-json\/wp\/v2\/pages\/13808\/revisions"}],"wp:attachment":[{"href":"https:\/\/dynnox.com\/it\/wp-json\/wp\/v2\/media?parent=13808"}],"curies":[{"name":"wp","href":"https:\/\/api.w.org\/{rel}","templated":true}]}}